{"id":4082,"date":"2022-08-21T17:08:03","date_gmt":"2022-08-21T10:08:03","guid":{"rendered":"https:\/\/chuparty.vn\/?post_type=product&#038;p=4082"},"modified":"2024-10-21T14:54:50","modified_gmt":"2024-10-21T07:54:50","slug":"day-chu-vai-ni-halppy-halloween-den","status":"publish","type":"product","link":"https:\/\/chuparty.vn\/?product=day-chu-vai-ni-halppy-halloween-den","title":{"rendered":"D\u00c2Y CH\u1eee V\u1ea2I HAPPY HALLOWEEN \u0110EN"},"content":{"rendered":"<p><strong>Chi ti\u1ebft s\u1ea3n ph\u1ea9m:<\/strong><\/p>\n<ul>\n<li>K\u00edch th\u01b0\u1edbc: ch\u1eef cao 10cm, d\u00e0i d\u00e2y 2,5m<\/li>\n<li>Ch\u1ea5t li\u1ec7u: v\u1ea3i n\u1ec9<\/li>\n<li>M\u00e0u s\u1eafc: \u0111en<\/li>\n<li>Qui c\u00e1ch \u0111\u00f3ng g\u00f3i: 13 ch\u1eef + 2 icon b\u00ed ng\u00f4 cam \/t\u00fai<\/li>\n<\/ul>\n","protected":false},"excerpt":{"rendered":"<p>Chi ti\u1ebft s\u1ea3n ph\u1ea9m: K\u00edch th\u01b0\u1edbc: ch\u1eef cao 10cm, d\u00e0i d\u00e2y 2,5m Ch\u1ea5t li\u1ec7u: v\u1ea3i n\u1ec9 M\u00e0u s\u1eafc: \u0111en Qui c\u00e1ch \u0111\u00f3ng g\u00f3i: 13 ch\u1eef + 2 icon b\u00ed ng\u00f4 cam \/t\u00fai<\/p>\n","protected":false},"featured_media":7085,"comment_status":"open","ping_status":"closed","template":"","meta":[],"product_cat":[324,460],"product_tag":[41,149],"class_list":{"0":"post-4082","1":"product","2":"type-product","3":"status-publish","4":"has-post-thumbnail","6":"product_cat-halloween","7":"product_cat-phu-kien-halloween","8":"product_tag-banner","9":"product_tag-halloween","11":"first","12":"instock","13":"shipping-taxable","14":"purchasable","15":"product-type-simple"},"_links":{"self":[{"href":"https:\/\/chuparty.vn\/index.php?rest_route=\/wp\/v2\/product\/4082","targetHints":{"allow":["GET"]}}],"collection":[{"href":"https:\/\/chuparty.vn\/index.php?rest_route=\/wp\/v2\/product"}],"about":[{"href":"https:\/\/chuparty.vn\/index.php?rest_route=\/wp\/v2\/types\/product"}],"replies":[{"embeddable":true,"href":"https:\/\/chuparty.vn\/index.php?rest_route=%2Fwp%2Fv2%2Fcomments&post=4082"}],"wp:featuredmedia":[{"embeddable":true,"href":"https:\/\/chuparty.vn\/index.php?rest_route=\/wp\/v2\/media\/7085"}],"wp:attachment":[{"href":"https:\/\/chuparty.vn\/index.php?rest_route=%2Fwp%2Fv2%2Fmedia&parent=4082"}],"wp:term":[{"taxonomy":"product_cat","embeddable":true,"href":"https:\/\/chuparty.vn\/index.php?rest_route=%2Fwp%2Fv2%2Fproduct_cat&post=4082"},{"taxonomy":"product_tag","embeddable":true,"href":"https:\/\/chuparty.vn\/index.php?rest_route=%2Fwp%2Fv2%2Fproduct_tag&post=4082"}],"curies":[{"name":"wp","href":"https:\/\/api.w.org\/{rel}","templated":true}]}}