{"id":4074,"date":"2022-08-21T16:58:48","date_gmt":"2022-08-21T09:58:48","guid":{"rendered":"https:\/\/chuparty.vn\/?post_type=product&#038;p=4074"},"modified":"2024-09-25T17:19:08","modified_gmt":"2024-09-25T10:19:08","slug":"long-den-cam-bi-ngo","status":"publish","type":"product","link":"https:\/\/chuparty.vn\/?product=long-den-cam-bi-ngo","title":{"rendered":"L\u1ed2NG \u0110\u00c8N TUA RUA CAM HALLOWEEN"},"content":{"rendered":"<p><strong>Chi ti\u1ebft s\u1ea3n ph\u1ea9m:<\/strong><\/p>\n<ul>\n<li>K\u00edch th\u01b0\u1edbc: 20cm gi\u00e1 35,000 v\u00e0 30cm gi\u00e1 40,000<\/li>\n<li>Ch\u1ea5t li\u1ec7u: gi\u1ea5y<\/li>\n<li>M\u00e0u s\u1eafc: cam b\u00ed ng\u00f4<\/li>\n<li>Qui c\u00e1ch \u0111\u00f3ng g\u00f3i: 1 c\u00e1i\/t\u00fai<\/li>\n<\/ul>\n","protected":false},"excerpt":{"rendered":"<p>Chi ti\u1ebft s\u1ea3n ph\u1ea9m: K\u00edch th\u01b0\u1edbc: 20cm gi\u00e1 35,000 v\u00e0 30cm gi\u00e1 40,000 Ch\u1ea5t li\u1ec7u: gi\u1ea5y M\u00e0u s\u1eafc: cam b\u00ed ng\u00f4 Qui c\u00e1ch \u0111\u00f3ng g\u00f3i: 1 c\u00e1i\/t\u00fai<\/p>\n","protected":false},"featured_media":4475,"comment_status":"open","ping_status":"closed","template":"","meta":[],"product_cat":[509,324,352],"product_tag":[149,344],"class_list":{"0":"post-4074","1":"product","2":"type-product","3":"status-publish","4":"has-post-thumbnail","6":"product_cat-den-nen-halloween","7":"product_cat-halloween","8":"product_cat-den-led-light","9":"product_tag-halloween","10":"product_tag-led","12":"first","13":"instock","14":"shipping-taxable","15":"purchasable","16":"product-type-simple"},"_links":{"self":[{"href":"https:\/\/chuparty.vn\/index.php?rest_route=\/wp\/v2\/product\/4074","targetHints":{"allow":["GET"]}}],"collection":[{"href":"https:\/\/chuparty.vn\/index.php?rest_route=\/wp\/v2\/product"}],"about":[{"href":"https:\/\/chuparty.vn\/index.php?rest_route=\/wp\/v2\/types\/product"}],"replies":[{"embeddable":true,"href":"https:\/\/chuparty.vn\/index.php?rest_route=%2Fwp%2Fv2%2Fcomments&post=4074"}],"wp:featuredmedia":[{"embeddable":true,"href":"https:\/\/chuparty.vn\/index.php?rest_route=\/wp\/v2\/media\/4475"}],"wp:attachment":[{"href":"https:\/\/chuparty.vn\/index.php?rest_route=%2Fwp%2Fv2%2Fmedia&parent=4074"}],"wp:term":[{"taxonomy":"product_cat","embeddable":true,"href":"https:\/\/chuparty.vn\/index.php?rest_route=%2Fwp%2Fv2%2Fproduct_cat&post=4074"},{"taxonomy":"product_tag","embeddable":true,"href":"https:\/\/chuparty.vn\/index.php?rest_route=%2Fwp%2Fv2%2Fproduct_tag&post=4074"}],"curies":[{"name":"wp","href":"https:\/\/api.w.org\/{rel}","templated":true}]}}