{"id":4065,"date":"2022-08-21T16:52:29","date_gmt":"2022-08-21T09:52:29","guid":{"rendered":"https:\/\/chuparty.vn\/?post_type=product&#038;p=4065"},"modified":"2024-09-25T17:20:19","modified_gmt":"2024-09-25T10:20:19","slug":"den-led-light-halloween","status":"publish","type":"product","link":"https:\/\/chuparty.vn\/?product=den-led-light-halloween","title":{"rendered":"\u0110\u00c8N LED LIGHT HALLOWEEN"},"content":{"rendered":"<p><strong>Chi ti\u1ebft s\u1ea3n ph\u1ea9m:<\/strong><\/p>\n<ul>\n<li>K\u00edch th\u01b0\u1edbc:\u00a0 2m<\/li>\n<li>Ch\u1ea5t li\u1ec7u: gi\u1ea5y<\/li>\n<li>M\u00e0u s\u1eafc: c\u00f3 3 m\u00e0u: cam, tr\u1eafng\u00a0 v\u00e0 t\u00edm<\/li>\n<li>Qui c\u00e1ch \u0111\u00f3ng g\u00f3i: 10 \u0111\u00e8n \/ d\u00e2y\/h\u1ed9p<\/li>\n<li>S\u1eed d\u1ee5ng pin AA<\/li>\n<\/ul>\n","protected":false},"excerpt":{"rendered":"<p>Chi ti\u1ebft s\u1ea3n ph\u1ea9m: K\u00edch th\u01b0\u1edbc:\u00a0 2m Ch\u1ea5t li\u1ec7u: gi\u1ea5y M\u00e0u s\u1eafc: c\u00f3 3 m\u00e0u: cam, tr\u1eafng\u00a0 v\u00e0 t\u00edm Qui c\u00e1ch \u0111\u00f3ng g\u00f3i: 10 \u0111\u00e8n \/ d\u00e2y\/h\u1ed9p S\u1eed d\u1ee5ng pin AA<\/p>\n","protected":false},"featured_media":4066,"comment_status":"open","ping_status":"closed","template":"","meta":[],"product_cat":[509,324,352],"product_tag":[149,344],"class_list":{"0":"post-4065","1":"product","2":"type-product","3":"status-publish","4":"has-post-thumbnail","6":"product_cat-den-nen-halloween","7":"product_cat-halloween","8":"product_cat-den-led-light","9":"product_tag-halloween","10":"product_tag-led","12":"first","13":"instock","14":"sale","15":"shipping-taxable","16":"purchasable","17":"product-type-simple"},"_links":{"self":[{"href":"https:\/\/chuparty.vn\/index.php?rest_route=\/wp\/v2\/product\/4065","targetHints":{"allow":["GET"]}}],"collection":[{"href":"https:\/\/chuparty.vn\/index.php?rest_route=\/wp\/v2\/product"}],"about":[{"href":"https:\/\/chuparty.vn\/index.php?rest_route=\/wp\/v2\/types\/product"}],"replies":[{"embeddable":true,"href":"https:\/\/chuparty.vn\/index.php?rest_route=%2Fwp%2Fv2%2Fcomments&post=4065"}],"wp:featuredmedia":[{"embeddable":true,"href":"https:\/\/chuparty.vn\/index.php?rest_route=\/wp\/v2\/media\/4066"}],"wp:attachment":[{"href":"https:\/\/chuparty.vn\/index.php?rest_route=%2Fwp%2Fv2%2Fmedia&parent=4065"}],"wp:term":[{"taxonomy":"product_cat","embeddable":true,"href":"https:\/\/chuparty.vn\/index.php?rest_route=%2Fwp%2Fv2%2Fproduct_cat&post=4065"},{"taxonomy":"product_tag","embeddable":true,"href":"https:\/\/chuparty.vn\/index.php?rest_route=%2Fwp%2Fv2%2Fproduct_tag&post=4065"}],"curies":[{"name":"wp","href":"https:\/\/api.w.org\/{rel}","templated":true}]}}