{"id":4061,"date":"2022-08-21T16:41:36","date_gmt":"2022-08-21T09:41:36","guid":{"rendered":"https:\/\/chuparty.vn\/?post_type=product&#038;p=4061"},"modified":"2025-07-30T16:39:01","modified_gmt":"2025-07-30T09:39:01","slug":"bo-bong-happy-halloween-xanh","status":"publish","type":"product","link":"https:\/\/chuparty.vn\/?product=bo-bong-happy-halloween-xanh","title":{"rendered":"B\u1ed8 B\u00d3NG HAPPY HALLOWEEN XANH"},"content":{"rendered":"<p><strong>Chi ti\u1ebft s\u1ea3n ph\u1ea9m:<\/strong><\/p>\n<ul>\n<li>K\u00edch th\u01b0\u1edbc:\u00a0 chi\u1ec1u cao ch\u1eef 35cm<\/li>\n<li>Ch\u1ea5t li\u1ec7u: nh\u00f4m k\u00ednh<\/li>\n<li>M\u00e0u s\u1eafc: \u0111en v\u00e0 cam<\/li>\n<li>Qui c\u00e1ch \u0111\u00f3ng g\u00f3i: 13 b\u00f3ng ch\u1eef \/ t\u00fai.<\/li>\n<\/ul>\n","protected":false},"excerpt":{"rendered":"<p>Chi ti\u1ebft s\u1ea3n ph\u1ea9m: K\u00edch th\u01b0\u1edbc:\u00a0 chi\u1ec1u cao ch\u1eef 35cm Ch\u1ea5t li\u1ec7u: nh\u00f4m k\u00ednh M\u00e0u s\u1eafc: \u0111en v\u00e0 cam Qui c\u00e1ch \u0111\u00f3ng g\u00f3i: 13 b\u00f3ng ch\u1eef \/ t\u00fai.<\/p>\n","protected":false},"featured_media":4062,"comment_status":"open","ping_status":"closed","template":"","meta":[],"product_cat":[324,459],"product_tag":[150,149],"class_list":{"0":"post-4061","1":"product","2":"type-product","3":"status-publish","4":"has-post-thumbnail","6":"product_cat-halloween","7":"product_cat-bong-bong-halloween","8":"product_tag-bong-chu","9":"product_tag-halloween","11":"first","12":"instock","13":"sale","14":"shipping-taxable","15":"purchasable","16":"product-type-simple"},"_links":{"self":[{"href":"https:\/\/chuparty.vn\/index.php?rest_route=\/wp\/v2\/product\/4061","targetHints":{"allow":["GET"]}}],"collection":[{"href":"https:\/\/chuparty.vn\/index.php?rest_route=\/wp\/v2\/product"}],"about":[{"href":"https:\/\/chuparty.vn\/index.php?rest_route=\/wp\/v2\/types\/product"}],"replies":[{"embeddable":true,"href":"https:\/\/chuparty.vn\/index.php?rest_route=%2Fwp%2Fv2%2Fcomments&post=4061"}],"wp:featuredmedia":[{"embeddable":true,"href":"https:\/\/chuparty.vn\/index.php?rest_route=\/wp\/v2\/media\/4062"}],"wp:attachment":[{"href":"https:\/\/chuparty.vn\/index.php?rest_route=%2Fwp%2Fv2%2Fmedia&parent=4061"}],"wp:term":[{"taxonomy":"product_cat","embeddable":true,"href":"https:\/\/chuparty.vn\/index.php?rest_route=%2Fwp%2Fv2%2Fproduct_cat&post=4061"},{"taxonomy":"product_tag","embeddable":true,"href":"https:\/\/chuparty.vn\/index.php?rest_route=%2Fwp%2Fv2%2Fproduct_tag&post=4061"}],"curies":[{"name":"wp","href":"https:\/\/api.w.org\/{rel}","templated":true}]}}