{"id":4019,"date":"2022-08-12T16:44:21","date_gmt":"2022-08-12T09:44:21","guid":{"rendered":"https:\/\/chuparty.vn\/?post_type=product&#038;p=4019"},"modified":"2024-03-23T16:43:39","modified_gmt":"2024-03-23T09:43:39","slug":"day-chu-you-did-it","status":"publish","type":"product","link":"https:\/\/chuparty.vn\/?product=day-chu-you-did-it","title":{"rendered":"D\u00c2Y CH\u1eee YOU DID IT"},"content":{"rendered":"<p><strong>Chi ti\u1ebft s\u1ea3n ph\u1ea9m:<\/strong><\/p>\n<ul>\n<li>K\u00edch th\u01b0\u1edbc : 2m (8 ch\u1eef \u2013 m\u1ed7i ch\u1eef cao 15cm)<\/li>\n<li>Ch\u1ea5t li\u1ec7u: gi\u1ea5y m\u00e0u tr\u1eafng, vi\u1ec1n gold \u00e1nh kim<\/li>\n<li>C\u00e1ch th\u1ee9c \u0111\u00f3ng g\u00f3i: 8 ch\u1eef\/set<\/li>\n<\/ul>\n","protected":false},"excerpt":{"rendered":"<p>Chi ti\u1ebft s\u1ea3n ph\u1ea9m: K\u00edch th\u01b0\u1edbc : 2m (8 ch\u1eef \u2013 m\u1ed7i ch\u1eef cao 15cm) Ch\u1ea5t li\u1ec7u: gi\u1ea5y m\u00e0u tr\u1eafng, vi\u1ec1n gold \u00e1nh kim C\u00e1ch th\u1ee9c \u0111\u00f3ng g\u00f3i: 8 ch\u1eef\/set<\/p>\n","protected":false},"featured_media":4022,"comment_status":"open","ping_status":"closed","template":"","meta":[],"product_cat":[365,48,345],"product_tag":[41,123,353,403],"class_list":{"0":"post-4019","1":"product","2":"type-product","3":"status-publish","4":"has-post-thumbnail","6":"product_cat-graduation","7":"product_cat-day-treo-banner","8":"product_cat-dong-gia-80k","9":"product_tag-banner","10":"product_tag-congratulation","11":"product_tag-graduation","12":"product_tag-you-did-it","14":"first","15":"instock","16":"shipping-taxable","17":"purchasable","18":"product-type-simple"},"_links":{"self":[{"href":"https:\/\/chuparty.vn\/index.php?rest_route=\/wp\/v2\/product\/4019","targetHints":{"allow":["GET"]}}],"collection":[{"href":"https:\/\/chuparty.vn\/index.php?rest_route=\/wp\/v2\/product"}],"about":[{"href":"https:\/\/chuparty.vn\/index.php?rest_route=\/wp\/v2\/types\/product"}],"replies":[{"embeddable":true,"href":"https:\/\/chuparty.vn\/index.php?rest_route=%2Fwp%2Fv2%2Fcomments&post=4019"}],"wp:featuredmedia":[{"embeddable":true,"href":"https:\/\/chuparty.vn\/index.php?rest_route=\/wp\/v2\/media\/4022"}],"wp:attachment":[{"href":"https:\/\/chuparty.vn\/index.php?rest_route=%2Fwp%2Fv2%2Fmedia&parent=4019"}],"wp:term":[{"taxonomy":"product_cat","embeddable":true,"href":"https:\/\/chuparty.vn\/index.php?rest_route=%2Fwp%2Fv2%2Fproduct_cat&post=4019"},{"taxonomy":"product_tag","embeddable":true,"href":"https:\/\/chuparty.vn\/index.php?rest_route=%2Fwp%2Fv2%2Fproduct_tag&post=4019"}],"curies":[{"name":"wp","href":"https:\/\/api.w.org\/{rel}","templated":true}]}}