{"id":3981,"date":"2022-08-12T13:16:07","date_gmt":"2022-08-12T06:16:07","guid":{"rendered":"https:\/\/chuparty.vn\/?post_type=product&#038;p=3981"},"modified":"2025-03-22T14:08:21","modified_gmt":"2025-03-22T07:08:21","slug":"party-kit-mermaid","status":"publish","type":"product","link":"https:\/\/chuparty.vn\/?product=party-kit-mermaid","title":{"rendered":"PARTY KIT &#8211;  LET&#8217;S BE MERMAID"},"content":{"rendered":"<p><strong>Chi ti\u1ebft s\u1ea3n ph\u1ea9m:\u00a0<\/strong>B\u1ed9 trang tr\u00ed sinh nh\u1eadt ch\u1ee7 \u0111\u1ec1 LET&#8217;S BE MERMAID &#8211; N\u00e0ng Ti\u00ean C\u00e1, bao g\u1ed3m:<br \/>\n* Set D\u00e2y Let&#8217;s be mermaid + d\u00e2y h\u00ecnh c\u00e1c sinh v\u1ea1t bi\u1ec3n + d\u00e2y tua rua m\u00e0u h\u1ed3ng, mint * 1<br \/>\n* B\u00f3ng N\u00e0ng Ti\u00ean C\u00e1 * 1<br \/>\n* B\u00f3ng tr\u00f2n in h\u00ecnh N\u00e0ng Ti\u00ean C\u00e1 * 1<span style=\"font-size: 1rem;\"><br \/>\n<\/span>* Mix 12 b\u00f3ng tr\u00f2n ch\u1ee7 \u0111\u1ec1 Ti\u00ean C\u00e1 * 1<br \/>\n* Tr\u1ee5 c\u1eafm b\u00f3ng 7 nh\u00e1nh * 1<br \/>\n(b\u00f3ng giao \u1edf tr\u1ea1ng th\u00e1i ch\u01b0a b\u01a1m, c\u00f3 th\u1ec3 d\u00f9ng b\u01a1m tay ho\u1eb7c b\u01a1m m\u00e1y \u0111\u1ec3 b\u01a1m)<\/p>\n","protected":false},"excerpt":{"rendered":"<p>Chi ti\u1ebft s\u1ea3n ph\u1ea9m:\u00a0B\u1ed9 trang tr\u00ed sinh nh\u1eadt ch\u1ee7 \u0111\u1ec1 LET&#8217;S BE MERMAID &#8211; N\u00e0ng Ti\u00ean C\u00e1, bao g\u1ed3m: * Set D\u00e2y Let&#8217;s be mermaid + d\u00e2y h\u00ecnh c\u00e1c sinh v\u1ea1t bi\u1ec3n + d\u00e2y tua rua m\u00e0u h\u1ed3ng, mint * 1 * B\u00f3ng N\u00e0ng Ti\u00ean C\u00e1 * 1 * B\u00f3ng tr\u00f2n in h\u00ecnh N\u00e0ng Ti\u00ean [&hellip;]<\/p>\n","protected":false},"featured_media":3982,"comment_status":"open","ping_status":"closed","template":"","meta":[],"product_cat":[265,24,437],"product_tag":[32,26],"class_list":{"0":"post-3981","1":"product","2":"type-product","3":"status-publish","4":"has-post-thumbnail","6":"product_cat-mermaid","7":"product_cat-bo-trang-tri","8":"product_cat-set-trang-tri-cho-be","9":"product_tag-mermaid","10":"product_tag-party-kit","12":"first","13":"instock","14":"shipping-taxable","15":"purchasable","16":"product-type-simple"},"_links":{"self":[{"href":"https:\/\/chuparty.vn\/index.php?rest_route=\/wp\/v2\/product\/3981","targetHints":{"allow":["GET"]}}],"collection":[{"href":"https:\/\/chuparty.vn\/index.php?rest_route=\/wp\/v2\/product"}],"about":[{"href":"https:\/\/chuparty.vn\/index.php?rest_route=\/wp\/v2\/types\/product"}],"replies":[{"embeddable":true,"href":"https:\/\/chuparty.vn\/index.php?rest_route=%2Fwp%2Fv2%2Fcomments&post=3981"}],"wp:featuredmedia":[{"embeddable":true,"href":"https:\/\/chuparty.vn\/index.php?rest_route=\/wp\/v2\/media\/3982"}],"wp:attachment":[{"href":"https:\/\/chuparty.vn\/index.php?rest_route=%2Fwp%2Fv2%2Fmedia&parent=3981"}],"wp:term":[{"taxonomy":"product_cat","embeddable":true,"href":"https:\/\/chuparty.vn\/index.php?rest_route=%2Fwp%2Fv2%2Fproduct_cat&post=3981"},{"taxonomy":"product_tag","embeddable":true,"href":"https:\/\/chuparty.vn\/index.php?rest_route=%2Fwp%2Fv2%2Fproduct_tag&post=3981"}],"curies":[{"name":"wp","href":"https:\/\/api.w.org\/{rel}","templated":true}]}}