{"id":3975,"date":"2022-08-12T13:10:17","date_gmt":"2022-08-12T06:10:17","guid":{"rendered":"https:\/\/chuparty.vn\/?post_type=product&#038;p=3975"},"modified":"2025-02-07T10:54:01","modified_gmt":"2025-02-07T03:54:01","slug":"party-kit-vehical","status":"publish","type":"product","link":"https:\/\/chuparty.vn\/?product=party-kit-vehical","title":{"rendered":"PARTY KIT &#8211; XE C\u00d4NG TR\u00ccNH"},"content":{"rendered":"<p><strong>Chi ti\u1ebft s\u1ea3n ph\u1ea9m:\u00a0<\/strong>B\u1ed9 trang tr\u00ed ch\u1ee7 \u0111\u1ec1 Xe bao g\u1ed3m<br \/>\n* Set D\u00e2y Happy Birthday v\u00e0 d\u00e2y h\u00ecnh c\u00e1c lo\u1ea1i xe * 1<br \/>\n* B\u00f3ng s\u1ed1 m\u00e0u gold size 40cm * 1<br \/>\n* B\u00f3ng xe c\u1ea3nh s\u00e1t * 1<br \/>\n* B\u00f3ng xe c\u00f4ng tr\u00ecnh * 1<br \/>\n<span style=\"font-size: 1rem;\">* B\u00f3ng xe c\u1ee9u h\u1ecfa * 1<br \/>\n<\/span>* Mix 12 b\u00f3ng tr\u00f2n ch\u1ee7 \u0111\u1ec1 xe * 1<br \/>\n* Tr\u1ee5 c\u1eafm b\u00f3ng 7 nh\u00e1nh * 1<br \/>\n(b\u00f3ng giao \u1edf tr\u1ea1ng th\u00e1i ch\u01b0a b\u01a1m, c\u00f3 th\u1ec3 d\u00f9ng b\u01a1m tay ho\u1eb7c b\u01a1m m\u00e1y \u0111\u1ec3 b\u01a1m)<\/p>\n","protected":false},"excerpt":{"rendered":"<p>Chi ti\u1ebft s\u1ea3n ph\u1ea9m:\u00a0B\u1ed9 trang tr\u00ed ch\u1ee7 \u0111\u1ec1 Xe bao g\u1ed3m * Set D\u00e2y Happy Birthday v\u00e0 d\u00e2y h\u00ecnh c\u00e1c lo\u1ea1i xe * 1 * B\u00f3ng s\u1ed1 m\u00e0u gold size 40cm * 1 * B\u00f3ng xe c\u1ea3nh s\u00e1t * 1 * B\u00f3ng xe c\u00f4ng tr\u00ecnh * 1 * B\u00f3ng xe c\u1ee9u h\u1ecfa * 1 * [&hellip;]<\/p>\n","protected":false},"featured_media":3976,"comment_status":"open","ping_status":"closed","template":"","meta":[],"product_cat":[315,254,24,437],"product_tag":[33,26,255],"class_list":{"0":"post-3975","1":"product","2":"type-product","3":"status-publish","4":"has-post-thumbnail","6":"product_cat-race-car","7":"product_cat-truck","8":"product_cat-bo-trang-tri","9":"product_cat-set-trang-tri-cho-be","10":"product_tag-car","11":"product_tag-party-kit","12":"product_tag-truck","14":"first","15":"instock","16":"shipping-taxable","17":"purchasable","18":"product-type-simple"},"_links":{"self":[{"href":"https:\/\/chuparty.vn\/index.php?rest_route=\/wp\/v2\/product\/3975","targetHints":{"allow":["GET"]}}],"collection":[{"href":"https:\/\/chuparty.vn\/index.php?rest_route=\/wp\/v2\/product"}],"about":[{"href":"https:\/\/chuparty.vn\/index.php?rest_route=\/wp\/v2\/types\/product"}],"replies":[{"embeddable":true,"href":"https:\/\/chuparty.vn\/index.php?rest_route=%2Fwp%2Fv2%2Fcomments&post=3975"}],"wp:featuredmedia":[{"embeddable":true,"href":"https:\/\/chuparty.vn\/index.php?rest_route=\/wp\/v2\/media\/3976"}],"wp:attachment":[{"href":"https:\/\/chuparty.vn\/index.php?rest_route=%2Fwp%2Fv2%2Fmedia&parent=3975"}],"wp:term":[{"taxonomy":"product_cat","embeddable":true,"href":"https:\/\/chuparty.vn\/index.php?rest_route=%2Fwp%2Fv2%2Fproduct_cat&post=3975"},{"taxonomy":"product_tag","embeddable":true,"href":"https:\/\/chuparty.vn\/index.php?rest_route=%2Fwp%2Fv2%2Fproduct_tag&post=3975"}],"curies":[{"name":"wp","href":"https:\/\/api.w.org\/{rel}","templated":true}]}}