{"id":3949,"date":"2022-08-12T11:25:04","date_gmt":"2022-08-12T04:25:04","guid":{"rendered":"https:\/\/chuparty.vn\/?post_type=product&#038;p=3949"},"modified":"2025-06-09T11:56:09","modified_gmt":"2025-06-09T04:56:09","slug":"day-co-go-tron-happy-birthday","status":"publish","type":"product","link":"https:\/\/chuparty.vn\/?product=day-co-go-tron-happy-birthday","title":{"rendered":"D\u00c2Y C\u1edc G\u1ed6 TR\u00d2N HAPPY BIRTHDAY"},"content":{"rendered":"<p><strong>Chi ti\u1ebft s\u1ea3n ph\u1ea9m<\/strong><\/p>\n<ul>\n<li>K\u00edch th\u01b0\u1edbc: 2,5m<\/li>\n<li>Ch\u1ea5t li\u1ec7u: g\u1ed7<\/li>\n<li>M\u00e0u s\u1eafc: n\u00e2u nh\u1ea1t<\/li>\n<li>C\u00e1ch th\u1ee9c \u0111\u00f3ng g\u00f3i :\u00a0 13 c\u1edd tr\u00f2n\/t\u00fai<\/li>\n<\/ul>\n","protected":false},"excerpt":{"rendered":"<p>Chi ti\u1ebft s\u1ea3n ph\u1ea9m K\u00edch th\u01b0\u1edbc: 2,5m Ch\u1ea5t li\u1ec7u: g\u1ed7 M\u00e0u s\u1eafc: n\u00e2u nh\u1ea1t C\u00e1ch th\u1ee9c \u0111\u00f3ng g\u00f3i :\u00a0 13 c\u1edd tr\u00f2n\/t\u00fai<\/p>\n","protected":false},"featured_media":3951,"comment_status":"open","ping_status":"closed","template":"","meta":[],"product_cat":[512,104,137,48,413,28],"product_tag":[134,41,106],"class_list":{"0":"post-3949","1":"product","2":"type-product","3":"status-publish","4":"has-post-thumbnail","6":"product_cat-sale-off-30","7":"product_cat-vintage","8":"product_cat-1st-birthday","9":"product_cat-day-treo-banner","10":"product_cat-dong-gia-90k","11":"product_cat-sale","12":"product_tag-1st-birthday","13":"product_tag-banner","14":"product_tag-vintage","16":"first","17":"instock","18":"sale","19":"shipping-taxable","20":"purchasable","21":"product-type-simple"},"_links":{"self":[{"href":"https:\/\/chuparty.vn\/index.php?rest_route=\/wp\/v2\/product\/3949","targetHints":{"allow":["GET"]}}],"collection":[{"href":"https:\/\/chuparty.vn\/index.php?rest_route=\/wp\/v2\/product"}],"about":[{"href":"https:\/\/chuparty.vn\/index.php?rest_route=\/wp\/v2\/types\/product"}],"replies":[{"embeddable":true,"href":"https:\/\/chuparty.vn\/index.php?rest_route=%2Fwp%2Fv2%2Fcomments&post=3949"}],"wp:featuredmedia":[{"embeddable":true,"href":"https:\/\/chuparty.vn\/index.php?rest_route=\/wp\/v2\/media\/3951"}],"wp:attachment":[{"href":"https:\/\/chuparty.vn\/index.php?rest_route=%2Fwp%2Fv2%2Fmedia&parent=3949"}],"wp:term":[{"taxonomy":"product_cat","embeddable":true,"href":"https:\/\/chuparty.vn\/index.php?rest_route=%2Fwp%2Fv2%2Fproduct_cat&post=3949"},{"taxonomy":"product_tag","embeddable":true,"href":"https:\/\/chuparty.vn\/index.php?rest_route=%2Fwp%2Fv2%2Fproduct_tag&post=3949"}],"curies":[{"name":"wp","href":"https:\/\/api.w.org\/{rel}","templated":true}]}}