{"id":3878,"date":"2022-08-09T18:59:41","date_gmt":"2022-08-09T11:59:41","guid":{"rendered":"https:\/\/chuparty.vn\/?post_type=product&#038;p=3878"},"modified":"2026-04-21T12:16:55","modified_gmt":"2026-04-21T05:16:55","slug":"day-la-xanh","status":"publish","type":"product","link":"https:\/\/chuparty.vn\/?product=day-la-xanh","title":{"rendered":"D\u00c2Y L\u00c1 XANH H\u00c0N QU\u1ed0C"},"content":{"rendered":"<p><strong>Chi ti\u1ebft s\u1ea3n ph\u1ea9m<\/strong><\/p>\n<ul>\n<li>K\u00edch th\u01b0\u1edbc: 1,7m<\/li>\n<li>Ch\u1ea5t li\u1ec7u: v\u1ea3i l\u1ee5a<\/li>\n<li>M\u00e0u s\u1eafc: xanh l\u00e1<\/li>\n<\/ul>\n","protected":false},"excerpt":{"rendered":"<p>Chi ti\u1ebft s\u1ea3n ph\u1ea9m K\u00edch th\u01b0\u1edbc: 1,7m Ch\u1ea5t li\u1ec7u: v\u1ea3i l\u1ee5a M\u00e0u s\u1eafc: xanh l\u00e1<\/p>\n","protected":false},"featured_media":3950,"comment_status":"open","ping_status":"closed","template":"","meta":[],"product_cat":[512,104,318,147,400,28],"product_tag":[401,106],"class_list":{"0":"post-3878","1":"product","2":"type-product","3":"status-publish","4":"has-post-thumbnail","6":"product_cat-sale-off-30","7":"product_cat-vintage","8":"product_cat-baby-shower","9":"product_cat-backdrop","10":"product_cat-day-la","11":"product_cat-sale","12":"product_tag-green-garland","13":"product_tag-vintage","15":"first","16":"instock","17":"sale","18":"shipping-taxable","19":"purchasable","20":"product-type-simple"},"_links":{"self":[{"href":"https:\/\/chuparty.vn\/index.php?rest_route=\/wp\/v2\/product\/3878","targetHints":{"allow":["GET"]}}],"collection":[{"href":"https:\/\/chuparty.vn\/index.php?rest_route=\/wp\/v2\/product"}],"about":[{"href":"https:\/\/chuparty.vn\/index.php?rest_route=\/wp\/v2\/types\/product"}],"replies":[{"embeddable":true,"href":"https:\/\/chuparty.vn\/index.php?rest_route=%2Fwp%2Fv2%2Fcomments&post=3878"}],"wp:featuredmedia":[{"embeddable":true,"href":"https:\/\/chuparty.vn\/index.php?rest_route=\/wp\/v2\/media\/3950"}],"wp:attachment":[{"href":"https:\/\/chuparty.vn\/index.php?rest_route=%2Fwp%2Fv2%2Fmedia&parent=3878"}],"wp:term":[{"taxonomy":"product_cat","embeddable":true,"href":"https:\/\/chuparty.vn\/index.php?rest_route=%2Fwp%2Fv2%2Fproduct_cat&post=3878"},{"taxonomy":"product_tag","embeddable":true,"href":"https:\/\/chuparty.vn\/index.php?rest_route=%2Fwp%2Fv2%2Fproduct_tag&post=3878"}],"curies":[{"name":"wp","href":"https:\/\/api.w.org\/{rel}","templated":true}]}}