{"id":3793,"date":"2022-08-01T11:37:55","date_gmt":"2022-08-01T04:37:55","guid":{"rendered":"https:\/\/chuparty.vn\/?post_type=product&#038;p=3793"},"modified":"2026-04-15T17:00:58","modified_gmt":"2026-04-15T10:00:58","slug":"bong-unicorn-multicolor","status":"publish","type":"product","link":"https:\/\/chuparty.vn\/?product=bong-unicorn-multicolor","title":{"rendered":"B\u00d3NG UNICORN MULTICOLOR"},"content":{"rendered":"<p><strong>Chi ti\u1ebft s\u1ea3n ph\u1ea9m<\/strong><\/p>\n<ul>\n<li>K\u00edch th\u01b0\u1edbc:\u00a0 size XL 110cm v\u00e0 size S: 45cm<\/li>\n<li>Ch\u1ea5t li\u1ec7u: nh\u00f4m k\u00ednh<\/li>\n<li>M\u00e0u s\u1eafc: Multicolor<\/li>\n<li>C\u00e1ch th\u1ee9c \u0111\u00f3ng g\u00f3i : 1 b\u00f3ng\/t\u00fai, b\u00f3ng giao \u1edf tr\u1ea1ng th\u00e1i ch\u01b0a b\u01a1m.<\/li>\n<li>B\u00f3ng c\u00f3 th\u1ec3 b\u01a1m b\u1eb1ng \u0111\u1ed3 b\u01a1m tay\/b\u01a1m m\u00e1y ho\u1eb7c kh\u00ed helium. N\u1ebfu b\u1ea1n c\u00f3 nhu c\u1ea7u b\u01a1m b\u00f3ng v\u1edbi khi Helium vui l\u00f2ng li\u00ean h\u1ec7 nh\u00e2n vi\u00ean \u0111\u1ec3 \u0111\u01b0\u1ee3c t\u01b0 v\u1ea5n b\u00e1o gi\u00e1.<\/li>\n<\/ul>\n","protected":false},"excerpt":{"rendered":"<p>Chi ti\u1ebft s\u1ea3n ph\u1ea9m K\u00edch th\u01b0\u1edbc:\u00a0 size XL 110cm v\u00e0 size S: 45cm Ch\u1ea5t li\u1ec7u: nh\u00f4m k\u00ednh M\u00e0u s\u1eafc: Multicolor C\u00e1ch th\u1ee9c \u0111\u00f3ng g\u00f3i : 1 b\u00f3ng\/t\u00fai, b\u00f3ng giao \u1edf tr\u1ea1ng th\u00e1i ch\u01b0a b\u01a1m. B\u00f3ng c\u00f3 th\u1ec3 b\u01a1m b\u1eb1ng \u0111\u1ed3 b\u01a1m tay\/b\u01a1m m\u00e1y ho\u1eb7c kh\u00ed helium. N\u1ebfu b\u1ea1n c\u00f3 nhu c\u1ea7u b\u01a1m b\u00f3ng v\u1edbi khi [&hellip;]<\/p>\n","protected":false},"featured_media":3794,"comment_status":"open","ping_status":"closed","template":"","meta":[],"product_cat":[269,46,430],"product_tag":[47,161],"class_list":{"0":"post-3793","1":"product","2":"type-product","3":"status-publish","4":"has-post-thumbnail","6":"product_cat-unicorn","7":"product_cat-bong-hinh","8":"product_cat-dong-gia-30k-35k","9":"product_tag-bong-hinh","10":"product_tag-unicorn","12":"first","13":"instock","14":"shipping-taxable","15":"purchasable","16":"product-type-simple"},"_links":{"self":[{"href":"https:\/\/chuparty.vn\/index.php?rest_route=\/wp\/v2\/product\/3793","targetHints":{"allow":["GET"]}}],"collection":[{"href":"https:\/\/chuparty.vn\/index.php?rest_route=\/wp\/v2\/product"}],"about":[{"href":"https:\/\/chuparty.vn\/index.php?rest_route=\/wp\/v2\/types\/product"}],"replies":[{"embeddable":true,"href":"https:\/\/chuparty.vn\/index.php?rest_route=%2Fwp%2Fv2%2Fcomments&post=3793"}],"wp:featuredmedia":[{"embeddable":true,"href":"https:\/\/chuparty.vn\/index.php?rest_route=\/wp\/v2\/media\/3794"}],"wp:attachment":[{"href":"https:\/\/chuparty.vn\/index.php?rest_route=%2Fwp%2Fv2%2Fmedia&parent=3793"}],"wp:term":[{"taxonomy":"product_cat","embeddable":true,"href":"https:\/\/chuparty.vn\/index.php?rest_route=%2Fwp%2Fv2%2Fproduct_cat&post=3793"},{"taxonomy":"product_tag","embeddable":true,"href":"https:\/\/chuparty.vn\/index.php?rest_route=%2Fwp%2Fv2%2Fproduct_tag&post=3793"}],"curies":[{"name":"wp","href":"https:\/\/api.w.org\/{rel}","templated":true}]}}