{"id":3732,"date":"2022-07-26T17:48:51","date_gmt":"2022-07-26T10:48:51","guid":{"rendered":"https:\/\/chuparty.vn\/?post_type=product&#038;p=3732"},"modified":"2026-04-21T11:55:42","modified_gmt":"2026-04-21T04:55:42","slug":"set-4-quat-giay-mau","status":"publish","type":"product","link":"https:\/\/chuparty.vn\/?product=set-4-quat-giay-mau","title":{"rendered":"SET 4 QU\u1ea0T GI\u1ea4Y M\u00c0U H\u1ed2NG"},"content":{"rendered":"<p><strong>Chi ti\u1ebft s\u1ea3n ph\u1ea9m<\/strong><\/p>\n<ul>\n<li>K\u00edch th\u01b0\u1edbc: 20cm, 28cm, 35cm v\u00e0 44cm<\/li>\n<li>Ch\u1ea5t li\u1ec7u: gi\u1ea5y<\/li>\n<li>M\u00e0u s\u1eafc: h\u1ed3ng<\/li>\n<li>C\u00e1ch th\u1ee9c \u0111\u00f3ng g\u00f3i : 4 qu\u1ea1t\/t\u00fai<img loading=\"lazy\" decoding=\"async\" class=\"alignnone wp-image-3737\" src=\"https:\/\/chuparty.vn\/wp-content\/uploads\/2022\/07\/116873449_579139542992133_3175012097717716214_n-1-420x420.jpg\" alt=\"\" width=\"263\" height=\"263\" srcset=\"https:\/\/chuparty.vn\/wp-content\/uploads\/2022\/07\/116873449_579139542992133_3175012097717716214_n-1-420x420.jpg 420w, https:\/\/chuparty.vn\/wp-content\/uploads\/2022\/07\/116873449_579139542992133_3175012097717716214_n-1-506x506.jpg 506w, https:\/\/chuparty.vn\/wp-content\/uploads\/2022\/07\/116873449_579139542992133_3175012097717716214_n-1-768x768.jpg 768w, https:\/\/chuparty.vn\/wp-content\/uploads\/2022\/07\/116873449_579139542992133_3175012097717716214_n-1-100x100.jpg 100w, https:\/\/chuparty.vn\/wp-content\/uploads\/2022\/07\/116873449_579139542992133_3175012097717716214_n-1-400x400.jpg 400w, https:\/\/chuparty.vn\/wp-content\/uploads\/2022\/07\/116873449_579139542992133_3175012097717716214_n-1-700x700.jpg 700w, https:\/\/chuparty.vn\/wp-content\/uploads\/2022\/07\/116873449_579139542992133_3175012097717716214_n-1-150x150.jpg 150w, https:\/\/chuparty.vn\/wp-content\/uploads\/2022\/07\/116873449_579139542992133_3175012097717716214_n-1.jpg 800w\" sizes=\"auto, (max-width: 263px) 100vw, 263px\" \/><\/li>\n<\/ul>\n","protected":false},"excerpt":{"rendered":"<p>Chi ti\u1ebft s\u1ea3n ph\u1ea9m K\u00edch th\u01b0\u1edbc: 20cm, 28cm, 35cm v\u00e0 44cm Ch\u1ea5t li\u1ec7u: gi\u1ea5y M\u00e0u s\u1eafc: h\u1ed3ng C\u00e1ch th\u1ee9c \u0111\u00f3ng g\u00f3i : 4 qu\u1ea1t\/t\u00fai<\/p>\n","protected":false},"featured_media":3737,"comment_status":"open","ping_status":"closed","template":"","meta":[],"product_cat":[523,512,499,268,318,137,147,395,28],"product_tag":[134,215,146,397,66,396],"class_list":{"0":"post-3732","1":"product","2":"type-product","3":"status-publish","4":"has-post-thumbnail","6":"product_cat-gender-reveal","7":"product_cat-sale-off-30","8":"product_cat-barbie-girl","9":"product_cat-princess","10":"product_cat-baby-shower","11":"product_cat-1st-birthday","12":"product_cat-backdrop","13":"product_cat-quat-giay","14":"product_cat-sale","15":"product_tag-1st-birthday","16":"product_tag-baby-shower","17":"product_tag-backdrop","18":"product_tag-paper-fan","19":"product_tag-princess","20":"product_tag-quat-giay","22":"first","23":"instock","24":"sale","25":"shipping-taxable","26":"purchasable","27":"product-type-simple"},"_links":{"self":[{"href":"https:\/\/chuparty.vn\/index.php?rest_route=\/wp\/v2\/product\/3732","targetHints":{"allow":["GET"]}}],"collection":[{"href":"https:\/\/chuparty.vn\/index.php?rest_route=\/wp\/v2\/product"}],"about":[{"href":"https:\/\/chuparty.vn\/index.php?rest_route=\/wp\/v2\/types\/product"}],"replies":[{"embeddable":true,"href":"https:\/\/chuparty.vn\/index.php?rest_route=%2Fwp%2Fv2%2Fcomments&post=3732"}],"wp:featuredmedia":[{"embeddable":true,"href":"https:\/\/chuparty.vn\/index.php?rest_route=\/wp\/v2\/media\/3737"}],"wp:attachment":[{"href":"https:\/\/chuparty.vn\/index.php?rest_route=%2Fwp%2Fv2%2Fmedia&parent=3732"}],"wp:term":[{"taxonomy":"product_cat","embeddable":true,"href":"https:\/\/chuparty.vn\/index.php?rest_route=%2Fwp%2Fv2%2Fproduct_cat&post=3732"},{"taxonomy":"product_tag","embeddable":true,"href":"https:\/\/chuparty.vn\/index.php?rest_route=%2Fwp%2Fv2%2Fproduct_tag&post=3732"}],"curies":[{"name":"wp","href":"https:\/\/api.w.org\/{rel}","templated":true}]}}