{"id":3725,"date":"2022-07-26T17:42:27","date_gmt":"2022-07-26T10:42:27","guid":{"rendered":"https:\/\/chuparty.vn\/?post_type=product&#038;p=3725"},"modified":"2026-04-21T12:13:54","modified_gmt":"2026-04-21T05:13:54","slug":"man-kim-tuyen-hologram","status":"publish","type":"product","link":"https:\/\/chuparty.vn\/?product=man-kim-tuyen-hologram","title":{"rendered":"M\u00c0N KIM TUY\u1ebeN HOLOGRAM 1M*2M"},"content":{"rendered":"<p><strong>Chi ti\u1ebft s\u1ea3n ph\u1ea9m<\/strong><\/p>\n<ul>\n<li>K\u00edch th\u01b0\u1edbc: 1m*2m<\/li>\n<li>Ch\u1ea5t li\u1ec7u:<\/li>\n<li>M\u00e0u s\u1eafc: \u00e1nh x\u00e0 c\u1eeb<\/li>\n<li>C\u00e1ch th\u1ee9c \u0111\u00f3ng g\u00f3i : 1c\u00e1i\/t\u00fai<\/li>\n<\/ul>\n","protected":false},"excerpt":{"rendered":"<p>Chi ti\u1ebft s\u1ea3n ph\u1ea9m K\u00edch th\u01b0\u1edbc: 1m*2m Ch\u1ea5t li\u1ec7u: M\u00e0u s\u1eafc: \u00e1nh x\u00e0 c\u1eeb C\u00e1ch th\u1ee9c \u0111\u00f3ng g\u00f3i : 1c\u00e1i\/t\u00fai<\/p>\n","protected":false},"featured_media":3726,"comment_status":"open","ping_status":"closed","template":"","meta":[],"product_cat":[499,329,265,268,266,269,318,137,393],"product_tag":[146,394],"class_list":{"0":"post-3725","1":"product","2":"type-product","3":"status-publish","4":"has-post-thumbnail","6":"product_cat-barbie-girl","7":"product_cat-frozen","8":"product_cat-mermaid","9":"product_cat-princess","10":"product_cat-under-the-sea","11":"product_cat-unicorn","12":"product_cat-baby-shower","13":"product_cat-1st-birthday","14":"product_cat-man-kim-tuyen","15":"product_tag-backdrop","16":"product_tag-curtain","18":"first","19":"instock","20":"shipping-taxable","21":"purchasable","22":"product-type-simple"},"_links":{"self":[{"href":"https:\/\/chuparty.vn\/index.php?rest_route=\/wp\/v2\/product\/3725","targetHints":{"allow":["GET"]}}],"collection":[{"href":"https:\/\/chuparty.vn\/index.php?rest_route=\/wp\/v2\/product"}],"about":[{"href":"https:\/\/chuparty.vn\/index.php?rest_route=\/wp\/v2\/types\/product"}],"replies":[{"embeddable":true,"href":"https:\/\/chuparty.vn\/index.php?rest_route=%2Fwp%2Fv2%2Fcomments&post=3725"}],"wp:featuredmedia":[{"embeddable":true,"href":"https:\/\/chuparty.vn\/index.php?rest_route=\/wp\/v2\/media\/3726"}],"wp:attachment":[{"href":"https:\/\/chuparty.vn\/index.php?rest_route=%2Fwp%2Fv2%2Fmedia&parent=3725"}],"wp:term":[{"taxonomy":"product_cat","embeddable":true,"href":"https:\/\/chuparty.vn\/index.php?rest_route=%2Fwp%2Fv2%2Fproduct_cat&post=3725"},{"taxonomy":"product_tag","embeddable":true,"href":"https:\/\/chuparty.vn\/index.php?rest_route=%2Fwp%2Fv2%2Fproduct_tag&post=3725"}],"curies":[{"name":"wp","href":"https:\/\/api.w.org\/{rel}","templated":true}]}}