{"id":3696,"date":"2022-07-21T12:02:17","date_gmt":"2022-07-21T05:02:17","guid":{"rendered":"https:\/\/chuparty.vn\/?post_type=product&#038;p=3696"},"modified":"2026-04-21T11:56:03","modified_gmt":"2026-04-21T04:56:03","slug":"day-garland-tam-giac-vai-colorful","status":"publish","type":"product","link":"https:\/\/chuparty.vn\/?product=day-garland-tam-giac-vai-colorful","title":{"rendered":"D\u00c2Y GARLAND TAM GI\u00c1C V\u1ea2I COLORFUL"},"content":{"rendered":"<p>Quy c\u00e1ch \u0111\u00f3ng g\u00f3i: 1 d\u00e2y\/t\u00fai<br \/>\nCh\u1ea5t li\u1ec7u: v\u1ea3i b\u1ed1 nhu\u1ed9m m\u00e0u<br \/>\nM\u00e0u s\u1eafc: macaron<br \/>\nK\u00edch th\u01b0\u1edbc: 2m<\/p>\n<p><img loading=\"lazy\" decoding=\"async\" class=\"alignnone wp-image-3702\" src=\"https:\/\/chuparty.vn\/wp-content\/uploads\/2022\/07\/b75dff30a29680b486c1304f84057873-328x420.jpg\" alt=\"\" width=\"194\" height=\"248\" srcset=\"https:\/\/chuparty.vn\/wp-content\/uploads\/2022\/07\/b75dff30a29680b486c1304f84057873-328x420.jpg 328w, https:\/\/chuparty.vn\/wp-content\/uploads\/2022\/07\/b75dff30a29680b486c1304f84057873-395x506.jpg 395w, https:\/\/chuparty.vn\/wp-content\/uploads\/2022\/07\/b75dff30a29680b486c1304f84057873.jpg 564w\" sizes=\"auto, (max-width: 194px) 100vw, 194px\" \/><\/p>\n","protected":false},"excerpt":{"rendered":"<p>Quy c\u00e1ch \u0111\u00f3ng g\u00f3i: 1 d\u00e2y\/t\u00fai Ch\u1ea5t li\u1ec7u: v\u1ea3i b\u1ed1 nhu\u1ed9m m\u00e0u M\u00e0u s\u1eafc: macaron K\u00edch th\u01b0\u1edbc: 2m<\/p>\n","protected":false},"featured_media":3697,"comment_status":"open","ping_status":"closed","template":"","meta":[],"product_cat":[539,491,262,101,102,318,327],"product_tag":[215,263,328,92,105,22],"class_list":{"0":"post-3696","1":"product","2":"type-product","3":"status-publish","4":"has-post-thumbnail","6":"product_cat-circus","7":"product_cat-macaron","8":"product_cat-farm","9":"product_cat-rainbow","10":"product_cat-smile-face","11":"product_cat-baby-shower","12":"product_cat-day-treo-garland","13":"product_tag-baby-shower","14":"product_tag-farm","15":"product_tag-garland","16":"product_tag-macaron","17":"product_tag-rainbow","18":"product_tag-smile","20":"first","21":"instock","22":"shipping-taxable","23":"purchasable","24":"product-type-simple"},"_links":{"self":[{"href":"https:\/\/chuparty.vn\/index.php?rest_route=\/wp\/v2\/product\/3696","targetHints":{"allow":["GET"]}}],"collection":[{"href":"https:\/\/chuparty.vn\/index.php?rest_route=\/wp\/v2\/product"}],"about":[{"href":"https:\/\/chuparty.vn\/index.php?rest_route=\/wp\/v2\/types\/product"}],"replies":[{"embeddable":true,"href":"https:\/\/chuparty.vn\/index.php?rest_route=%2Fwp%2Fv2%2Fcomments&post=3696"}],"wp:featuredmedia":[{"embeddable":true,"href":"https:\/\/chuparty.vn\/index.php?rest_route=\/wp\/v2\/media\/3697"}],"wp:attachment":[{"href":"https:\/\/chuparty.vn\/index.php?rest_route=%2Fwp%2Fv2%2Fmedia&parent=3696"}],"wp:term":[{"taxonomy":"product_cat","embeddable":true,"href":"https:\/\/chuparty.vn\/index.php?rest_route=%2Fwp%2Fv2%2Fproduct_cat&post=3696"},{"taxonomy":"product_tag","embeddable":true,"href":"https:\/\/chuparty.vn\/index.php?rest_route=%2Fwp%2Fv2%2Fproduct_tag&post=3696"}],"curies":[{"name":"wp","href":"https:\/\/api.w.org\/{rel}","templated":true}]}}