{"id":3599,"date":"2022-07-20T11:31:40","date_gmt":"2022-07-20T04:31:40","guid":{"rendered":"https:\/\/chuparty.vn\/?post_type=product&#038;p=3599"},"modified":"2026-01-15T14:49:23","modified_gmt":"2026-01-15T07:49:23","slug":"bong-chu-kieu-mau-bac","status":"publish","type":"product","link":"https:\/\/chuparty.vn\/?product=bong-chu-kieu-mau-bac","title":{"rendered":"B\u00d3NG CH\u1eee KI\u1ec2U M\u00c0U B\u1ea0C"},"content":{"rendered":"<p><strong>Chi ti\u1ebft s\u1ea3n ph\u1ea9m: b\u1ed9 ch\u1eef ki\u1ec3u c\u00f3 26 k\u00fd t\u1ef1 t\u1eeb a &#8211; z\u00a0<\/strong><\/p>\n<ul>\n<li>K\u00edch th\u01b0\u1edbc: m\u1ed7i k\u00fd t\u1ef1 18IN ~ 44cm (k\u00edch th\u01b0\u1edbc sau khi b\u01a1m b\u00f3ng kho\u1ea3ng 40cm)<\/li>\n<li>Ch\u1ea5t li\u1ec7u: nh\u00f4m ki\u1ebfng<\/li>\n<li>C\u00e1ch th\u1ee9c \u0111\u00f3ng g\u00f3i : 1 b\u00f3ng\/t\u00fai + \u1ed1ng h\u00fat.<br \/>\n(B\u00f3ng giao \u1edf tr\u1ea1ng th\u00e1i ch\u01b0a b\u01a1m, c\u00f3 th\u1ec3 th\u1ed5i b\u00f3ng ch\u1eef b\u1eb1ng \u1ed1ng h\u00fat ho\u1eb7c \u0111\u1ed3 b\u01a1m tay)<\/li>\n<\/ul>\n<ul>\n<li><img loading=\"lazy\" decoding=\"async\" class=\"alignnone wp-image-3592\" src=\"https:\/\/chuparty.vn\/wp-content\/uploads\/2022\/07\/72526517_1771510859659213_305844578198487040_n.jpg\" alt=\"\" width=\"296\" height=\"225\" \/><\/li>\n<\/ul>\n","protected":false},"excerpt":{"rendered":"<p>Chi ti\u1ebft s\u1ea3n ph\u1ea9m: b\u1ed9 ch\u1eef ki\u1ec3u c\u00f3 26 k\u00fd t\u1ef1 t\u1eeb a &#8211; z\u00a0 K\u00edch th\u01b0\u1edbc: m\u1ed7i k\u00fd t\u1ef1 18IN ~ 44cm (k\u00edch th\u01b0\u1edbc sau khi b\u01a1m b\u00f3ng kho\u1ea3ng 40cm) Ch\u1ea5t li\u1ec7u: nh\u00f4m ki\u1ebfng C\u00e1ch th\u1ee9c \u0111\u00f3ng g\u00f3i : 1 b\u00f3ng\/t\u00fai + \u1ed1ng h\u00fat. (B\u00f3ng giao \u1edf tr\u1ea1ng th\u00e1i ch\u01b0a b\u01a1m, c\u00f3 th\u1ec3 th\u1ed5i [&hellip;]<\/p>\n","protected":false},"featured_media":3600,"comment_status":"open","ping_status":"closed","template":"","meta":[],"product_cat":[68,371],"product_tag":[150],"class_list":{"0":"post-3599","1":"product","2":"type-product","3":"status-publish","4":"has-post-thumbnail","6":"product_cat-bong-nhom","7":"product_cat-bong-chu","8":"product_tag-bong-chu","10":"first","11":"instock","12":"shipping-taxable","13":"purchasable","14":"product-type-simple"},"_links":{"self":[{"href":"https:\/\/chuparty.vn\/index.php?rest_route=\/wp\/v2\/product\/3599","targetHints":{"allow":["GET"]}}],"collection":[{"href":"https:\/\/chuparty.vn\/index.php?rest_route=\/wp\/v2\/product"}],"about":[{"href":"https:\/\/chuparty.vn\/index.php?rest_route=\/wp\/v2\/types\/product"}],"replies":[{"embeddable":true,"href":"https:\/\/chuparty.vn\/index.php?rest_route=%2Fwp%2Fv2%2Fcomments&post=3599"}],"wp:featuredmedia":[{"embeddable":true,"href":"https:\/\/chuparty.vn\/index.php?rest_route=\/wp\/v2\/media\/3600"}],"wp:attachment":[{"href":"https:\/\/chuparty.vn\/index.php?rest_route=%2Fwp%2Fv2%2Fmedia&parent=3599"}],"wp:term":[{"taxonomy":"product_cat","embeddable":true,"href":"https:\/\/chuparty.vn\/index.php?rest_route=%2Fwp%2Fv2%2Fproduct_cat&post=3599"},{"taxonomy":"product_tag","embeddable":true,"href":"https:\/\/chuparty.vn\/index.php?rest_route=%2Fwp%2Fv2%2Fproduct_tag&post=3599"}],"curies":[{"name":"wp","href":"https:\/\/api.w.org\/{rel}","templated":true}]}}