{"id":3585,"date":"2022-07-20T11:16:54","date_gmt":"2022-07-20T04:16:54","guid":{"rendered":"https:\/\/chuparty.vn\/?post_type=product&#038;p=3585"},"modified":"2025-05-13T13:43:37","modified_gmt":"2025-05-13T06:43:37","slug":"bong-so-1-xanh-co-vuong-mien","status":"publish","type":"product","link":"https:\/\/chuparty.vn\/?product=bong-so-1-xanh-co-vuong-mien","title":{"rendered":"B\u00d3NG S\u1ed0 1 XANH V\u01af\u01a0NG MI\u1ec6N 70CM"},"content":{"rendered":"<p><strong>Chi ti\u1ebft s\u1ea3n ph\u1ea9m<\/strong><\/p>\n<ul>\n<li>K\u00edch th\u01b0\u1edbc: 32in ~ 70cm (sau khi b\u01a1m)<\/li>\n<li>Ch\u1ea5t li\u1ec7u: nh\u00f4m ki\u1ebfng<\/li>\n<li>C\u00e1ch th\u1ee9c \u0111\u00f3ng g\u00f3i : 1 b\u00f3ng\/t\u00fai + \u1ed1ng h\u00fat \u0111\u1ec3 th\u1ed5i b\u00f3ng<br \/>\n(B\u00f3ng giao \u1edf tr\u1ea1ng th\u00e1i ch\u01b0a b\u01a1m)<\/li>\n<\/ul>\n<p><img loading=\"lazy\" decoding=\"async\" class=\"alignnone wp-image-3592\" src=\"https:\/\/chuparty.vn\/wp-content\/uploads\/2022\/07\/72526517_1771510859659213_305844578198487040_n.jpg\" alt=\"\" width=\"308\" height=\"234\" \/><\/p>\n","protected":false},"excerpt":{"rendered":"<p>Chi ti\u1ebft s\u1ea3n ph\u1ea9m K\u00edch th\u01b0\u1edbc: 32in ~ 70cm (sau khi b\u01a1m) Ch\u1ea5t li\u1ec7u: nh\u00f4m ki\u1ebfng C\u00e1ch th\u1ee9c \u0111\u00f3ng g\u00f3i : 1 b\u00f3ng\/t\u00fai + \u1ed1ng h\u00fat \u0111\u1ec3 th\u1ed5i b\u00f3ng (B\u00f3ng giao \u1edf tr\u1ea1ng th\u00e1i ch\u01b0a b\u01a1m)<\/p>\n","protected":false},"featured_media":3588,"comment_status":"open","ping_status":"closed","template":"","meta":[],"product_cat":[137,84],"product_tag":[134,204],"class_list":{"0":"post-3585","1":"product","2":"type-product","3":"status-publish","4":"has-post-thumbnail","6":"product_cat-1st-birthday","7":"product_cat-bong-so","8":"product_tag-1st-birthday","9":"product_tag-bong-so","10":"pa_mau-sac-hong","11":"pa_mau-sac-xanh","13":"first","14":"instock","15":"sale","16":"shipping-taxable","17":"purchasable","18":"product-type-variable"},"_links":{"self":[{"href":"https:\/\/chuparty.vn\/index.php?rest_route=\/wp\/v2\/product\/3585","targetHints":{"allow":["GET"]}}],"collection":[{"href":"https:\/\/chuparty.vn\/index.php?rest_route=\/wp\/v2\/product"}],"about":[{"href":"https:\/\/chuparty.vn\/index.php?rest_route=\/wp\/v2\/types\/product"}],"replies":[{"embeddable":true,"href":"https:\/\/chuparty.vn\/index.php?rest_route=%2Fwp%2Fv2%2Fcomments&post=3585"}],"wp:featuredmedia":[{"embeddable":true,"href":"https:\/\/chuparty.vn\/index.php?rest_route=\/wp\/v2\/media\/3588"}],"wp:attachment":[{"href":"https:\/\/chuparty.vn\/index.php?rest_route=%2Fwp%2Fv2%2Fmedia&parent=3585"}],"wp:term":[{"taxonomy":"product_cat","embeddable":true,"href":"https:\/\/chuparty.vn\/index.php?rest_route=%2Fwp%2Fv2%2Fproduct_cat&post=3585"},{"taxonomy":"product_tag","embeddable":true,"href":"https:\/\/chuparty.vn\/index.php?rest_route=%2Fwp%2Fv2%2Fproduct_tag&post=3585"}],"curies":[{"name":"wp","href":"https:\/\/api.w.org\/{rel}","templated":true}]}}