{"id":3568,"date":"2022-07-09T16:19:26","date_gmt":"2022-07-09T09:19:26","guid":{"rendered":"https:\/\/chuparty.vn\/?post_type=product&#038;p=3568"},"modified":"2023-02-27T10:44:00","modified_gmt":"2023-02-27T03:44:00","slug":"bong-tron-in-hoa-tiet-khung-long","status":"publish","type":"product","link":"https:\/\/chuparty.vn\/?product=bong-tron-in-hoa-tiet-khung-long","title":{"rendered":"B\u00d3NG TR\u00d2N IN H\u00ccNH KH\u1ee6NG LONG  MS01"},"content":{"rendered":"<p><strong>Chi ti\u1ebft s\u1ea3n ph\u1ea9m<\/strong><\/p>\n<ul>\n<li>K\u00edch th\u01b0\u1edbc: 40cm<\/li>\n<li>Ch\u1ea5t li\u1ec7u: nh\u00f4m k\u00ednh<\/li>\n<li>C\u00e1ch th\u1ee9c \u0111\u00f3ng g\u00f3i : 1 b\u00f3ng\/t\u00fai, b\u00f3ng giao \u1edf tr\u1ea1ng th\u00e1i ch\u01b0a b\u01a1m.<\/li>\n<li>B\u00f3ng c\u00f3 th\u1ec3 b\u01a1m b\u1eb1ng \u0111\u1ed3 b\u01a1m tay\/b\u01a1m m\u00e1y ho\u1eb7c kh\u00ed helium. N\u1ebfu b\u1ea1n c\u00f3 nhu c\u1ea7u b\u01a1m b\u00f3ng v\u1edbi khi Helium vui l\u00f2ng li\u00ean h\u1ec7 nh\u00e2n vi\u00ean \u0111\u1ec3 \u0111\u01b0\u1ee3c t\u01b0 v\u1ea5n b\u00e1o gi\u00e1.<\/li>\n<\/ul>\n","protected":false},"excerpt":{"rendered":"<p>Chi ti\u1ebft s\u1ea3n ph\u1ea9m K\u00edch th\u01b0\u1edbc: 40cm Ch\u1ea5t li\u1ec7u: nh\u00f4m k\u00ednh C\u00e1ch th\u1ee9c \u0111\u00f3ng g\u00f3i : 1 b\u00f3ng\/t\u00fai, b\u00f3ng giao \u1edf tr\u1ea1ng th\u00e1i ch\u01b0a b\u01a1m. B\u00f3ng c\u00f3 th\u1ec3 b\u01a1m b\u1eb1ng \u0111\u1ed3 b\u01a1m tay\/b\u01a1m m\u00e1y ho\u1eb7c kh\u00ed helium. N\u1ebfu b\u1ea1n c\u00f3 nhu c\u1ea7u b\u01a1m b\u00f3ng v\u1edbi khi Helium vui l\u00f2ng li\u00ean h\u1ec7 nh\u00e2n vi\u00ean \u0111\u1ec3 \u0111\u01b0\u1ee3c [&hellip;]<\/p>\n","protected":false},"featured_media":3658,"comment_status":"open","ping_status":"closed","template":"","meta":[],"product_cat":[264,112],"product_tag":[113,208],"class_list":{"0":"post-3568","1":"product","2":"type-product","3":"status-publish","4":"has-post-thumbnail","6":"product_cat-dinosaur","7":"product_cat-bong-tron-bong-nhom","8":"product_tag-bong-tron","9":"product_tag-dinosaur","11":"first","12":"instock","13":"shipping-taxable","14":"purchasable","15":"product-type-simple"},"_links":{"self":[{"href":"https:\/\/chuparty.vn\/index.php?rest_route=\/wp\/v2\/product\/3568","targetHints":{"allow":["GET"]}}],"collection":[{"href":"https:\/\/chuparty.vn\/index.php?rest_route=\/wp\/v2\/product"}],"about":[{"href":"https:\/\/chuparty.vn\/index.php?rest_route=\/wp\/v2\/types\/product"}],"replies":[{"embeddable":true,"href":"https:\/\/chuparty.vn\/index.php?rest_route=%2Fwp%2Fv2%2Fcomments&post=3568"}],"wp:featuredmedia":[{"embeddable":true,"href":"https:\/\/chuparty.vn\/index.php?rest_route=\/wp\/v2\/media\/3658"}],"wp:attachment":[{"href":"https:\/\/chuparty.vn\/index.php?rest_route=%2Fwp%2Fv2%2Fmedia&parent=3568"}],"wp:term":[{"taxonomy":"product_cat","embeddable":true,"href":"https:\/\/chuparty.vn\/index.php?rest_route=%2Fwp%2Fv2%2Fproduct_cat&post=3568"},{"taxonomy":"product_tag","embeddable":true,"href":"https:\/\/chuparty.vn\/index.php?rest_route=%2Fwp%2Fv2%2Fproduct_tag&post=3568"}],"curies":[{"name":"wp","href":"https:\/\/api.w.org\/{rel}","templated":true}]}}