{"id":355,"date":"2022-01-17T16:12:50","date_gmt":"2022-01-17T09:12:50","guid":{"rendered":"https:\/\/chuparty.vn\/?post_type=product&#038;p=355"},"modified":"2025-09-17T17:19:05","modified_gmt":"2025-09-17T10:19:05","slug":"nen-chu-happy-birthday","status":"publish","type":"product","link":"https:\/\/chuparty.vn\/?product=nen-chu-happy-birthday","title":{"rendered":"N\u1ebeN CH\u1eee HAPPY BIRTHDAY GOLD"},"content":{"rendered":"<p>Quy c\u00e1ch \u0111\u00f3ng g\u00f3i: 13 n\u1ebfn ch\u1eef\/ set<br \/>\nCh\u1ea5t li\u1ec7u: parafin<br \/>\nK\u00edch th\u01b0\u1edbc:<\/p>\n","protected":false},"excerpt":{"rendered":"<p>Quy c\u00e1ch \u0111\u00f3ng g\u00f3i: 13 n\u1ebfn ch\u1eef\/ set Ch\u1ea5t li\u1ec7u: parafin K\u00edch th\u01b0\u1edbc:<\/p>\n","protected":false},"featured_media":1972,"comment_status":"open","ping_status":"closed","template":"","meta":[],"product_cat":[511,94,28],"product_tag":[98],"class_list":{"0":"post-355","1":"product","2":"type-product","3":"status-publish","4":"has-post-thumbnail","6":"product_cat-sale-of-50","7":"product_cat-nen-sinh-nhat","8":"product_cat-sale","9":"product_tag-nen","11":"first","12":"instock","13":"sale","14":"shipping-taxable","15":"purchasable","16":"product-type-simple"},"_links":{"self":[{"href":"https:\/\/chuparty.vn\/index.php?rest_route=\/wp\/v2\/product\/355","targetHints":{"allow":["GET"]}}],"collection":[{"href":"https:\/\/chuparty.vn\/index.php?rest_route=\/wp\/v2\/product"}],"about":[{"href":"https:\/\/chuparty.vn\/index.php?rest_route=\/wp\/v2\/types\/product"}],"replies":[{"embeddable":true,"href":"https:\/\/chuparty.vn\/index.php?rest_route=%2Fwp%2Fv2%2Fcomments&post=355"}],"wp:featuredmedia":[{"embeddable":true,"href":"https:\/\/chuparty.vn\/index.php?rest_route=\/wp\/v2\/media\/1972"}],"wp:attachment":[{"href":"https:\/\/chuparty.vn\/index.php?rest_route=%2Fwp%2Fv2%2Fmedia&parent=355"}],"wp:term":[{"taxonomy":"product_cat","embeddable":true,"href":"https:\/\/chuparty.vn\/index.php?rest_route=%2Fwp%2Fv2%2Fproduct_cat&post=355"},{"taxonomy":"product_tag","embeddable":true,"href":"https:\/\/chuparty.vn\/index.php?rest_route=%2Fwp%2Fv2%2Fproduct_tag&post=355"}],"curies":[{"name":"wp","href":"https:\/\/api.w.org\/{rel}","templated":true}]}}