{"id":3504,"date":"2022-07-06T18:16:40","date_gmt":"2022-07-06T11:16:40","guid":{"rendered":"https:\/\/chuparty.vn\/?post_type=product&#038;p=3504"},"modified":"2022-07-06T18:16:41","modified_gmt":"2022-07-06T11:16:41","slug":"mix-12-super-hero","status":"publish","type":"product","link":"https:\/\/chuparty.vn\/?product=mix-12-super-hero","title":{"rendered":"MIX 12 SUPER HERO"},"content":{"rendered":"<p><strong>Th\u00f4ng tin s\u1ea3n ph\u1ea9m: Mix set Si\u00eau Anh H\u00f9ng<\/strong><br \/>\nM\u00e0u s\u1eafc:<br \/>\nK\u00edch th\u01b0\u1edbc b\u00f3ng: 25cm<br \/>\nQui c\u00e1ch \u0111\u00f3ng g\u00f3i: 12 v\u1ecf b\u00f3ng\/set, g\u1ed3m:<\/p>\n<p><strong>\u2013&gt;<\/strong>\u00a0B\u00f3ng \u0111\u01b0\u1ee3c giao \u1edf tr\u1ea1ng th\u00e1i ch\u01b0a b\u01a1m, b\u00f3ng c\u00f3 th\u1ec3 b\u01a1m b\u1eb1ng m\u00e1y b\u01a1m\/b\u01a1m tay ho\u1eb7c kh\u00ed helium t\u00f9y theo nhu c\u1ea7u s\u1eed d\u1ee5ng.<br \/>\n<strong>\u2013&gt;<\/strong>\u00a0N\u1ebfu b\u1ea1n c\u00f3 nhu c\u1ea7u b\u01a1m kh\u00ed helium \u0111\u1ec3 b\u00f3ng bay, vui l\u00f2ng li\u00ean h\u1ec7 v\u1edbi nh\u00e2n vi\u00ean b\u00e1n h\u00e0ng \u0111\u1ec3 \u0111\u01b0\u1ee3c t\u01b0 v\u1ea5n v\u00e0 b\u00e1o gi\u00e1.<\/p>\n","protected":false},"excerpt":{"rendered":"<p>Th\u00f4ng tin s\u1ea3n ph\u1ea9m: Mix set Si\u00eau Anh H\u00f9ng M\u00e0u s\u1eafc: K\u00edch th\u01b0\u1edbc b\u00f3ng: 25cm Qui c\u00e1ch \u0111\u00f3ng g\u00f3i: 12 v\u1ecf b\u00f3ng\/set, g\u1ed3m: \u2013&gt;\u00a0B\u00f3ng \u0111\u01b0\u1ee3c giao \u1edf tr\u1ea1ng th\u00e1i ch\u01b0a b\u01a1m, b\u00f3ng c\u00f3 th\u1ec3 b\u01a1m b\u1eb1ng m\u00e1y b\u01a1m\/b\u01a1m tay ho\u1eb7c kh\u00ed helium t\u00f9y theo nhu c\u1ea7u s\u1eed d\u1ee5ng. \u2013&gt;\u00a0N\u1ebfu b\u1ea1n c\u00f3 nhu c\u1ea7u b\u01a1m kh\u00ed [&hellip;]<\/p>\n","protected":false},"featured_media":3505,"comment_status":"open","ping_status":"closed","template":"","meta":[],"product_cat":[338,86],"product_tag":[148,339],"class_list":{"0":"post-3504","1":"product","2":"type-product","3":"status-publish","4":"has-post-thumbnail","6":"product_cat-super-hero","7":"product_cat-bong-mix-mau","8":"product_tag-mix-set","9":"product_tag-super-hero","11":"first","12":"instock","13":"shipping-taxable","14":"purchasable","15":"product-type-simple"},"_links":{"self":[{"href":"https:\/\/chuparty.vn\/index.php?rest_route=\/wp\/v2\/product\/3504","targetHints":{"allow":["GET"]}}],"collection":[{"href":"https:\/\/chuparty.vn\/index.php?rest_route=\/wp\/v2\/product"}],"about":[{"href":"https:\/\/chuparty.vn\/index.php?rest_route=\/wp\/v2\/types\/product"}],"replies":[{"embeddable":true,"href":"https:\/\/chuparty.vn\/index.php?rest_route=%2Fwp%2Fv2%2Fcomments&post=3504"}],"wp:featuredmedia":[{"embeddable":true,"href":"https:\/\/chuparty.vn\/index.php?rest_route=\/wp\/v2\/media\/3505"}],"wp:attachment":[{"href":"https:\/\/chuparty.vn\/index.php?rest_route=%2Fwp%2Fv2%2Fmedia&parent=3504"}],"wp:term":[{"taxonomy":"product_cat","embeddable":true,"href":"https:\/\/chuparty.vn\/index.php?rest_route=%2Fwp%2Fv2%2Fproduct_cat&post=3504"},{"taxonomy":"product_tag","embeddable":true,"href":"https:\/\/chuparty.vn\/index.php?rest_route=%2Fwp%2Fv2%2Fproduct_tag&post=3504"}],"curies":[{"name":"wp","href":"https:\/\/api.w.org\/{rel}","templated":true}]}}