{"id":3492,"date":"2022-07-06T17:04:47","date_gmt":"2022-07-06T10:04:47","guid":{"rendered":"https:\/\/chuparty.vn\/?post_type=product&#038;p=3492"},"modified":"2023-04-07T09:58:19","modified_gmt":"2023-04-07T02:58:19","slug":"mix-12-jungle","status":"publish","type":"product","link":"https:\/\/chuparty.vn\/?product=mix-12-jungle","title":{"rendered":"MIX 12 JUNGLE"},"content":{"rendered":"<p><strong>Th\u00f4ng tin s\u1ea3n ph\u1ea9m: Mix set R\u1eebng Xanh<\/strong><br \/>\nM\u00e0u s\u1eafc: v\u00e0ng xanh<br \/>\nK\u00edch th\u01b0\u1edbc b\u00f3ng: 25cm<br \/>\nQui c\u00e1ch \u0111\u00f3ng g\u00f3i: 12 v\u1ecf b\u00f3ng\/set, g\u1ed3m: 2 b\u00f3ng in h\u1ecda ti\u1ebft ng\u1ef1a v\u1eb1n, 2 b\u00f3ng in h\u1ecda ti\u1ebft da b\u00e1o, 2 b\u00f3ng \u0111en, 2 xanh l\u00e1 nh\u1ea1t, 2 xanh l\u00e1 \u0111\u1eadm v\u00e0 2 xanh hunter green<\/p>\n<p><strong>\u2013&gt;<\/strong>\u00a0B\u00f3ng \u0111\u01b0\u1ee3c giao \u1edf tr\u1ea1ng th\u00e1i ch\u01b0a b\u01a1m, b\u00f3ng c\u00f3 th\u1ec3 b\u01a1m b\u1eb1ng m\u00e1y b\u01a1m\/b\u01a1m tay ho\u1eb7c kh\u00ed helium t\u00f9y theo nhu c\u1ea7u s\u1eed d\u1ee5ng.<br \/>\n<strong>\u2013&gt;<\/strong>\u00a0N\u1ebfu b\u1ea1n c\u00f3 nhu c\u1ea7u b\u01a1m kh\u00ed helium \u0111\u1ec3 b\u00f3ng bay, vui l\u00f2ng li\u00ean h\u1ec7 v\u1edbi nh\u00e2n vi\u00ean b\u00e1n h\u00e0ng \u0111\u1ec3 \u0111\u01b0\u1ee3c t\u01b0 v\u1ea5n v\u00e0 b\u00e1o gi\u00e1.<\/p>\n","protected":false},"excerpt":{"rendered":"<p>Th\u00f4ng tin s\u1ea3n ph\u1ea9m: Mix set R\u1eebng Xanh M\u00e0u s\u1eafc: v\u00e0ng xanh K\u00edch th\u01b0\u1edbc b\u00f3ng: 25cm Qui c\u00e1ch \u0111\u00f3ng g\u00f3i: 12 v\u1ecf b\u00f3ng\/set, g\u1ed3m: 2 b\u00f3ng in h\u1ecda ti\u1ebft ng\u1ef1a v\u1eb1n, 2 b\u00f3ng in h\u1ecda ti\u1ebft da b\u00e1o, 2 b\u00f3ng \u0111en, 2 xanh l\u00e1 nh\u1ea1t, 2 xanh l\u00e1 \u0111\u1eadm v\u00e0 2 xanh hunter green \u2013&gt;\u00a0B\u00f3ng [&hellip;]<\/p>\n","protected":false},"featured_media":3493,"comment_status":"open","ping_status":"closed","template":"","meta":[],"product_cat":[264,260,86],"product_tag":[208,374,148,261],"class_list":{"0":"post-3492","1":"product","2":"type-product","3":"status-publish","4":"has-post-thumbnail","6":"product_cat-dinosaur","7":"product_cat-safari","8":"product_cat-bong-mix-mau","9":"product_tag-dinosaur","10":"product_tag-jungle","11":"product_tag-mix-set","12":"product_tag-safari","14":"first","15":"instock","16":"shipping-taxable","17":"purchasable","18":"product-type-simple"},"_links":{"self":[{"href":"https:\/\/chuparty.vn\/index.php?rest_route=\/wp\/v2\/product\/3492","targetHints":{"allow":["GET"]}}],"collection":[{"href":"https:\/\/chuparty.vn\/index.php?rest_route=\/wp\/v2\/product"}],"about":[{"href":"https:\/\/chuparty.vn\/index.php?rest_route=\/wp\/v2\/types\/product"}],"replies":[{"embeddable":true,"href":"https:\/\/chuparty.vn\/index.php?rest_route=%2Fwp%2Fv2%2Fcomments&post=3492"}],"wp:featuredmedia":[{"embeddable":true,"href":"https:\/\/chuparty.vn\/index.php?rest_route=\/wp\/v2\/media\/3493"}],"wp:attachment":[{"href":"https:\/\/chuparty.vn\/index.php?rest_route=%2Fwp%2Fv2%2Fmedia&parent=3492"}],"wp:term":[{"taxonomy":"product_cat","embeddable":true,"href":"https:\/\/chuparty.vn\/index.php?rest_route=%2Fwp%2Fv2%2Fproduct_cat&post=3492"},{"taxonomy":"product_tag","embeddable":true,"href":"https:\/\/chuparty.vn\/index.php?rest_route=%2Fwp%2Fv2%2Fproduct_tag&post=3492"}],"curies":[{"name":"wp","href":"https:\/\/api.w.org\/{rel}","templated":true}]}}