{"id":349,"date":"2022-01-17T15:52:19","date_gmt":"2022-01-17T08:52:19","guid":{"rendered":"https:\/\/chuparty.vn\/?post_type=product&#038;p=349"},"modified":"2025-02-07T10:30:58","modified_gmt":"2025-02-07T03:30:58","slug":"bong-cao-su-tron-nhieu-mau","status":"publish","type":"product","link":"https:\/\/chuparty.vn\/?product=bong-cao-su-tron-nhieu-mau","title":{"rendered":"MIX 10 B\u00d3NG M\u00c0U MACARON"},"content":{"rendered":"<p><strong>Th\u00f4ng tin s\u1ea3n ph\u1ea9m:<\/strong><br \/>\nC\u00e1ch th\u1ee9c \u0111\u00f3ng g\u00f3i: 10 b\u00f3ng \/ set<br \/>\nM\u00e0u s\u1eafc: pastel \u0111\u1ee7 m\u00e0u<br \/>\nK\u00edch th\u01b0\u1edbc b\u00f3ng: 25cm<\/p>\n","protected":false},"excerpt":{"rendered":"<p>Th\u00f4ng tin s\u1ea3n ph\u1ea9m: C\u00e1ch th\u1ee9c \u0111\u00f3ng g\u00f3i: 10 b\u00f3ng \/ set M\u00e0u s\u1eafc: pastel \u0111\u1ee7 m\u00e0u K\u00edch th\u01b0\u1edbc b\u00f3ng: 25cm<\/p>\n","protected":false},"featured_media":8690,"comment_status":"open","ping_status":"closed","template":"","meta":[],"product_cat":[491,340,86],"product_tag":[91,92],"class_list":{"0":"post-349","1":"product","2":"type-product","3":"status-publish","4":"has-post-thumbnail","6":"product_cat-macaron","7":"product_cat-sweetie","8":"product_cat-bong-mix-mau","9":"product_tag-bong-cao-su","10":"product_tag-macaron","11":"pa_mau-sac-macaron","12":"pa_mau-sac-rose-gold","14":"first","15":"instock","16":"shipping-taxable","17":"purchasable","18":"product-type-simple"},"_links":{"self":[{"href":"https:\/\/chuparty.vn\/index.php?rest_route=\/wp\/v2\/product\/349","targetHints":{"allow":["GET"]}}],"collection":[{"href":"https:\/\/chuparty.vn\/index.php?rest_route=\/wp\/v2\/product"}],"about":[{"href":"https:\/\/chuparty.vn\/index.php?rest_route=\/wp\/v2\/types\/product"}],"replies":[{"embeddable":true,"href":"https:\/\/chuparty.vn\/index.php?rest_route=%2Fwp%2Fv2%2Fcomments&post=349"}],"wp:featuredmedia":[{"embeddable":true,"href":"https:\/\/chuparty.vn\/index.php?rest_route=\/wp\/v2\/media\/8690"}],"wp:attachment":[{"href":"https:\/\/chuparty.vn\/index.php?rest_route=%2Fwp%2Fv2%2Fmedia&parent=349"}],"wp:term":[{"taxonomy":"product_cat","embeddable":true,"href":"https:\/\/chuparty.vn\/index.php?rest_route=%2Fwp%2Fv2%2Fproduct_cat&post=349"},{"taxonomy":"product_tag","embeddable":true,"href":"https:\/\/chuparty.vn\/index.php?rest_route=%2Fwp%2Fv2%2Fproduct_tag&post=349"}],"curies":[{"name":"wp","href":"https:\/\/api.w.org\/{rel}","templated":true}]}}