{"id":3482,"date":"2022-07-06T16:01:04","date_gmt":"2022-07-06T09:01:04","guid":{"rendered":"https:\/\/chuparty.vn\/?post_type=product&#038;p=3482"},"modified":"2022-07-06T16:35:56","modified_gmt":"2022-07-06T09:35:56","slug":"mix-12-under-the-sea","status":"publish","type":"product","link":"https:\/\/chuparty.vn\/?product=mix-12-under-the-sea","title":{"rendered":"MIX 12 UNDER THE SEA"},"content":{"rendered":"<p><strong>Th\u00f4ng tin s\u1ea3n ph\u1ea9m: Mix set Under the sea<\/strong><br \/>\nM\u00e0u s\u1eafc: xanh<br \/>\nK\u00edch th\u01b0\u1edbc b\u00f3ng: 25cm<br \/>\nQui c\u00e1ch \u0111\u00f3ng g\u00f3i: 12 v\u1ecf b\u00f3ng\/set, g\u1ed3m 2 b\u00f3ng tr\u1eafng nh\u0169, 3 b\u00f3ng xanh nh\u1ea1t nh\u0169, 3 b\u00f3ng xanh \u0111\u1eadm nh\u0169, 2 b\u00f3ng xanh kim lo\u1ea1i, 2 b\u00f3ng b\u1ea1c kim lo\u1ea1i<\/p>\n<p><strong>\u2013&gt;<\/strong>\u00a0B\u00f3ng \u0111\u01b0\u1ee3c giao \u1edf tr\u1ea1ng th\u00e1i ch\u01b0a b\u01a1m, b\u00f3ng c\u00f3 th\u1ec3 b\u01a1m b\u1eb1ng m\u00e1y b\u01a1m\/b\u01a1m tay ho\u1eb7c kh\u00ed helium t\u00f9y theo nhu c\u1ea7u s\u1eed d\u1ee5ng.<br \/>\n<strong>\u2013&gt;<\/strong>\u00a0N\u1ebfu b\u1ea1n c\u00f3 nhu c\u1ea7u b\u01a1m kh\u00ed helium \u0111\u1ec3 b\u00f3ng bay, vui l\u00f2ng li\u00ean h\u1ec7 v\u1edbi nh\u00e2n vi\u00ean b\u00e1n h\u00e0ng \u0111\u1ec3 \u0111\u01b0\u1ee3c t\u01b0 v\u1ea5n v\u00e0 b\u00e1o gi\u00e1.<\/p>\n","protected":false},"excerpt":{"rendered":"<p>Th\u00f4ng tin s\u1ea3n ph\u1ea9m: Mix set Under the sea M\u00e0u s\u1eafc: xanh K\u00edch th\u01b0\u1edbc b\u00f3ng: 25cm Qui c\u00e1ch \u0111\u00f3ng g\u00f3i: 12 v\u1ecf b\u00f3ng\/set, g\u1ed3m 2 b\u00f3ng tr\u1eafng nh\u0169, 3 b\u00f3ng xanh nh\u1ea1t nh\u0169, 3 b\u00f3ng xanh \u0111\u1eadm nh\u0169, 2 b\u00f3ng xanh kim lo\u1ea1i, 2 b\u00f3ng b\u1ea1c kim lo\u1ea1i \u2013&gt;\u00a0B\u00f3ng \u0111\u01b0\u1ee3c giao \u1edf tr\u1ea1ng th\u00e1i ch\u01b0a [&hellip;]<\/p>\n","protected":false},"featured_media":3483,"comment_status":"open","ping_status":"closed","template":"","meta":[],"product_cat":[266,318,86],"product_tag":[215,148,124],"class_list":{"0":"post-3482","1":"product","2":"type-product","3":"status-publish","4":"has-post-thumbnail","6":"product_cat-under-the-sea","7":"product_cat-baby-shower","8":"product_cat-bong-mix-mau","9":"product_tag-baby-shower","10":"product_tag-mix-set","11":"product_tag-under-the-sea","13":"first","14":"instock","15":"shipping-taxable","16":"purchasable","17":"product-type-simple"},"_links":{"self":[{"href":"https:\/\/chuparty.vn\/index.php?rest_route=\/wp\/v2\/product\/3482","targetHints":{"allow":["GET"]}}],"collection":[{"href":"https:\/\/chuparty.vn\/index.php?rest_route=\/wp\/v2\/product"}],"about":[{"href":"https:\/\/chuparty.vn\/index.php?rest_route=\/wp\/v2\/types\/product"}],"replies":[{"embeddable":true,"href":"https:\/\/chuparty.vn\/index.php?rest_route=%2Fwp%2Fv2%2Fcomments&post=3482"}],"wp:featuredmedia":[{"embeddable":true,"href":"https:\/\/chuparty.vn\/index.php?rest_route=\/wp\/v2\/media\/3483"}],"wp:attachment":[{"href":"https:\/\/chuparty.vn\/index.php?rest_route=%2Fwp%2Fv2%2Fmedia&parent=3482"}],"wp:term":[{"taxonomy":"product_cat","embeddable":true,"href":"https:\/\/chuparty.vn\/index.php?rest_route=%2Fwp%2Fv2%2Fproduct_cat&post=3482"},{"taxonomy":"product_tag","embeddable":true,"href":"https:\/\/chuparty.vn\/index.php?rest_route=%2Fwp%2Fv2%2Fproduct_tag&post=3482"}],"curies":[{"name":"wp","href":"https:\/\/api.w.org\/{rel}","templated":true}]}}