{"id":3460,"date":"2022-07-04T19:54:44","date_gmt":"2022-07-04T12:54:44","guid":{"rendered":"https:\/\/chuparty.vn\/?post_type=product&#038;p=3460"},"modified":"2026-04-21T11:12:48","modified_gmt":"2026-04-21T04:12:48","slug":"day-chu-happy-birthday-go","status":"publish","type":"product","link":"https:\/\/chuparty.vn\/?product=day-chu-happy-birthday-go","title":{"rendered":"D\u00c2Y CH\u1eee HAPPY BIRTHDAY G\u1ed6"},"content":{"rendered":"<p><strong>Chi ti\u1ebft s\u1ea3n ph\u1ea9m<\/strong><\/p>\n<ul>\n<li>K\u00edch th\u01b0\u1edbc: cao 9cm &#8211; ngang 1,5m<\/li>\n<li>Ch\u1ea5t li\u1ec7u: g\u1ed7<\/li>\n<li>M\u00e0u s\u1eafc: n\u00e2u g\u1ed7 nh\u1ea1t<\/li>\n<li>C\u00e1ch th\u1ee9c \u0111\u00f3ng g\u00f3i : 13 ch\u1eef\/t\u00fai<\/li>\n<\/ul>\n","protected":false},"excerpt":{"rendered":"<p>Chi ti\u1ebft s\u1ea3n ph\u1ea9m K\u00edch th\u01b0\u1edbc: cao 9cm &#8211; ngang 1,5m Ch\u1ea5t li\u1ec7u: g\u1ed7 M\u00e0u s\u1eafc: n\u00e2u g\u1ed7 nh\u1ea1t C\u00e1ch th\u1ee9c \u0111\u00f3ng g\u00f3i : 13 ch\u1eef\/t\u00fai<\/p>\n","protected":false},"featured_media":3461,"comment_status":"open","ping_status":"closed","template":"","meta":[],"product_cat":[512,104,137,48,361,28],"product_tag":[41,106],"class_list":{"0":"post-3460","1":"product","2":"type-product","3":"status-publish","4":"has-post-thumbnail","6":"product_cat-sale-off-30","7":"product_cat-vintage","8":"product_cat-1st-birthday","9":"product_cat-day-treo-banner","10":"product_cat-dong-gia-50k","11":"product_cat-sale","12":"product_tag-banner","13":"product_tag-vintage","15":"first","16":"instock","17":"sale","18":"shipping-taxable","19":"purchasable","20":"product-type-simple"},"_links":{"self":[{"href":"https:\/\/chuparty.vn\/index.php?rest_route=\/wp\/v2\/product\/3460","targetHints":{"allow":["GET"]}}],"collection":[{"href":"https:\/\/chuparty.vn\/index.php?rest_route=\/wp\/v2\/product"}],"about":[{"href":"https:\/\/chuparty.vn\/index.php?rest_route=\/wp\/v2\/types\/product"}],"replies":[{"embeddable":true,"href":"https:\/\/chuparty.vn\/index.php?rest_route=%2Fwp%2Fv2%2Fcomments&post=3460"}],"wp:featuredmedia":[{"embeddable":true,"href":"https:\/\/chuparty.vn\/index.php?rest_route=\/wp\/v2\/media\/3461"}],"wp:attachment":[{"href":"https:\/\/chuparty.vn\/index.php?rest_route=%2Fwp%2Fv2%2Fmedia&parent=3460"}],"wp:term":[{"taxonomy":"product_cat","embeddable":true,"href":"https:\/\/chuparty.vn\/index.php?rest_route=%2Fwp%2Fv2%2Fproduct_cat&post=3460"},{"taxonomy":"product_tag","embeddable":true,"href":"https:\/\/chuparty.vn\/index.php?rest_route=%2Fwp%2Fv2%2Fproduct_tag&post=3460"}],"curies":[{"name":"wp","href":"https:\/\/api.w.org\/{rel}","templated":true}]}}