{"id":3452,"date":"2022-07-04T19:39:11","date_gmt":"2022-07-04T12:39:11","guid":{"rendered":"https:\/\/chuparty.vn\/?post_type=product&#038;p=3452"},"modified":"2025-01-16T13:15:57","modified_gmt":"2025-01-16T06:15:57","slug":"co-vai-ngang-bw-happy-birthday-being-born","status":"publish","type":"product","link":"https:\/\/chuparty.vn\/?product=co-vai-ngang-bw-happy-birthday-being-born","title":{"rendered":"C\u1edc V\u1ea2I NGANG B&#038;W HAPPY BIRTHDAY (BEING BORN)"},"content":{"rendered":"<p><strong>Chi ti\u1ebft s\u1ea3n ph\u1ea9m<\/strong><\/p>\n<ul>\n<li>K\u00edch th\u01b0\u1edbc: 122cm*42cm<\/li>\n<li>Ch\u1ea5t li\u1ec7u: v\u1ea3i,<\/li>\n<li>M\u00e0u s\u1eafc: n\u1ec1n tr\u1eafng<\/li>\n<li>C\u00e1ch th\u1ee9c \u0111\u00f3ng g\u00f3i : 1 c\u00e1i\/t\u00fai v\u00e0 4 m\u00f3c treo<\/li>\n<\/ul>\n","protected":false},"excerpt":{"rendered":"<p>Chi ti\u1ebft s\u1ea3n ph\u1ea9m K\u00edch th\u01b0\u1edbc: 122cm*42cm Ch\u1ea5t li\u1ec7u: v\u1ea3i, M\u00e0u s\u1eafc: n\u1ec1n tr\u1eafng C\u00e1ch th\u1ee9c \u0111\u00f3ng g\u00f3i : 1 c\u00e1i\/t\u00fai v\u00e0 4 m\u00f3c treo<\/p>\n","protected":false},"featured_media":3453,"comment_status":"open","ping_status":"closed","template":"","meta":[],"product_cat":[104,147,391],"product_tag":[146,106],"class_list":{"0":"post-3452","1":"product","2":"type-product","3":"status-publish","4":"has-post-thumbnail","6":"product_cat-vintage","7":"product_cat-backdrop","8":"product_cat-co-vai","9":"product_tag-backdrop","10":"product_tag-vintage","12":"first","13":"instock","14":"shipping-taxable","15":"purchasable","16":"product-type-simple"},"_links":{"self":[{"href":"https:\/\/chuparty.vn\/index.php?rest_route=\/wp\/v2\/product\/3452","targetHints":{"allow":["GET"]}}],"collection":[{"href":"https:\/\/chuparty.vn\/index.php?rest_route=\/wp\/v2\/product"}],"about":[{"href":"https:\/\/chuparty.vn\/index.php?rest_route=\/wp\/v2\/types\/product"}],"replies":[{"embeddable":true,"href":"https:\/\/chuparty.vn\/index.php?rest_route=%2Fwp%2Fv2%2Fcomments&post=3452"}],"wp:featuredmedia":[{"embeddable":true,"href":"https:\/\/chuparty.vn\/index.php?rest_route=\/wp\/v2\/media\/3453"}],"wp:attachment":[{"href":"https:\/\/chuparty.vn\/index.php?rest_route=%2Fwp%2Fv2%2Fmedia&parent=3452"}],"wp:term":[{"taxonomy":"product_cat","embeddable":true,"href":"https:\/\/chuparty.vn\/index.php?rest_route=%2Fwp%2Fv2%2Fproduct_cat&post=3452"},{"taxonomy":"product_tag","embeddable":true,"href":"https:\/\/chuparty.vn\/index.php?rest_route=%2Fwp%2Fv2%2Fproduct_tag&post=3452"}],"curies":[{"name":"wp","href":"https:\/\/api.w.org\/{rel}","templated":true}]}}