{"id":3447,"date":"2022-07-04T19:33:55","date_gmt":"2022-07-04T12:33:55","guid":{"rendered":"https:\/\/chuparty.vn\/?post_type=product&#038;p=3447"},"modified":"2023-02-27T17:47:15","modified_gmt":"2023-02-27T10:47:15","slug":"co-vai-bw-happy-birthday-big-smile","status":"publish","type":"product","link":"https:\/\/chuparty.vn\/?product=co-vai-bw-happy-birthday-big-smile","title":{"rendered":"C\u1edc V\u1ea2I B&#038;W HAPPY BIRTHDAY BIG SMILE 90*160cm"},"content":{"rendered":"<p><strong>Chi ti\u1ebft s\u1ea3n ph\u1ea9m<\/strong><\/p>\n<ul>\n<li>K\u00edch th\u01b0\u1edbc: 90cm*150cm (gi\u00e1 169,000) v\u00e0 k\u00edch th\u01b0\u1edbc 45*90cm (gi\u00e1 149,000)<\/li>\n<li>Ch\u1ea5t li\u1ec7u: v\u1ea3i,<\/li>\n<li>M\u00e0u s\u1eafc: n\u1ec1n tr\u1eafng<\/li>\n<li>C\u00e1ch th\u1ee9c \u0111\u00f3ng g\u00f3i : 1 c\u00e1i\/t\u00fai<\/li>\n<\/ul>\n","protected":false},"excerpt":{"rendered":"<p>Chi ti\u1ebft s\u1ea3n ph\u1ea9m K\u00edch th\u01b0\u1edbc: 90cm*150cm (gi\u00e1 169,000) v\u00e0 k\u00edch th\u01b0\u1edbc 45*90cm (gi\u00e1 149,000) Ch\u1ea5t li\u1ec7u: v\u1ea3i, M\u00e0u s\u1eafc: n\u1ec1n tr\u1eafng C\u00e1ch th\u1ee9c \u0111\u00f3ng g\u00f3i : 1 c\u00e1i\/t\u00fai<\/p>\n","protected":false},"featured_media":3448,"comment_status":"open","ping_status":"closed","template":"","meta":[],"product_cat":[104,147,391],"product_tag":[146,378,106],"class_list":{"0":"post-3447","1":"product","2":"type-product","3":"status-publish","4":"has-post-thumbnail","6":"product_cat-vintage","7":"product_cat-backdrop","8":"product_cat-co-vai","9":"product_tag-backdrop","10":"product_tag-co-vai","11":"product_tag-vintage","13":"first","14":"instock","15":"shipping-taxable","16":"purchasable","17":"product-type-simple"},"_links":{"self":[{"href":"https:\/\/chuparty.vn\/index.php?rest_route=\/wp\/v2\/product\/3447","targetHints":{"allow":["GET"]}}],"collection":[{"href":"https:\/\/chuparty.vn\/index.php?rest_route=\/wp\/v2\/product"}],"about":[{"href":"https:\/\/chuparty.vn\/index.php?rest_route=\/wp\/v2\/types\/product"}],"replies":[{"embeddable":true,"href":"https:\/\/chuparty.vn\/index.php?rest_route=%2Fwp%2Fv2%2Fcomments&post=3447"}],"wp:featuredmedia":[{"embeddable":true,"href":"https:\/\/chuparty.vn\/index.php?rest_route=\/wp\/v2\/media\/3448"}],"wp:attachment":[{"href":"https:\/\/chuparty.vn\/index.php?rest_route=%2Fwp%2Fv2%2Fmedia&parent=3447"}],"wp:term":[{"taxonomy":"product_cat","embeddable":true,"href":"https:\/\/chuparty.vn\/index.php?rest_route=%2Fwp%2Fv2%2Fproduct_cat&post=3447"},{"taxonomy":"product_tag","embeddable":true,"href":"https:\/\/chuparty.vn\/index.php?rest_route=%2Fwp%2Fv2%2Fproduct_tag&post=3447"}],"curies":[{"name":"wp","href":"https:\/\/api.w.org\/{rel}","templated":true}]}}