{"id":3247,"date":"2022-06-14T15:04:31","date_gmt":"2022-06-14T08:04:31","guid":{"rendered":"https:\/\/chuparty.vn\/?post_type=product&#038;p=3247"},"modified":"2022-06-14T15:05:31","modified_gmt":"2022-06-14T08:05:31","slug":"tru-bong-handmade-cay-co","status":"publish","type":"product","link":"https:\/\/chuparty.vn\/?product=tru-bong-handmade-cay-co","title":{"rendered":"TR\u1ee4 B\u00d3NG HANDMADE &#8211; C\u00c2Y C\u1ecc"},"content":{"rendered":"<div dir=\"auto\"><strong>Chi ti\u1ebft s\u1ea3n ph\u1ea9m:\u00a0<\/strong><\/div>\n<div dir=\"auto\">\n<ul>\n<li>K\u00edch th\u01b0\u1edbc : 1,5m (chi\u1ec1u cao) * 1,5m (chi\u1ec1u ngang)<\/li>\n<li>G\u1ed3m: 6 l\u00e1 c\u1ecd m\u00e0u xanh l\u00e1, tr\u1ee5 b\u00f3ng \u0111\u01a1n, b\u00f3ng tr\u00f2n m\u00e0u n\u00e2u\/da<br \/>\n(Kh\u00f4ng bao g\u1ed3m b\u00f3ng JUMBO, b\u00f3ng bay, v\u00e0 c\u00e1c lo\u1ea1i b\u00f3ng kh\u00e1c theo h\u00ecnh n\u1ebfu b\u1ea1n c\u00f3 nhu c\u1ea7u mua c\u1ea3 combo vui l\u00f2ng li\u00ean h\u1ec7 nh\u00e2n vi\u00ean \u0111\u1ec3 \u0111\u01b0\u1ee3c t\u01b0 v\u1ea5n b\u00e1o gi\u00e1)<\/p>\n<div dir=\"auto\"><span class=\"pq6dq46d tbxw36s4 knj5qynh kvgmc6g5 ditlmg2l oygrvhab nvdbi5me sf5mxxl7 gl3lb2sf hhz5lgdu\">+ M\u00f3n qu\u00e0 b\u1ea5t ng\u1edd d\u00e0nh t\u1eb7ng ng\u01b0\u1eddi th\u00e2n, b\u1ea1n b\u00e8 v\u00f4 c\u00f9ng \u0111\u1ed9c \u0111\u00e1o, th\u00fa v\u1ecb.<br \/>\n<\/span><\/div>\n<div dir=\"auto\"><span class=\"pq6dq46d tbxw36s4 knj5qynh kvgmc6g5 ditlmg2l oygrvhab nvdbi5me sf5mxxl7 gl3lb2sf hhz5lgdu\">+\u00a0<\/span>Gi\u00e1 s\u1ea3n ph\u1ea9m ch\u01b0a bao g\u1ed3m ph\u00ed giao h\u00e0ng, \u0111\u1ec3 \u0111\u1ea3m b\u1ea3o an to\u00e0n cho b\u00f3ng, Chu ch\u1ec9 giao b\u1eb1ng grab car\/taxi ho\u1eb7c b\u1ea1n c\u00f3 th\u1ec3 nh\u1eadn b\u00f3ng t\u1ea1i C\u1eeda h\u00e0ng.<br \/>\n+ B\u00f3ng \u0111\u1eb9p nh\u1ea5t trong kho\u1ea3ng 6-8 ti\u1ebfng \u0111\u1ea7u ti\u00ean, trong th\u1eddi gian n\u00e0y b\u00f3ng s\u1ebd lu\u00f4n b\u00f3ng, s\u00e1ng \u0111\u1eb9p.<br \/>\n+ H\u1ea1n ch\u1ebf \u0111\u1ec3 bong b\u00f3ng \u1edf ngo\u00e0i tr\u1eddi ho\u1eb7c n\u01a1i c\u00f3 nhi\u1ec7t \u0111\u1ed9 cao, g\u1ea7n m\u1eb7t tr\u1eddi ho\u1eb7c \u00e1nh \u0111\u00e8n n\u00f3ng s\u1ebd l\u00e0m v\u1ee1 b\u00f3ng.<\/div>\n<\/li>\n<\/ul>\n<\/div>\n","protected":false},"excerpt":{"rendered":"<p>Chi ti\u1ebft s\u1ea3n ph\u1ea9m:\u00a0 K\u00edch th\u01b0\u1edbc : 1,5m (chi\u1ec1u cao) * 1,5m (chi\u1ec1u ngang) G\u1ed3m: 6 l\u00e1 c\u1ecd m\u00e0u xanh l\u00e1, tr\u1ee5 b\u00f3ng \u0111\u01a1n, b\u00f3ng tr\u00f2n m\u00e0u n\u00e2u\/da (Kh\u00f4ng bao g\u1ed3m b\u00f3ng JUMBO, b\u00f3ng bay, v\u00e0 c\u00e1c lo\u1ea1i b\u00f3ng kh\u00e1c theo h\u00ecnh n\u1ebfu b\u1ea1n c\u00f3 nhu c\u1ea7u mua c\u1ea3 combo vui l\u00f2ng li\u00ean h\u1ec7 nh\u00e2n [&hellip;]<\/p>\n","protected":false},"featured_media":3250,"comment_status":"open","ping_status":"closed","template":"","meta":[],"product_cat":[264,262,260,376],"product_tag":[208,263,375,374,261],"class_list":{"0":"post-3247","1":"product","2":"type-product","3":"status-publish","4":"has-post-thumbnail","6":"product_cat-dinosaur","7":"product_cat-farm","8":"product_cat-safari","9":"product_cat-tru-bong-handmade","10":"product_tag-dinosaur","11":"product_tag-farm","12":"product_tag-handmade-balloon","13":"product_tag-jungle","14":"product_tag-safari","16":"first","17":"instock","18":"shipping-taxable","19":"purchasable","20":"product-type-simple"},"_links":{"self":[{"href":"https:\/\/chuparty.vn\/index.php?rest_route=\/wp\/v2\/product\/3247","targetHints":{"allow":["GET"]}}],"collection":[{"href":"https:\/\/chuparty.vn\/index.php?rest_route=\/wp\/v2\/product"}],"about":[{"href":"https:\/\/chuparty.vn\/index.php?rest_route=\/wp\/v2\/types\/product"}],"replies":[{"embeddable":true,"href":"https:\/\/chuparty.vn\/index.php?rest_route=%2Fwp%2Fv2%2Fcomments&post=3247"}],"wp:featuredmedia":[{"embeddable":true,"href":"https:\/\/chuparty.vn\/index.php?rest_route=\/wp\/v2\/media\/3250"}],"wp:attachment":[{"href":"https:\/\/chuparty.vn\/index.php?rest_route=%2Fwp%2Fv2%2Fmedia&parent=3247"}],"wp:term":[{"taxonomy":"product_cat","embeddable":true,"href":"https:\/\/chuparty.vn\/index.php?rest_route=%2Fwp%2Fv2%2Fproduct_cat&post=3247"},{"taxonomy":"product_tag","embeddable":true,"href":"https:\/\/chuparty.vn\/index.php?rest_route=%2Fwp%2Fv2%2Fproduct_tag&post=3247"}],"curies":[{"name":"wp","href":"https:\/\/api.w.org\/{rel}","templated":true}]}}