{"id":3193,"date":"2022-06-06T20:21:31","date_gmt":"2022-06-06T13:21:31","guid":{"rendered":"https:\/\/chuparty.vn\/?post_type=product&#038;p=3193"},"modified":"2025-06-12T17:28:58","modified_gmt":"2025-06-12T10:28:58","slug":"bong-hinh-ngua-van","status":"publish","type":"product","link":"https:\/\/chuparty.vn\/?product=bong-hinh-ngua-van","title":{"rendered":"B\u00d3NG H\u00ccNH NG\u1ef0A V\u1eb0N"},"content":{"rendered":"<p><strong>Chi ti\u1ebft s\u1ea3n ph\u1ea9m<\/strong><\/p>\n<ul>\n<li>K\u00edch th\u01b0\u1edbc:\u00a0 75*100cm<\/li>\n<li>Ch\u1ea5t li\u1ec7u: nh\u00f4m ki\u1ebfng<\/li>\n<li>C\u00e1ch th\u1ee9c \u0111\u00f3ng g\u00f3i : 1 b\u00f3ng\/t\u00fai + \u1ed1ng h\u00fat \u0111\u1ec3 th\u1ed5i b\u00f3ng.<br \/>\n(B\u00f3ng giao \u1edf tr\u1ea1ng th\u00e1i ch\u01b0a b\u01a1m)<img loading=\"lazy\" decoding=\"async\" class=\"alignnone wp-image-3199\" src=\"https:\/\/chuparty.vn\/wp-content\/uploads\/2022\/06\/72526517_1771510859659213_305844578198487040_n.jpg\" alt=\"\" width=\"361\" height=\"274\" \/><\/li>\n<\/ul>\n","protected":false},"excerpt":{"rendered":"<p>Chi ti\u1ebft s\u1ea3n ph\u1ea9m K\u00edch th\u01b0\u1edbc:\u00a0 75*100cm Ch\u1ea5t li\u1ec7u: nh\u00f4m ki\u1ebfng C\u00e1ch th\u1ee9c \u0111\u00f3ng g\u00f3i : 1 b\u00f3ng\/t\u00fai + \u1ed1ng h\u00fat \u0111\u1ec3 th\u1ed5i b\u00f3ng. (B\u00f3ng giao \u1edf tr\u1ea1ng th\u00e1i ch\u01b0a b\u01a1m)<\/p>\n","protected":false},"featured_media":3194,"comment_status":"open","ping_status":"closed","template":"","meta":[],"product_cat":[492,260,46,430],"product_tag":[47,374,261],"class_list":{"0":"post-3193","1":"product","2":"type-product","3":"status-publish","4":"has-post-thumbnail","6":"product_cat-black-white","7":"product_cat-safari","8":"product_cat-bong-hinh","9":"product_cat-dong-gia-30k-35k","10":"product_tag-bong-hinh","11":"product_tag-jungle","12":"product_tag-safari","14":"first","15":"instock","16":"shipping-taxable","17":"purchasable","18":"product-type-simple"},"_links":{"self":[{"href":"https:\/\/chuparty.vn\/index.php?rest_route=\/wp\/v2\/product\/3193","targetHints":{"allow":["GET"]}}],"collection":[{"href":"https:\/\/chuparty.vn\/index.php?rest_route=\/wp\/v2\/product"}],"about":[{"href":"https:\/\/chuparty.vn\/index.php?rest_route=\/wp\/v2\/types\/product"}],"replies":[{"embeddable":true,"href":"https:\/\/chuparty.vn\/index.php?rest_route=%2Fwp%2Fv2%2Fcomments&post=3193"}],"wp:featuredmedia":[{"embeddable":true,"href":"https:\/\/chuparty.vn\/index.php?rest_route=\/wp\/v2\/media\/3194"}],"wp:attachment":[{"href":"https:\/\/chuparty.vn\/index.php?rest_route=%2Fwp%2Fv2%2Fmedia&parent=3193"}],"wp:term":[{"taxonomy":"product_cat","embeddable":true,"href":"https:\/\/chuparty.vn\/index.php?rest_route=%2Fwp%2Fv2%2Fproduct_cat&post=3193"},{"taxonomy":"product_tag","embeddable":true,"href":"https:\/\/chuparty.vn\/index.php?rest_route=%2Fwp%2Fv2%2Fproduct_tag&post=3193"}],"curies":[{"name":"wp","href":"https:\/\/api.w.org\/{rel}","templated":true}]}}