{"id":3163,"date":"2022-05-26T17:32:30","date_gmt":"2022-05-26T10:32:30","guid":{"rendered":"https:\/\/chuparty.vn\/?post_type=product&#038;p=3163"},"modified":"2024-11-05T11:18:26","modified_gmt":"2024-11-05T04:18:26","slug":"day-co-tam-giac-go","status":"publish","type":"product","link":"https:\/\/chuparty.vn\/?product=day-co-tam-giac-go","title":{"rendered":"D\u00c2Y C\u1edc TAM GI\u00c1C G\u1ed6"},"content":{"rendered":"<p><strong>Chi ti\u1ebft s\u1ea3n ph\u1ea9m:<br \/>\n<\/strong><\/p>\n<ul>\n<li>K\u00edch th\u01b0\u1edbc: 13cm*120cm<\/li>\n<li>Ch\u1ea5t li\u1ec7u: g\u1ed7<\/li>\n<li>M\u00e0u s\u1eafc: n\u00e2u g\u1ed7<\/li>\n<li>C\u00e1ch th\u1ee9c \u0111\u00f3ng g\u00f3i : 7 c\u1edd\/t\u00fai<\/li>\n<\/ul>\n<p><img loading=\"lazy\" decoding=\"async\" class=\"alignnone wp-image-3166\" src=\"https:\/\/chuparty.vn\/wp-content\/uploads\/2022\/05\/z3443747843767_fc6ac3b396f0bd0a53a1c3d8aca6c2ea-394x420.jpg\" alt=\"\" width=\"163\" height=\"174\" srcset=\"https:\/\/chuparty.vn\/wp-content\/uploads\/2022\/05\/z3443747843767_fc6ac3b396f0bd0a53a1c3d8aca6c2ea-394x420.jpg 394w, https:\/\/chuparty.vn\/wp-content\/uploads\/2022\/05\/z3443747843767_fc6ac3b396f0bd0a53a1c3d8aca6c2ea-475x506.jpg 475w, https:\/\/chuparty.vn\/wp-content\/uploads\/2022\/05\/z3443747843767_fc6ac3b396f0bd0a53a1c3d8aca6c2ea-768x819.jpg 768w, https:\/\/chuparty.vn\/wp-content\/uploads\/2022\/05\/z3443747843767_fc6ac3b396f0bd0a53a1c3d8aca6c2ea.jpg 1242w\" sizes=\"auto, (max-width: 163px) 100vw, 163px\" \/><\/p>\n","protected":false},"excerpt":{"rendered":"<p>Chi ti\u1ebft s\u1ea3n ph\u1ea9m: K\u00edch th\u01b0\u1edbc: 13cm*120cm Ch\u1ea5t li\u1ec7u: g\u1ed7 M\u00e0u s\u1eafc: n\u00e2u g\u1ed7 C\u00e1ch th\u1ee9c \u0111\u00f3ng g\u00f3i : 7 c\u1edd\/t\u00fai<\/p>\n","protected":false},"featured_media":3164,"comment_status":"open","ping_status":"closed","template":"","meta":[],"product_cat":[512,104,322,422,327,28],"product_tag":[41,106],"class_list":{"0":"post-3163","1":"product","2":"type-product","3":"status-publish","4":"has-post-thumbnail","6":"product_cat-sale-off-30","7":"product_cat-vintage","8":"product_cat-christmas","9":"product_cat-banner-xmas","10":"product_cat-day-treo-garland","11":"product_cat-sale","12":"product_tag-banner","13":"product_tag-vintage","15":"first","16":"instock","17":"sale","18":"shipping-taxable","19":"purchasable","20":"product-type-simple"},"_links":{"self":[{"href":"https:\/\/chuparty.vn\/index.php?rest_route=\/wp\/v2\/product\/3163","targetHints":{"allow":["GET"]}}],"collection":[{"href":"https:\/\/chuparty.vn\/index.php?rest_route=\/wp\/v2\/product"}],"about":[{"href":"https:\/\/chuparty.vn\/index.php?rest_route=\/wp\/v2\/types\/product"}],"replies":[{"embeddable":true,"href":"https:\/\/chuparty.vn\/index.php?rest_route=%2Fwp%2Fv2%2Fcomments&post=3163"}],"wp:featuredmedia":[{"embeddable":true,"href":"https:\/\/chuparty.vn\/index.php?rest_route=\/wp\/v2\/media\/3164"}],"wp:attachment":[{"href":"https:\/\/chuparty.vn\/index.php?rest_route=%2Fwp%2Fv2%2Fmedia&parent=3163"}],"wp:term":[{"taxonomy":"product_cat","embeddable":true,"href":"https:\/\/chuparty.vn\/index.php?rest_route=%2Fwp%2Fv2%2Fproduct_cat&post=3163"},{"taxonomy":"product_tag","embeddable":true,"href":"https:\/\/chuparty.vn\/index.php?rest_route=%2Fwp%2Fv2%2Fproduct_tag&post=3163"}],"curies":[{"name":"wp","href":"https:\/\/api.w.org\/{rel}","templated":true}]}}