{"id":3159,"date":"2022-05-26T13:41:26","date_gmt":"2022-05-26T06:41:26","guid":{"rendered":"https:\/\/chuparty.vn\/?post_type=product&#038;p=3159"},"modified":"2025-02-07T10:48:04","modified_gmt":"2025-02-07T03:48:04","slug":"co-vai-hpbd-trang-den-90150cm","status":"publish","type":"product","link":"https:\/\/chuparty.vn\/?product=co-vai-hpbd-trang-den-90150cm","title":{"rendered":"C\u1edc V\u1ea2I B&#038;W HAPPY BIRTHDAY (BE DONE IN LOVE) 90*150cm"},"content":{"rendered":"<p><strong>Chi ti\u1ebft s\u1ea3n ph\u1ea9m<\/strong><\/p>\n<ul>\n<li>K\u00edch th\u01b0\u1edbc: 90cm*150cm<\/li>\n<li>Ch\u1ea5t li\u1ec7u: v\u1ea3i,<\/li>\n<li>M\u00e0u s\u1eafc: n\u1ec1n tr\u1eafng<\/li>\n<li>C\u00e1ch th\u1ee9c \u0111\u00f3ng g\u00f3i : 1 c\u00e1i + 4 m\u00f3c\/t\u00fai<\/li>\n<\/ul>\n","protected":false},"excerpt":{"rendered":"<p>Chi ti\u1ebft s\u1ea3n ph\u1ea9m K\u00edch th\u01b0\u1edbc: 90cm*150cm Ch\u1ea5t li\u1ec7u: v\u1ea3i, M\u00e0u s\u1eafc: n\u1ec1n tr\u1eafng C\u00e1ch th\u1ee9c \u0111\u00f3ng g\u00f3i : 1 c\u00e1i + 4 m\u00f3c\/t\u00fai<\/p>\n","protected":false},"featured_media":3160,"comment_status":"open","ping_status":"closed","template":"","meta":[],"product_cat":[104,147,391],"product_tag":[146,378,106],"class_list":{"0":"post-3159","1":"product","2":"type-product","3":"status-publish","4":"has-post-thumbnail","6":"product_cat-vintage","7":"product_cat-backdrop","8":"product_cat-co-vai","9":"product_tag-backdrop","10":"product_tag-co-vai","11":"product_tag-vintage","13":"first","14":"outofstock","15":"shipping-taxable","16":"purchasable","17":"product-type-simple"},"_links":{"self":[{"href":"https:\/\/chuparty.vn\/index.php?rest_route=\/wp\/v2\/product\/3159","targetHints":{"allow":["GET"]}}],"collection":[{"href":"https:\/\/chuparty.vn\/index.php?rest_route=\/wp\/v2\/product"}],"about":[{"href":"https:\/\/chuparty.vn\/index.php?rest_route=\/wp\/v2\/types\/product"}],"replies":[{"embeddable":true,"href":"https:\/\/chuparty.vn\/index.php?rest_route=%2Fwp%2Fv2%2Fcomments&post=3159"}],"wp:featuredmedia":[{"embeddable":true,"href":"https:\/\/chuparty.vn\/index.php?rest_route=\/wp\/v2\/media\/3160"}],"wp:attachment":[{"href":"https:\/\/chuparty.vn\/index.php?rest_route=%2Fwp%2Fv2%2Fmedia&parent=3159"}],"wp:term":[{"taxonomy":"product_cat","embeddable":true,"href":"https:\/\/chuparty.vn\/index.php?rest_route=%2Fwp%2Fv2%2Fproduct_cat&post=3159"},{"taxonomy":"product_tag","embeddable":true,"href":"https:\/\/chuparty.vn\/index.php?rest_route=%2Fwp%2Fv2%2Fproduct_tag&post=3159"}],"curies":[{"name":"wp","href":"https:\/\/api.w.org\/{rel}","templated":true}]}}