{"id":3095,"date":"2022-05-25T12:38:42","date_gmt":"2022-05-25T05:38:42","guid":{"rendered":"https:\/\/chuparty.vn\/?post_type=product&#038;p=3095"},"modified":"2024-10-07T16:38:31","modified_gmt":"2024-10-07T09:38:31","slug":"combo-bong-bay-super-hero-2","status":"publish","type":"product","link":"https:\/\/chuparty.vn\/?product=combo-bong-bay-super-hero-2","title":{"rendered":"COMBO B\u00d3NG BAY SUPER HERO"},"content":{"rendered":"<p><strong>Chi ti\u1ebft s\u1ea3n ph\u1ea9m:<\/strong> Combo B\u00f3ng Super Hero g\u1ed3m:<\/p>\n<ul>\n<li>1 DIY Super Hero (b\u01a1m th\u01b0\u1eddng &#8211; \u0111\u00e3 l\u00e0m th\u00e0nh ph\u1ea9m)<\/li>\n<li>2 Set Mix Super Hero (24 b\u00f3ng tr\u00f2n b\u01a1m kh\u00ed helium)<\/li>\n<li>1 Combo b\u00f3ng Spiderman (set 5 b\u00f3ng h\u00ecnh, c\u00f3 4 b\u00f3ng sao\/tr\u00f2n b\u01a1m helium, b\u00f3ng Spiderman b\u01a1m kh\u00ed th\u01b0\u1eddng)<\/li>\n<\/ul>\n<p><strong>CHU cam k\u1ebft ch\u1ec9 s\u1eed d\u1ee5ng DUY NH\u1ea4T kh\u00ed Helium an to\u00e0n, kh\u00f4ng g\u00e2y ch\u00e1y n\u1ed5. Kh\u00ed Heli thu\u1ed9c kh\u00ed hi\u1ebfm v\u00e0 \u0111\u01b0\u1ee3c nh\u1eadp kh\u1ea9u n\u00ean gi\u00e1 th\u00e0nh cao h\u01a1n Hidro r\u1ea5t nhi\u1ec1u (kh\u00ed Hidro nguy hi\u1ec3m g\u00e2y ch\u00e1y n\u1ed5)<\/strong><\/p>\n<p>+ B\u00f3ng Jumbo\/ b\u00f3ng bay s\u1ebd \u0111\u01b0\u1ee3c giao b\u1eb1ng grab car\/taxi, \u0111\u1ec3 gi\u1eef an to\u00e0n cho bong b\u00f3ng tr\u01b0\u1edbc th\u1eddi ti\u1ebft (n\u1eafng ho\u1eb7c m\u01b0a) gi\u00fap cho b\u00f3ng gi\u1eef \u0111\u01b0\u1ee3c m\u00e0u s\u1eafc kh\u00f4ng b\u1ecb xu\u1ed1ng m\u00e0u ho\u1eb7c b\u1ecb b\u1ec3 do va \u0111\u1eadp. \u00a0Ph\u00ed v\u1eadn chuy\u1ec3n s\u1ebd \u0111\u01b0\u1ee3c th\u00f4ng b\u00e1o khi book xe .<br \/>\n+ B\u00f3ng Jumbo\/ b\u00f3ng bay \u0111\u1eb9p nh\u1ea5t t\u1eeb 6-8 ti\u1ebfng \u0111\u1ea7u (trong th\u1eddi gian n\u00e0y b\u00f3ng s\u1ebd lu\u00f4n s\u00e1ng \u0111\u1eb9p v\u00e0 \u0111\u1ed9 bay s\u1ebd \u0111\u01b0\u1ee3c \u0111\u1ea3m b\u1ea3o t\u1ed1t nh\u1ea5t.<br \/>\n+ H\u1ea1n ch\u1ebf \u0111\u1ec3 bong b\u00f3ng \u1edf ngo\u00e0i tr\u1eddi ho\u1eb7c n\u01a1i c\u00f3 nhi\u1ec7t \u0111\u1ed9 cao, g\u1ea7n m\u1eb7t tr\u1eddi ho\u1eb7c \u00e1nh \u0111\u00e8n n\u00f3ng s\u1ebd l\u00e0m v\u1ee1 b\u00f3ng.<\/p>\n","protected":false},"excerpt":{"rendered":"<p>Chi ti\u1ebft s\u1ea3n ph\u1ea9m: Combo B\u00f3ng Super Hero g\u1ed3m: 1 DIY Super Hero (b\u01a1m th\u01b0\u1eddng &#8211; \u0111\u00e3 l\u00e0m th\u00e0nh ph\u1ea9m) 2 Set Mix Super Hero (24 b\u00f3ng tr\u00f2n b\u01a1m kh\u00ed helium) 1 Combo b\u00f3ng Spiderman (set 5 b\u00f3ng h\u00ecnh, c\u00f3 4 b\u00f3ng sao\/tr\u00f2n b\u01a1m helium, b\u00f3ng Spiderman b\u01a1m kh\u00ed th\u01b0\u1eddng) CHU cam k\u1ebft ch\u1ec9 s\u1eed [&hellip;]<\/p>\n","protected":false},"featured_media":3114,"comment_status":"open","ping_status":"closed","template":"","meta":[],"product_cat":[338,88,416],"product_tag":[116,100],"class_list":{"0":"post-3095","1":"product","2":"type-product","3":"status-publish","4":"has-post-thumbnail","6":"product_cat-super-hero","7":"product_cat-combo-bong-bay-helium","8":"product_cat-cartoon-animal","9":"product_tag-combo-bong-bay","10":"product_tag-combo-bong-hinh","12":"first","13":"instock","14":"shipping-taxable","15":"purchasable","16":"product-type-simple"},"_links":{"self":[{"href":"https:\/\/chuparty.vn\/index.php?rest_route=\/wp\/v2\/product\/3095","targetHints":{"allow":["GET"]}}],"collection":[{"href":"https:\/\/chuparty.vn\/index.php?rest_route=\/wp\/v2\/product"}],"about":[{"href":"https:\/\/chuparty.vn\/index.php?rest_route=\/wp\/v2\/types\/product"}],"replies":[{"embeddable":true,"href":"https:\/\/chuparty.vn\/index.php?rest_route=%2Fwp%2Fv2%2Fcomments&post=3095"}],"wp:featuredmedia":[{"embeddable":true,"href":"https:\/\/chuparty.vn\/index.php?rest_route=\/wp\/v2\/media\/3114"}],"wp:attachment":[{"href":"https:\/\/chuparty.vn\/index.php?rest_route=%2Fwp%2Fv2%2Fmedia&parent=3095"}],"wp:term":[{"taxonomy":"product_cat","embeddable":true,"href":"https:\/\/chuparty.vn\/index.php?rest_route=%2Fwp%2Fv2%2Fproduct_cat&post=3095"},{"taxonomy":"product_tag","embeddable":true,"href":"https:\/\/chuparty.vn\/index.php?rest_route=%2Fwp%2Fv2%2Fproduct_tag&post=3095"}],"curies":[{"name":"wp","href":"https:\/\/api.w.org\/{rel}","templated":true}]}}