{"id":3008,"date":"2022-05-23T17:39:44","date_gmt":"2022-05-23T10:39:44","guid":{"rendered":"https:\/\/chuparty.vn\/?post_type=product&#038;p=3008"},"modified":"2025-04-03T11:28:10","modified_gmt":"2025-04-03T04:28:10","slug":"diy-fire-fighter","status":"publish","type":"product","link":"https:\/\/chuparty.vn\/?product=diy-fire-fighter","title":{"rendered":"DIY FIRE FIGHTER"},"content":{"rendered":"<p><strong>DIY \u2013 DO IT YOURSELF &#8211; T\u00d4I T\u1ef0 L\u00c0M:<\/strong> l\u00e0 c\u00e1ch l\u00e0m ph\u1ed5 bi\u1ebfn hi\u1ec7n nay gi\u00fap cho c\u00e1c b\u1ea1n c\u00f3 th\u1ec3 t\u1ef1 tay m\u00ecnh th\u1ef1c hi\u1ec7n d\u00e2y b\u00f3ng trang tr\u00ed cho bu\u1ed5i ti\u1ec7c th\u1eadt lung linh m\u00e0 kh\u00f4ng c\u1ea7n ph\u1ea3i thu\u00ea d\u1ecbch v\u1ee5 chuy\u00ean nghi\u1ec7p, ti\u1ebft ki\u1ec7m chi ph\u00ed, t\u1ed1i \u01b0u h\u00f3a th\u1eddi gian.<\/p>\n<p>+ B\u00f3ng giao \u1edf tr\u1ea1ng th\u00e1i ch\u01b0a b\u01a1m; c\u00f3 th\u1ec3 d\u00f9ng b\u01a1m \u0111i\u1ec7n ho\u1eb7c b\u01a1m tay \u0111\u1ec3 b\u01a1m bong b\u00f3ng.<br \/>\n+ Tr\u00e1nh \u0111\u1ec3 b\u00f3ng \u0111\u00e3 b\u01a1m \u1edf n\u01a1i c\u00f3 v\u1eadt nh\u1ecdn, ho\u1eb7c \u0111\u00e8n t\u1ecfa nhi\u1ec7t n\u00f3ng l\u00e0m v\u1ee1\/b\u1ec3 b\u00f3ng, ho\u1eb7c ngo\u00e0i tr\u1eddi n\u01a1i c\u00f3 tia n\u1eafng cao s\u1ebd l\u00e0m b\u00f3ng m\u1ea5t \u0111\u1ed9 s\u00e1ng b\u00f3ng. Nhi\u1ec7t \u0111\u1ed9 ph\u00f2ng c\u00e0ng th\u1ea5p b\u00f3ng s\u1ebd gi\u1eef \u0111\u01b0\u1ee3c m\u00e0u v\u00e0 s\u1ef1 t\u01b0\u01a1i s\u00e1ng l\u00e2u h\u01a1n.<br \/>\n<strong>+ C\u00e1ch th\u1ef1c hi\u1ec7n d\u00e2y b\u00f3ng nh\u01b0 sau:<br \/>\n<\/strong><strong>\u00a0 \u00a0 \u00a0 B\u01af\u1edaC 1:<\/strong> B\u01a1m b\u00f3ng, th\u1eaft \u0111u\u00f4i b\u00f3ng. Khi b\u01a1m b\u00f3ng, ch\u1ec9 b\u01a1m kho\u1ea3ng 80% th\u1ec3 t\u00edch, KH\u00d4NG b\u01a1m \u0111\u1ea7y h\u01a1i \u0111\u1ebfn ph\u1ea7n \u0111u\u00f4i b\u00f3ng s\u1ebd g\u00e2y b\u1ec3 b\u00f3ng, ph\u1ea3i \u0111\u1ec3 b\u00f3ng c\u00f3 s\u1ef1 \u0111\u00e0n h\u1ed3i c\u00f3 th\u1ec3 \u1ea5n ho\u1eb7c b\u00f3p nh\u1eb9 b\u00f3ng \u0111\u1ec3 th\u0103m d\u00f2, n\u1ebfu b\u00f3ng c\u0103ng c\u1ee9ng kh\u00f4ng \u0111\u00e0n h\u1ed3i th\u00ec n\u00ean x\u1ea3 b\u1edbt kh\u00ed.<br \/>\n<strong>\u00a0 \u00a0 \u00a0 B\u01af\u1edaC 2:<\/strong> G\u1eafn l\u1ea7n l\u01b0\u1ee3t c\u00e1c b\u00f3ng \u0111\u00e3 b\u01a1m l\u00ean d\u00e2y k\u1ebft b\u00f3ng b\u1eb1ng c\u00e1ch x\u1ecf \u0111u\u00f4i b\u00f3ng v\u00e0o l\u1ed7 tr\u00f2n tr\u00ean d\u00e2y.<br \/>\n<strong>\u00a0 \u00a0 \u00a0B\u01af\u1edaC 3:<\/strong> c\u1ed1 \u0111\u1ecbnh b\u00f3ng tr\u00ean d\u00e2y b\u1eb1ng c\u00e1ch \u0111\u1ea9y \u0111u\u00f4i b\u00f3ng v\u1ec1 ph\u00eda l\u1ed7 nh\u1ecf, m\u1ed9t l\u1ed7 tr\u00f2n c\u00f3 th\u1ec3 g\u1eafn 2-3 b\u00f3ng, c\u00f3 th\u1ec3 c\u1ed9t 2 \u0111u\u00f4i b\u00f3ng v\u00e0o nhau \u0111\u1ec3 kh\u1ecfi r\u1edbt kh\u1ecfi l\u1ed7<br \/>\n<strong>\u00a0 \u00a0 \u00a0B\u01af\u1edaC 4:<\/strong> sau khi \u0111\u00e3 g\u1eafn xong b\u00f3ng, h\u00ecnh th\u00e0nh d\u00e2y b\u00f3ng, treo (ho\u1eb7c d\u00e1n) d\u00e2y b\u00f3ng l\u00ean khu v\u1ef1c, v\u00e1ch c\u1ea7n trang tr\u00ed.<\/p>\n<p><img loading=\"lazy\" decoding=\"async\" class=\"alignnone wp-image-3013\" src=\"https:\/\/chuparty.vn\/wp-content\/uploads\/2022\/05\/86185824_2581666605277361_5606526986802429952_o-420x420.jpg\" alt=\"\" width=\"336\" height=\"336\" srcset=\"https:\/\/chuparty.vn\/wp-content\/uploads\/2022\/05\/86185824_2581666605277361_5606526986802429952_o-420x420.jpg 420w, https:\/\/chuparty.vn\/wp-content\/uploads\/2022\/05\/86185824_2581666605277361_5606526986802429952_o-506x506.jpg 506w, https:\/\/chuparty.vn\/wp-content\/uploads\/2022\/05\/86185824_2581666605277361_5606526986802429952_o-768x768.jpg 768w, https:\/\/chuparty.vn\/wp-content\/uploads\/2022\/05\/86185824_2581666605277361_5606526986802429952_o-100x100.jpg 100w, https:\/\/chuparty.vn\/wp-content\/uploads\/2022\/05\/86185824_2581666605277361_5606526986802429952_o-400x400.jpg 400w, https:\/\/chuparty.vn\/wp-content\/uploads\/2022\/05\/86185824_2581666605277361_5606526986802429952_o-700x700.jpg 700w, https:\/\/chuparty.vn\/wp-content\/uploads\/2022\/05\/86185824_2581666605277361_5606526986802429952_o-150x150.jpg 150w, https:\/\/chuparty.vn\/wp-content\/uploads\/2022\/05\/86185824_2581666605277361_5606526986802429952_o.jpg 960w\" sizes=\"auto, (max-width: 336px) 100vw, 336px\" \/><\/p>\n","protected":false},"excerpt":{"rendered":"<p><strong>M\u00f4 t\u1ea3 s\u1ea3n ph\u1ea9m: D\u00e2y b\u00f3ng t\u1ef1 l\u00e0m ch\u1ee7 \u0111\u1ec1 C\u1ee9u H\u1ecfa g\u1ed3m:<\/strong><br \/>\n1 b\u00f3ng xe c\u1ee9u h\u1ecfa<br \/>\n12 b\u00f3ng tr\u00f2n m\u00e0u v\u00e0ng, cam, \u0111en 25cm<br \/>\n50 b\u00f3ng tr\u00f2n m\u00e0u v\u00e0ng, cam, \u0111en 10cm<br \/>\n1 d\u00e2y k\u1ebft b\u00f3ng 5M<br \/>\n1 cu\u1ed9n keo d\u00e1n b\u00f3ng<br \/>\n(gi\u00e1 tr\u00ean ch\u01b0a bao g\u1ed3m ph\u00ed b\u01a1m v\u00e0 k\u1ebft b\u00f3ng)<\/p>\n","protected":false},"featured_media":1369,"comment_status":"open","ping_status":"closed","template":"","meta":[],"product_cat":[256,366,490],"product_tag":[367,257],"class_list":{"0":"post-3008","1":"product","2":"type-product","3":"status-publish","4":"has-post-thumbnail","6":"product_cat-fire-fighter","7":"product_cat-combo-bong-tru-handmade","8":"product_cat-day-bong-handmade","9":"product_tag-diy","10":"product_tag-fire-fighter","12":"first","13":"instock","14":"shipping-taxable","15":"purchasable","16":"product-type-simple"},"_links":{"self":[{"href":"https:\/\/chuparty.vn\/index.php?rest_route=\/wp\/v2\/product\/3008","targetHints":{"allow":["GET"]}}],"collection":[{"href":"https:\/\/chuparty.vn\/index.php?rest_route=\/wp\/v2\/product"}],"about":[{"href":"https:\/\/chuparty.vn\/index.php?rest_route=\/wp\/v2\/types\/product"}],"replies":[{"embeddable":true,"href":"https:\/\/chuparty.vn\/index.php?rest_route=%2Fwp%2Fv2%2Fcomments&post=3008"}],"wp:featuredmedia":[{"embeddable":true,"href":"https:\/\/chuparty.vn\/index.php?rest_route=\/wp\/v2\/media\/1369"}],"wp:attachment":[{"href":"https:\/\/chuparty.vn\/index.php?rest_route=%2Fwp%2Fv2%2Fmedia&parent=3008"}],"wp:term":[{"taxonomy":"product_cat","embeddable":true,"href":"https:\/\/chuparty.vn\/index.php?rest_route=%2Fwp%2Fv2%2Fproduct_cat&post=3008"},{"taxonomy":"product_tag","embeddable":true,"href":"https:\/\/chuparty.vn\/index.php?rest_route=%2Fwp%2Fv2%2Fproduct_tag&post=3008"}],"curies":[{"name":"wp","href":"https:\/\/api.w.org\/{rel}","templated":true}]}}