{"id":2973,"date":"2022-05-23T13:28:27","date_gmt":"2022-05-23T06:28:27","guid":{"rendered":"https:\/\/chuparty.vn\/?post_type=product&#038;p=2973"},"modified":"2025-05-09T16:37:56","modified_gmt":"2025-05-09T09:37:56","slug":"combo-5-bong-grad","status":"publish","type":"product","link":"https:\/\/chuparty.vn\/?product=combo-5-bong-grad","title":{"rendered":"COMBO 5 B\u00d3NG GRAD"},"content":{"rendered":"<p><strong>Th\u00f4ng tin s\u1ea3n ph\u1ea9m:<br \/>\n<\/strong><br \/>\n+ Combo g\u1ed3m: 5 b\u00f3ng ch\u1ee7 \u0111\u1ec1 GRAD g\u1ed3m: 3 b\u00f3ng tr\u00f2n in h\u00ecnh GRAD 40cm + 2 b\u00f3ng ng\u00f4i sao \u0111en 40cm<\/p>\n<p>+ C\u00e1ch th\u1ee9c \u0111\u00f3ng g\u00f3i: 5 b\u00f3ng\/t\u00fai + \u1ed1ng h\u00fat th\u1ed5i b\u00f3ng.<\/p>\n<p><strong>\u2013&gt;<\/strong>\u00a0B\u00f3ng \u0111\u01b0\u1ee3c giao \u1edf tr\u1ea1ng th\u00e1i ch\u01b0a b\u01a1m, b\u00f3ng c\u00f3 th\u1ec3 b\u01a1m b\u1eb1ng m\u00e1y b\u01a1m\/b\u01a1m tay ho\u1eb7c kh\u00ed helium t\u00f9y theo nhu c\u1ea7u s\u1eed d\u1ee5ng.<\/p>\n<p><strong>\u2013&gt;<\/strong>\u00a0N\u1ebfu b\u1ea1n c\u00f3 nhu c\u1ea7u b\u01a1m kh\u00ed helium \u0111\u1ec3 b\u00f3ng bay, vui l\u00f2ng li\u00ean h\u1ec7 v\u1edbi nh\u00e2n vi\u00ean b\u00e1n h\u00e0ng \u0111\u1ec3 \u0111\u01b0\u1ee3c t\u01b0 v\u1ea5n v\u00e0 b\u00e1o gi\u00e1.<\/p>\n","protected":false},"excerpt":{"rendered":"<p>Th\u00f4ng tin s\u1ea3n ph\u1ea9m: + Combo g\u1ed3m: 5 b\u00f3ng ch\u1ee7 \u0111\u1ec1 GRAD g\u1ed3m: 3 b\u00f3ng tr\u00f2n in h\u00ecnh GRAD 40cm + 2 b\u00f3ng ng\u00f4i sao \u0111en 40cm + C\u00e1ch th\u1ee9c \u0111\u00f3ng g\u00f3i: 5 b\u00f3ng\/t\u00fai + \u1ed1ng h\u00fat th\u1ed5i b\u00f3ng. \u2013&gt;\u00a0B\u00f3ng \u0111\u01b0\u1ee3c giao \u1edf tr\u1ea1ng th\u00e1i ch\u01b0a b\u01a1m, b\u00f3ng c\u00f3 th\u1ec3 b\u01a1m b\u1eb1ng m\u00e1y b\u01a1m\/b\u01a1m tay [&hellip;]<\/p>\n","protected":false},"featured_media":2974,"comment_status":"open","ping_status":"closed","template":"","meta":[],"product_cat":[365,87],"product_tag":[100,353],"class_list":{"0":"post-2973","1":"product","2":"type-product","3":"status-publish","4":"has-post-thumbnail","6":"product_cat-graduation","7":"product_cat-combo-bong-hinh","8":"product_tag-combo-bong-hinh","9":"product_tag-graduation","11":"first","12":"instock","13":"shipping-taxable","14":"purchasable","15":"product-type-simple"},"_links":{"self":[{"href":"https:\/\/chuparty.vn\/index.php?rest_route=\/wp\/v2\/product\/2973","targetHints":{"allow":["GET"]}}],"collection":[{"href":"https:\/\/chuparty.vn\/index.php?rest_route=\/wp\/v2\/product"}],"about":[{"href":"https:\/\/chuparty.vn\/index.php?rest_route=\/wp\/v2\/types\/product"}],"replies":[{"embeddable":true,"href":"https:\/\/chuparty.vn\/index.php?rest_route=%2Fwp%2Fv2%2Fcomments&post=2973"}],"wp:featuredmedia":[{"embeddable":true,"href":"https:\/\/chuparty.vn\/index.php?rest_route=\/wp\/v2\/media\/2974"}],"wp:attachment":[{"href":"https:\/\/chuparty.vn\/index.php?rest_route=%2Fwp%2Fv2%2Fmedia&parent=2973"}],"wp:term":[{"taxonomy":"product_cat","embeddable":true,"href":"https:\/\/chuparty.vn\/index.php?rest_route=%2Fwp%2Fv2%2Fproduct_cat&post=2973"},{"taxonomy":"product_tag","embeddable":true,"href":"https:\/\/chuparty.vn\/index.php?rest_route=%2Fwp%2Fv2%2Fproduct_tag&post=2973"}],"curies":[{"name":"wp","href":"https:\/\/api.w.org\/{rel}","templated":true}]}}