{"id":2807,"date":"2022-05-11T12:01:30","date_gmt":"2022-05-11T05:01:30","guid":{"rendered":"https:\/\/chuparty.vn\/?post_type=product&#038;p=2807"},"modified":"2026-04-21T11:08:42","modified_gmt":"2026-04-21T04:08:42","slug":"day-co-hong-one","status":"publish","type":"product","link":"https:\/\/chuparty.vn\/?product=day-co-hong-one","title":{"rendered":"D\u00c2Y C\u1edc \u0110U\u00d4I C\u00c1 ONE &#8211; H\u1ed2NG"},"content":{"rendered":"<p><strong>Chi ti\u1ebft s\u1ea3n ph\u1ea9m:<\/strong><\/p>\n<ul>\n<li>K\u00edch th\u01b0\u1edbc : 60cm<\/li>\n<li>Ch\u1ea5t li\u1ec7u: v\u1ea3i d\u1ea1<\/li>\n<li>C\u00e1ch th\u1ee9c \u0111\u00f3ng g\u00f3i: 3 ch\u1eef\/t\u00fai<\/li>\n<\/ul>\n<p><img loading=\"lazy\" decoding=\"async\" class=\"alignnone wp-image-2808\" src=\"https:\/\/chuparty.vn\/wp-content\/uploads\/2022\/05\/69028893_2235453809898644_7513949566710841344_n-420x420.jpg\" alt=\"\" width=\"281\" height=\"281\" srcset=\"https:\/\/chuparty.vn\/wp-content\/uploads\/2022\/05\/69028893_2235453809898644_7513949566710841344_n-420x420.jpg 420w, https:\/\/chuparty.vn\/wp-content\/uploads\/2022\/05\/69028893_2235453809898644_7513949566710841344_n-506x506.jpg 506w, https:\/\/chuparty.vn\/wp-content\/uploads\/2022\/05\/69028893_2235453809898644_7513949566710841344_n-768x768.jpg 768w, https:\/\/chuparty.vn\/wp-content\/uploads\/2022\/05\/69028893_2235453809898644_7513949566710841344_n-100x100.jpg 100w, https:\/\/chuparty.vn\/wp-content\/uploads\/2022\/05\/69028893_2235453809898644_7513949566710841344_n-400x400.jpg 400w, https:\/\/chuparty.vn\/wp-content\/uploads\/2022\/05\/69028893_2235453809898644_7513949566710841344_n-700x700.jpg 700w, https:\/\/chuparty.vn\/wp-content\/uploads\/2022\/05\/69028893_2235453809898644_7513949566710841344_n-150x150.jpg 150w, https:\/\/chuparty.vn\/wp-content\/uploads\/2022\/05\/69028893_2235453809898644_7513949566710841344_n.jpg 800w\" sizes=\"auto, (max-width: 281px) 100vw, 281px\" \/><\/p>\n","protected":false},"excerpt":{"rendered":"<p>Chi ti\u1ebft s\u1ea3n ph\u1ea9m: K\u00edch th\u01b0\u1edbc : 60cm Ch\u1ea5t li\u1ec7u: v\u1ea3i d\u1ea1 C\u00e1ch th\u1ee9c \u0111\u00f3ng g\u00f3i: 3 ch\u1eef\/t\u00fai<\/p>\n","protected":false},"featured_media":2810,"comment_status":"open","ping_status":"closed","template":"","meta":[],"product_cat":[512,137,48,412,28],"product_tag":[134,41,349],"class_list":{"0":"post-2807","1":"product","2":"type-product","3":"status-publish","4":"has-post-thumbnail","6":"product_cat-sale-off-30","7":"product_cat-1st-birthday","8":"product_cat-day-treo-banner","9":"product_cat-dong-gia-40k","10":"product_cat-sale","11":"product_tag-1st-birthday","12":"product_tag-banner","13":"product_tag-dong-gia-60k","15":"first","16":"instock","17":"sale","18":"shipping-taxable","19":"purchasable","20":"product-type-simple"},"_links":{"self":[{"href":"https:\/\/chuparty.vn\/index.php?rest_route=\/wp\/v2\/product\/2807","targetHints":{"allow":["GET"]}}],"collection":[{"href":"https:\/\/chuparty.vn\/index.php?rest_route=\/wp\/v2\/product"}],"about":[{"href":"https:\/\/chuparty.vn\/index.php?rest_route=\/wp\/v2\/types\/product"}],"replies":[{"embeddable":true,"href":"https:\/\/chuparty.vn\/index.php?rest_route=%2Fwp%2Fv2%2Fcomments&post=2807"}],"wp:featuredmedia":[{"embeddable":true,"href":"https:\/\/chuparty.vn\/index.php?rest_route=\/wp\/v2\/media\/2810"}],"wp:attachment":[{"href":"https:\/\/chuparty.vn\/index.php?rest_route=%2Fwp%2Fv2%2Fmedia&parent=2807"}],"wp:term":[{"taxonomy":"product_cat","embeddable":true,"href":"https:\/\/chuparty.vn\/index.php?rest_route=%2Fwp%2Fv2%2Fproduct_cat&post=2807"},{"taxonomy":"product_tag","embeddable":true,"href":"https:\/\/chuparty.vn\/index.php?rest_route=%2Fwp%2Fv2%2Fproduct_tag&post=2807"}],"curies":[{"name":"wp","href":"https:\/\/api.w.org\/{rel}","templated":true}]}}