{"id":2802,"date":"2022-05-11T11:53:31","date_gmt":"2022-05-11T04:53:31","guid":{"rendered":"https:\/\/chuparty.vn\/?post_type=product&#038;p=2802"},"modified":"2026-04-21T11:09:06","modified_gmt":"2026-04-21T04:09:06","slug":"day-chu-i-am-one-2","status":"publish","type":"product","link":"https:\/\/chuparty.vn\/?product=day-chu-i-am-one-2","title":{"rendered":"D\u00c2Y CH\u1eee I AM ONE"},"content":{"rendered":"<p><strong>Chi ti\u1ebft s\u1ea3n ph\u1ea9m:<\/strong><\/p>\n<ul>\n<li>K\u00edch th\u01b0\u1edbc : 1,5m<\/li>\n<li>Ch\u1ea5t li\u1ec7u: gi\u1ea5y cao c\u1ea5p<\/li>\n<li>C\u00e1ch th\u1ee9c \u0111\u00f3ng g\u00f3i: 6 ch\u1eef\/t\u00fai<\/li>\n<\/ul>\n","protected":false},"excerpt":{"rendered":"<p>Chi ti\u1ebft s\u1ea3n ph\u1ea9m: K\u00edch th\u01b0\u1edbc : 1,5m Ch\u1ea5t li\u1ec7u: gi\u1ea5y cao c\u1ea5p C\u00e1ch th\u1ee9c \u0111\u00f3ng g\u00f3i: 6 ch\u1eef\/t\u00fai<\/p>\n","protected":false},"featured_media":2287,"comment_status":"open","ping_status":"closed","template":"","meta":[],"product_cat":[512,137,48,412,28],"product_tag":[134,41,349],"class_list":{"0":"post-2802","1":"product","2":"type-product","3":"status-publish","4":"has-post-thumbnail","6":"product_cat-sale-off-30","7":"product_cat-1st-birthday","8":"product_cat-day-treo-banner","9":"product_cat-dong-gia-40k","10":"product_cat-sale","11":"product_tag-1st-birthday","12":"product_tag-banner","13":"product_tag-dong-gia-60k","15":"first","16":"instock","17":"sale","18":"shipping-taxable","19":"purchasable","20":"product-type-simple"},"_links":{"self":[{"href":"https:\/\/chuparty.vn\/index.php?rest_route=\/wp\/v2\/product\/2802","targetHints":{"allow":["GET"]}}],"collection":[{"href":"https:\/\/chuparty.vn\/index.php?rest_route=\/wp\/v2\/product"}],"about":[{"href":"https:\/\/chuparty.vn\/index.php?rest_route=\/wp\/v2\/types\/product"}],"replies":[{"embeddable":true,"href":"https:\/\/chuparty.vn\/index.php?rest_route=%2Fwp%2Fv2%2Fcomments&post=2802"}],"wp:featuredmedia":[{"embeddable":true,"href":"https:\/\/chuparty.vn\/index.php?rest_route=\/wp\/v2\/media\/2287"}],"wp:attachment":[{"href":"https:\/\/chuparty.vn\/index.php?rest_route=%2Fwp%2Fv2%2Fmedia&parent=2802"}],"wp:term":[{"taxonomy":"product_cat","embeddable":true,"href":"https:\/\/chuparty.vn\/index.php?rest_route=%2Fwp%2Fv2%2Fproduct_cat&post=2802"},{"taxonomy":"product_tag","embeddable":true,"href":"https:\/\/chuparty.vn\/index.php?rest_route=%2Fwp%2Fv2%2Fproduct_tag&post=2802"}],"curies":[{"name":"wp","href":"https:\/\/api.w.org\/{rel}","templated":true}]}}