{"id":2775,"date":"2022-05-10T16:44:21","date_gmt":"2022-05-10T09:44:21","guid":{"rendered":"https:\/\/chuparty.vn\/?post_type=product&#038;p=2775"},"modified":"2024-01-24T11:44:11","modified_gmt":"2024-01-24T04:44:11","slug":"chocolate-gift-balloon","status":"publish","type":"product","link":"https:\/\/chuparty.vn\/?product=chocolate-gift-balloon","title":{"rendered":"CHOCOLATE GIFT BALLOON"},"content":{"rendered":"<p><strong>CHOCOLATE GIFT BALLOON<br \/>\n<\/strong><\/p>\n<p><span class=\"pq6dq46d tbxw36s4 knj5qynh kvgmc6g5 ditlmg2l oygrvhab nvdbi5me sf5mxxl7 gl3lb2sf hhz5lgdu\">M\u00f3n qu\u00e0 b\u1ea5t ng\u1edd d\u00e0nh t\u1eb7ng ng\u01b0\u1eddi th\u00e2n, b\u1ea1n b\u00e8 v\u00f4 c\u00f9ng \u0111\u1ed9c \u0111\u00e1o, th\u00fa v\u1ecb. G\u1ed3m :<\/span><\/p>\n<ul>\n<li dir=\"auto\"><span class=\"pq6dq46d tbxw36s4 knj5qynh kvgmc6g5 ditlmg2l oygrvhab nvdbi5me sf5mxxl7 gl3lb2sf hhz5lgdu\">1 b\u00f3ng Jumbo (kh\u00f4ng b\u01a1m kh\u00ed helium) c\u00f3 d\u00e1n sticker n\u1ed9i dung t\u00f9y ch\u1ecdn theo y\u00eau c\u1ea7u.<\/span><\/li>\n<li dir=\"auto\"><span class=\"pq6dq46d tbxw36s4 knj5qynh kvgmc6g5 ditlmg2l oygrvhab nvdbi5me sf5mxxl7 gl3lb2sf hhz5lgdu\"> 1 h\u1ed9p qu\u00e0 tr\u00f2n <\/span><\/li>\n<li dir=\"auto\"><span class=\"pq6dq46d tbxw36s4 knj5qynh kvgmc6g5 ditlmg2l oygrvhab nvdbi5me sf5mxxl7 gl3lb2sf hhz5lgdu\">1 h\u1ed9p k\u1eb9o chocolate FERRERO ROCHER nh\u1eadp kh\u1ea9u.<br \/>\n<\/span><\/li>\n<li dir=\"auto\"><span class=\"pq6dq46d tbxw36s4 knj5qynh kvgmc6g5 ditlmg2l oygrvhab nvdbi5me sf5mxxl7 gl3lb2sf hhz5lgdu\">n\u01a1 ruy b\u0103ng, thi\u1ec7p, gi\u1ea5y g\u00f3i<\/span><\/li>\n<\/ul>\n<div dir=\"auto\"><span class=\"pq6dq46d tbxw36s4 knj5qynh kvgmc6g5 ditlmg2l oygrvhab nvdbi5me sf5mxxl7 gl3lb2sf hhz5lgdu\">+\u00a0<\/span>Gi\u00e1 s\u1ea3n ph\u1ea9m ch\u01b0a bao g\u1ed3m ph\u00ed giao h\u00e0ng, \u0111\u1ec3 \u0111\u1ea3m b\u1ea3o an to\u00e0n cho b\u00f3ng, Chu ch\u1ec9 giao b\u1eb1ng grab car\/taxi ho\u1eb7c b\u1ea1n c\u00f3 th\u1ec3 nh\u1eadn b\u00f3ng t\u1ea1i C\u1eeda h\u00e0ng.<br \/>\n+ B\u00f3ng \u0111\u1eb9p nh\u1ea5t trong kho\u1ea3ng 6-8 ti\u1ebfng \u0111\u1ea7u ti\u00ean, trong th\u1eddi gian n\u00e0y b\u00f3ng s\u1ebd lu\u00f4n s\u00e1ng \u0111\u1eb9p.<br \/>\n+ H\u1ea1n ch\u1ebf \u0111\u1ec3 bong b\u00f3ng \u1edf ngo\u00e0i tr\u1eddi ho\u1eb7c n\u01a1i c\u00f3 nhi\u1ec7t \u0111\u1ed9 cao, g\u1ea7n m\u1eb7t tr\u1eddi ho\u1eb7c \u00e1nh \u0111\u00e8n n\u00f3ng s\u1ebd l\u00e0m v\u1ee1 b\u00f3ng.<\/div>\n","protected":false},"excerpt":{"rendered":"<p>CHOCOLATE GIFT BALLOON M\u00f3n qu\u00e0 b\u1ea5t ng\u1edd d\u00e0nh t\u1eb7ng ng\u01b0\u1eddi th\u00e2n, b\u1ea1n b\u00e8 v\u00f4 c\u00f9ng \u0111\u1ed9c \u0111\u00e1o, th\u00fa v\u1ecb. G\u1ed3m : 1 b\u00f3ng Jumbo (kh\u00f4ng b\u01a1m kh\u00ed helium) c\u00f3 d\u00e1n sticker n\u1ed9i dung t\u00f9y ch\u1ecdn theo y\u00eau c\u1ea7u. 1 h\u1ed9p qu\u00e0 tr\u00f2n 1 h\u1ed9p k\u1eb9o chocolate FERRERO ROCHER nh\u1eadp kh\u1ea9u. n\u01a1 ruy b\u0103ng, thi\u1ec7p, gi\u1ea5y [&hellip;]<\/p>\n","protected":false},"featured_media":2776,"comment_status":"open","ping_status":"closed","template":"","meta":[],"product_cat":[337,247,107,447],"product_tag":[373,253,139,246],"class_list":{"0":"post-2775","1":"product","2":"type-product","3":"status-publish","4":"has-post-thumbnail","6":"product_cat-grand-opening","7":"product_cat-womens-day","8":"product_cat-surprise-balloon","9":"product_cat-chocolate-gift-balloon","10":"product_tag-chocolate-gift-balloon","11":"product_tag-gift-balloon","12":"product_tag-grand-opening","13":"product_tag-womens-day","15":"first","16":"instock","17":"shipping-taxable","18":"purchasable","19":"product-type-simple"},"_links":{"self":[{"href":"https:\/\/chuparty.vn\/index.php?rest_route=\/wp\/v2\/product\/2775","targetHints":{"allow":["GET"]}}],"collection":[{"href":"https:\/\/chuparty.vn\/index.php?rest_route=\/wp\/v2\/product"}],"about":[{"href":"https:\/\/chuparty.vn\/index.php?rest_route=\/wp\/v2\/types\/product"}],"replies":[{"embeddable":true,"href":"https:\/\/chuparty.vn\/index.php?rest_route=%2Fwp%2Fv2%2Fcomments&post=2775"}],"wp:featuredmedia":[{"embeddable":true,"href":"https:\/\/chuparty.vn\/index.php?rest_route=\/wp\/v2\/media\/2776"}],"wp:attachment":[{"href":"https:\/\/chuparty.vn\/index.php?rest_route=%2Fwp%2Fv2%2Fmedia&parent=2775"}],"wp:term":[{"taxonomy":"product_cat","embeddable":true,"href":"https:\/\/chuparty.vn\/index.php?rest_route=%2Fwp%2Fv2%2Fproduct_cat&post=2775"},{"taxonomy":"product_tag","embeddable":true,"href":"https:\/\/chuparty.vn\/index.php?rest_route=%2Fwp%2Fv2%2Fproduct_tag&post=2775"}],"curies":[{"name":"wp","href":"https:\/\/api.w.org\/{rel}","templated":true}]}}