{"id":2686,"date":"2022-05-09T19:48:29","date_gmt":"2022-05-09T12:48:29","guid":{"rendered":"https:\/\/chuparty.vn\/?post_type=product&#038;p=2686"},"modified":"2023-03-23T13:14:00","modified_gmt":"2023-03-23T06:14:00","slug":"day-co-happy-birthday-multicolor","status":"publish","type":"product","link":"https:\/\/chuparty.vn\/?product=day-co-happy-birthday-multicolor","title":{"rendered":"D\u00c2Y C\u1edc HAPPY BIRTHDAY MULTICOLOR"},"content":{"rendered":"<p>D\u00e2y c\u1edd l\u00e0 ph\u1ee5 ki\u1ec7n kh\u00f4ng th\u1ec3 thi\u1ebfu khi trang tr\u00ed cho bu\u1ed5i ti\u1ec7c sinh nh\u1eadt.<\/p>\n<p><strong>Chi ti\u1ebft s\u1ea3n ph\u1ea9m:<\/strong><\/p>\n<ul>\n<li>K\u00edch th\u01b0\u1edbc : 3m<\/li>\n<li>Ch\u1ea5t li\u1ec7u: gi\u1ea5y m\u00e0u<\/li>\n<li>C\u00e1ch th\u1ee9c \u0111\u00f3ng g\u00f3i: 13 l\u00e1 c\u1edd \/set<\/li>\n<\/ul>\n","protected":false},"excerpt":{"rendered":"<p>D\u00e2y c\u1edd l\u00e0 ph\u1ee5 ki\u1ec7n kh\u00f4ng th\u1ec3 thi\u1ebfu khi trang tr\u00ed cho bu\u1ed5i ti\u1ec7c sinh nh\u1eadt. Chi ti\u1ebft s\u1ea3n ph\u1ea9m: K\u00edch th\u01b0\u1edbc : 3m Ch\u1ea5t li\u1ec7u: gi\u1ea5y m\u00e0u C\u00e1ch th\u1ee9c \u0111\u00f3ng g\u00f3i: 13 l\u00e1 c\u1edd \/set<\/p>\n","protected":false},"featured_media":2687,"comment_status":"open","ping_status":"closed","template":"","meta":[],"product_cat":[48,412],"product_tag":[41,350],"class_list":{"0":"post-2686","1":"product","2":"type-product","3":"status-publish","4":"has-post-thumbnail","6":"product_cat-day-treo-banner","7":"product_cat-dong-gia-40k","8":"product_tag-banner","9":"product_tag-dong-gia-45k","11":"first","12":"instock","13":"shipping-taxable","14":"purchasable","15":"product-type-simple"},"_links":{"self":[{"href":"https:\/\/chuparty.vn\/index.php?rest_route=\/wp\/v2\/product\/2686","targetHints":{"allow":["GET"]}}],"collection":[{"href":"https:\/\/chuparty.vn\/index.php?rest_route=\/wp\/v2\/product"}],"about":[{"href":"https:\/\/chuparty.vn\/index.php?rest_route=\/wp\/v2\/types\/product"}],"replies":[{"embeddable":true,"href":"https:\/\/chuparty.vn\/index.php?rest_route=%2Fwp%2Fv2%2Fcomments&post=2686"}],"wp:featuredmedia":[{"embeddable":true,"href":"https:\/\/chuparty.vn\/index.php?rest_route=\/wp\/v2\/media\/2687"}],"wp:attachment":[{"href":"https:\/\/chuparty.vn\/index.php?rest_route=%2Fwp%2Fv2%2Fmedia&parent=2686"}],"wp:term":[{"taxonomy":"product_cat","embeddable":true,"href":"https:\/\/chuparty.vn\/index.php?rest_route=%2Fwp%2Fv2%2Fproduct_cat&post=2686"},{"taxonomy":"product_tag","embeddable":true,"href":"https:\/\/chuparty.vn\/index.php?rest_route=%2Fwp%2Fv2%2Fproduct_tag&post=2686"}],"curies":[{"name":"wp","href":"https:\/\/api.w.org\/{rel}","templated":true}]}}