{"id":2610,"date":"2022-05-09T14:35:49","date_gmt":"2022-05-09T07:35:49","guid":{"rendered":"https:\/\/chuparty.vn\/?post_type=product&#038;p=2610"},"modified":"2026-02-14T12:44:37","modified_gmt":"2026-02-14T05:44:37","slug":"bang-do-tiec-lo-xo","status":"publish","type":"product","link":"https:\/\/chuparty.vn\/?product=bang-do-tiec-lo-xo","title":{"rendered":"B\u0102NG \u0110\u00d4 TI\u1ec6C L\u00d2 XO"},"content":{"rendered":"<p><strong>Chi ti\u1ebft s\u1ea3n ph\u1ea9m:<br \/>\n<\/strong>Qui c\u00e1ch \u0111\u00f3ng g\u00f3i: 1 c\u00e1i\/t\u00fai<strong><br \/>\n<\/strong>Ch\u1ea5t li\u1ec7u: V\u1ea3i b\u00f4ng m\u1ec1m m\u1ea1i cao c\u1ea5p, c\u00e0i nh\u1ef1a<br \/>\nM\u00e0u s\u1eafc: nhi\u1ec1u m\u00e0u<br \/>\nK\u00edch th\u01b0\u1edbc: 14*20cm<\/p>\n","protected":false},"excerpt":{"rendered":"<p>Chi ti\u1ebft s\u1ea3n ph\u1ea9m: Qui c\u00e1ch \u0111\u00f3ng g\u00f3i: 1 c\u00e1i\/t\u00fai Ch\u1ea5t li\u1ec7u: V\u1ea3i b\u00f4ng m\u1ec1m m\u1ea1i cao c\u1ea5p, c\u00e0i nh\u1ef1a M\u00e0u s\u1eafc: nhi\u1ec1u m\u00e0u K\u00edch th\u01b0\u1edbc: 14*20cm<\/p>\n","protected":false},"featured_media":2611,"comment_status":"open","ping_status":"closed","template":"","meta":[],"product_cat":[322,424,109,467,463],"product_tag":[142],"class_list":{"0":"post-2610","1":"product","2":"type-product","3":"status-publish","4":"has-post-thumbnail","6":"product_cat-christmas","7":"product_cat-non-phu-kien-xmas","8":"product_cat-new-year","9":"product_cat-non-phu-kien-new-year","10":"product_cat-bang-do-sash","11":"product_tag-headband","13":"first","14":"instock","15":"shipping-taxable","16":"purchasable","17":"product-type-simple"},"_links":{"self":[{"href":"https:\/\/chuparty.vn\/index.php?rest_route=\/wp\/v2\/product\/2610","targetHints":{"allow":["GET"]}}],"collection":[{"href":"https:\/\/chuparty.vn\/index.php?rest_route=\/wp\/v2\/product"}],"about":[{"href":"https:\/\/chuparty.vn\/index.php?rest_route=\/wp\/v2\/types\/product"}],"replies":[{"embeddable":true,"href":"https:\/\/chuparty.vn\/index.php?rest_route=%2Fwp%2Fv2%2Fcomments&post=2610"}],"wp:featuredmedia":[{"embeddable":true,"href":"https:\/\/chuparty.vn\/index.php?rest_route=\/wp\/v2\/media\/2611"}],"wp:attachment":[{"href":"https:\/\/chuparty.vn\/index.php?rest_route=%2Fwp%2Fv2%2Fmedia&parent=2610"}],"wp:term":[{"taxonomy":"product_cat","embeddable":true,"href":"https:\/\/chuparty.vn\/index.php?rest_route=%2Fwp%2Fv2%2Fproduct_cat&post=2610"},{"taxonomy":"product_tag","embeddable":true,"href":"https:\/\/chuparty.vn\/index.php?rest_route=%2Fwp%2Fv2%2Fproduct_tag&post=2610"}],"curies":[{"name":"wp","href":"https:\/\/api.w.org\/{rel}","templated":true}]}}