{"id":2603,"date":"2022-05-09T14:11:23","date_gmt":"2022-05-09T07:11:23","guid":{"rendered":"https:\/\/chuparty.vn\/?post_type=product&#038;p=2603"},"modified":"2026-02-26T09:23:43","modified_gmt":"2026-02-26T02:23:43","slug":"bang-do-happy-birthday","status":"publish","type":"product","link":"https:\/\/chuparty.vn\/?product=bang-do-happy-birthday","title":{"rendered":"B\u0102NG \u0110\u00d4 NH\u1ef0A HAPPY BIRTHDAY"},"content":{"rendered":"<p><strong>Chi ti\u1ebft s\u1ea3n ph\u1ea9m:<br \/>\n<\/strong>Qui c\u00e1ch \u0111\u00f3ng g\u00f3i: 1 c\u00e1i\/t\u00fai<strong><br \/>\n<\/strong>Ch\u1ea5t li\u1ec7u: nh\u1ef1a<br \/>\nM\u00e0u s\u1eafc: xanh, \u0111\u1ecf, t\u00edm, v\u00e0ng , h\u1ed3ng, h\u1ed3ng baby, cam, xanh da tr\u1eddi<br \/>\nK\u00edch th\u01b0\u1edbc: 14*15cm<\/p>\n<p>&nbsp;<\/p>\n<p><img loading=\"lazy\" decoding=\"async\" class=\"alignnone wp-image-2604\" src=\"https:\/\/chuparty.vn\/wp-content\/uploads\/2022\/05\/120883263_996981320818697_1383159140586571432_n-420x420.jpg\" alt=\"\" width=\"248\" height=\"248\" srcset=\"https:\/\/chuparty.vn\/wp-content\/uploads\/2022\/05\/120883263_996981320818697_1383159140586571432_n-420x420.jpg 420w, https:\/\/chuparty.vn\/wp-content\/uploads\/2022\/05\/120883263_996981320818697_1383159140586571432_n-506x506.jpg 506w, https:\/\/chuparty.vn\/wp-content\/uploads\/2022\/05\/120883263_996981320818697_1383159140586571432_n-768x768.jpg 768w, https:\/\/chuparty.vn\/wp-content\/uploads\/2022\/05\/120883263_996981320818697_1383159140586571432_n-100x100.jpg 100w, https:\/\/chuparty.vn\/wp-content\/uploads\/2022\/05\/120883263_996981320818697_1383159140586571432_n-400x400.jpg 400w, https:\/\/chuparty.vn\/wp-content\/uploads\/2022\/05\/120883263_996981320818697_1383159140586571432_n-700x700.jpg 700w, https:\/\/chuparty.vn\/wp-content\/uploads\/2022\/05\/120883263_996981320818697_1383159140586571432_n-150x150.jpg 150w, https:\/\/chuparty.vn\/wp-content\/uploads\/2022\/05\/120883263_996981320818697_1383159140586571432_n.jpg 800w\" sizes=\"auto, (max-width: 248px) 100vw, 248px\" \/><\/p>\n","protected":false},"excerpt":{"rendered":"<p>Chi ti\u1ebft s\u1ea3n ph\u1ea9m: Qui c\u00e1ch \u0111\u00f3ng g\u00f3i: 1 c\u00e1i\/t\u00fai Ch\u1ea5t li\u1ec7u: nh\u1ef1a M\u00e0u s\u1eafc: xanh, \u0111\u1ecf, t\u00edm, v\u00e0ng , h\u1ed3ng, h\u1ed3ng baby, cam, xanh da tr\u1eddi K\u00edch th\u01b0\u1edbc: 14*15cm &nbsp;<\/p>\n","protected":false},"featured_media":2636,"comment_status":"open","ping_status":"closed","template":"","meta":[],"product_cat":[463],"product_tag":[142],"class_list":{"0":"post-2603","1":"product","2":"type-product","3":"status-publish","4":"has-post-thumbnail","6":"product_cat-bang-do-sash","7":"product_tag-headband","9":"first","10":"instock","11":"shipping-taxable","12":"purchasable","13":"product-type-simple"},"_links":{"self":[{"href":"https:\/\/chuparty.vn\/index.php?rest_route=\/wp\/v2\/product\/2603","targetHints":{"allow":["GET"]}}],"collection":[{"href":"https:\/\/chuparty.vn\/index.php?rest_route=\/wp\/v2\/product"}],"about":[{"href":"https:\/\/chuparty.vn\/index.php?rest_route=\/wp\/v2\/types\/product"}],"replies":[{"embeddable":true,"href":"https:\/\/chuparty.vn\/index.php?rest_route=%2Fwp%2Fv2%2Fcomments&post=2603"}],"wp:featuredmedia":[{"embeddable":true,"href":"https:\/\/chuparty.vn\/index.php?rest_route=\/wp\/v2\/media\/2636"}],"wp:attachment":[{"href":"https:\/\/chuparty.vn\/index.php?rest_route=%2Fwp%2Fv2%2Fmedia&parent=2603"}],"wp:term":[{"taxonomy":"product_cat","embeddable":true,"href":"https:\/\/chuparty.vn\/index.php?rest_route=%2Fwp%2Fv2%2Fproduct_cat&post=2603"},{"taxonomy":"product_tag","embeddable":true,"href":"https:\/\/chuparty.vn\/index.php?rest_route=%2Fwp%2Fv2%2Fproduct_tag&post=2603"}],"curies":[{"name":"wp","href":"https:\/\/api.w.org\/{rel}","templated":true}]}}