{"id":2564,"date":"2022-05-09T12:29:54","date_gmt":"2022-05-09T05:29:54","guid":{"rendered":"https:\/\/chuparty.vn\/?post_type=product&#038;p=2564"},"modified":"2026-03-14T16:06:31","modified_gmt":"2026-03-14T09:06:31","slug":"hop-trang-tri-balloon-box","status":"publish","type":"product","link":"https:\/\/chuparty.vn\/?product=hop-trang-tri-balloon-box","title":{"rendered":"H\u1ed8P TRANG TR\u00cd BALLOON BOX"},"content":{"rendered":"<p><strong>Chi ti\u1ebft s\u1ea3n ph\u1ea9m:<\/strong><\/p>\n<ul>\n<li>Qui c\u00e1ch \u0111\u00f3ng g\u00f3i: 1 c\u00e1i\/t\u00fai; \u0111\u01b0\u1ee3c t\u1eb7ng k\u00e8m bong b\u00f3ng trang tr\u00ed trong h\u1ed9p,<\/li>\n<li>M\u00e0u s\u1eafc: tr\u1eafng<\/li>\n<li>Ch\u1ea5t li\u1ec7u: gi\u1ea5y c\u1ee9ng<\/li>\n<li>M\u1ed7i h\u1ed9p 1 ch\u1eef c\u00e1i, c\u00f3 th\u1ec3 gh\u00e9p nhi\u1ec1u h\u1ed9p th\u00e0nh t\u00ean b\u00e9 nh\u01b0 SURI, ELLA &#8230;<\/li>\n<li>Balloon Box t\u00e1i s\u1eed d\u1ee5ng nhi\u1ec1u l\u1ea7n, ch\u1ec9 c\u1ea7n thay \u0111\u1ed5i m\u00e0u b\u00f3ng b\u00ean trong cho ph\u00f9 h\u1ee3p bu\u1ed5i ti\u1ec7c. H\u1ed9p bong b\u00f3ng s\u1ebd lung linh h\u01a1n khi b\u1ecf th\u00eam \u0111\u00e8n \u0111om \u0111\u00f3m v\u00e0o b\u00ean trong h\u1ed9p.<\/li>\n<\/ul>\n<p>&nbsp;<\/p>\n","protected":false},"excerpt":{"rendered":"<p>Chi ti\u1ebft s\u1ea3n ph\u1ea9m: Qui c\u00e1ch \u0111\u00f3ng g\u00f3i: 1 c\u00e1i\/t\u00fai; \u0111\u01b0\u1ee3c t\u1eb7ng k\u00e8m bong b\u00f3ng trang tr\u00ed trong h\u1ed9p, M\u00e0u s\u1eafc: tr\u1eafng Ch\u1ea5t li\u1ec7u: gi\u1ea5y c\u1ee9ng M\u1ed7i h\u1ed9p 1 ch\u1eef c\u00e1i, c\u00f3 th\u1ec3 gh\u00e9p nhi\u1ec1u h\u1ed9p th\u00e0nh t\u00ean b\u00e9 nh\u01b0 SURI, ELLA &#8230; Balloon Box t\u00e1i s\u1eed d\u1ee5ng nhi\u1ec1u l\u1ea7n, ch\u1ec9 c\u1ea7n thay \u0111\u1ed5i m\u00e0u [&hellip;]<\/p>\n","protected":false},"featured_media":8606,"comment_status":"open","ping_status":"closed","template":"","meta":[],"product_cat":[318,137,442,89],"product_tag":[134,215,343],"class_list":{"0":"post-2564","1":"product","2":"type-product","3":"status-publish","4":"has-post-thumbnail","6":"product_cat-baby-shower","7":"product_cat-1st-birthday","8":"product_cat-balloon-box","9":"product_cat-phu-kien-bong-bong","10":"product_tag-1st-birthday","11":"product_tag-baby-shower","12":"product_tag-balloon-box","14":"first","15":"instock","16":"shipping-taxable","17":"purchasable","18":"product-type-simple"},"_links":{"self":[{"href":"https:\/\/chuparty.vn\/index.php?rest_route=\/wp\/v2\/product\/2564","targetHints":{"allow":["GET"]}}],"collection":[{"href":"https:\/\/chuparty.vn\/index.php?rest_route=\/wp\/v2\/product"}],"about":[{"href":"https:\/\/chuparty.vn\/index.php?rest_route=\/wp\/v2\/types\/product"}],"replies":[{"embeddable":true,"href":"https:\/\/chuparty.vn\/index.php?rest_route=%2Fwp%2Fv2%2Fcomments&post=2564"}],"wp:featuredmedia":[{"embeddable":true,"href":"https:\/\/chuparty.vn\/index.php?rest_route=\/wp\/v2\/media\/8606"}],"wp:attachment":[{"href":"https:\/\/chuparty.vn\/index.php?rest_route=%2Fwp%2Fv2%2Fmedia&parent=2564"}],"wp:term":[{"taxonomy":"product_cat","embeddable":true,"href":"https:\/\/chuparty.vn\/index.php?rest_route=%2Fwp%2Fv2%2Fproduct_cat&post=2564"},{"taxonomy":"product_tag","embeddable":true,"href":"https:\/\/chuparty.vn\/index.php?rest_route=%2Fwp%2Fv2%2Fproduct_tag&post=2564"}],"curies":[{"name":"wp","href":"https:\/\/api.w.org\/{rel}","templated":true}]}}