{"id":2553,"date":"2022-05-09T11:40:14","date_gmt":"2022-05-09T04:40:14","guid":{"rendered":"https:\/\/chuparty.vn\/?post_type=product&#038;p=2553"},"modified":"2024-05-04T14:34:41","modified_gmt":"2024-05-04T07:34:41","slug":"hop-trang-tri-one","status":"publish","type":"product","link":"https:\/\/chuparty.vn\/?product=hop-trang-tri-one","title":{"rendered":"H\u1ed8P TRANG TR\u00cd ONE BALLOON BOX"},"content":{"rendered":"<p><strong>Chi ti\u1ebft s\u1ea3n ph\u1ea9m:<\/strong><\/p>\n<ul>\n<li>1 b\u1ed9 3 h\u1ed9p O N E; \u0111\u01b0\u1ee3c t\u1eb7ng k\u00e8m bong b\u00f3ng (t\u00f9y ch\u1ecdn m\u00e0u) trang tr\u00ed trong h\u1ed9p.<\/li>\n<li>M\u00e0u s\u1eafc: tr\u1eafng<\/li>\n<li>Ch\u1ea5t li\u1ec7u: gi\u1ea5y c\u1ee9ng<\/li>\n<li>Balloon Box t\u00e1i s\u1eed d\u1ee5ng nhi\u1ec1u l\u1ea7n, ch\u1ec9 c\u1ea7n thay \u0111\u1ed5i m\u00e0u b\u00f3ng b\u00ean trong cho ph\u00f9 h\u1ee3p bu\u1ed5i ti\u1ec7c. H\u1ed9p bong b\u00f3ng s\u1ebd lung linh h\u01a1n khi b\u1ecf th\u00eam \u0111\u00e8n \u0111om \u0111\u00f3m v\u00e0o b\u00ean trong h\u1ed9p.\n<p><img loading=\"lazy\" decoding=\"async\" class=\"alignnone wp-image-5736\" src=\"https:\/\/chuparty.vn\/wp-content\/uploads\/2022\/05\/balloon-box-3-444x420.jpg\" alt=\"\" width=\"269\" height=\"254\" srcset=\"https:\/\/chuparty.vn\/wp-content\/uploads\/2022\/05\/balloon-box-3-444x420.jpg 444w, https:\/\/chuparty.vn\/wp-content\/uploads\/2022\/05\/balloon-box-3-535x506.jpg 535w, https:\/\/chuparty.vn\/wp-content\/uploads\/2022\/05\/balloon-box-3-768x727.jpg 768w, https:\/\/chuparty.vn\/wp-content\/uploads\/2022\/05\/balloon-box-3.jpg 1170w\" sizes=\"auto, (max-width: 269px) 100vw, 269px\" \/><\/li>\n<\/ul>\n<p>&nbsp;<\/p>\n","protected":false},"excerpt":{"rendered":"<p>Chi ti\u1ebft s\u1ea3n ph\u1ea9m: 1 b\u1ed9 3 h\u1ed9p O N E; \u0111\u01b0\u1ee3c t\u1eb7ng k\u00e8m bong b\u00f3ng (t\u00f9y ch\u1ecdn m\u00e0u) trang tr\u00ed trong h\u1ed9p. M\u00e0u s\u1eafc: tr\u1eafng Ch\u1ea5t li\u1ec7u: gi\u1ea5y c\u1ee9ng Balloon Box t\u00e1i s\u1eed d\u1ee5ng nhi\u1ec1u l\u1ea7n, ch\u1ec9 c\u1ea7n thay \u0111\u1ed5i m\u00e0u b\u00f3ng b\u00ean trong cho ph\u00f9 h\u1ee3p bu\u1ed5i ti\u1ec7c. H\u1ed9p bong b\u00f3ng s\u1ebd lung [&hellip;]<\/p>\n","protected":false},"featured_media":2563,"comment_status":"open","ping_status":"closed","template":"","meta":[],"product_cat":[137,442,89],"product_tag":[134,343],"class_list":{"0":"post-2553","1":"product","2":"type-product","3":"status-publish","4":"has-post-thumbnail","6":"product_cat-1st-birthday","7":"product_cat-balloon-box","8":"product_cat-phu-kien-bong-bong","9":"product_tag-1st-birthday","10":"product_tag-balloon-box","12":"first","13":"instock","14":"shipping-taxable","15":"purchasable","16":"product-type-simple"},"_links":{"self":[{"href":"https:\/\/chuparty.vn\/index.php?rest_route=\/wp\/v2\/product\/2553","targetHints":{"allow":["GET"]}}],"collection":[{"href":"https:\/\/chuparty.vn\/index.php?rest_route=\/wp\/v2\/product"}],"about":[{"href":"https:\/\/chuparty.vn\/index.php?rest_route=\/wp\/v2\/types\/product"}],"replies":[{"embeddable":true,"href":"https:\/\/chuparty.vn\/index.php?rest_route=%2Fwp%2Fv2%2Fcomments&post=2553"}],"wp:featuredmedia":[{"embeddable":true,"href":"https:\/\/chuparty.vn\/index.php?rest_route=\/wp\/v2\/media\/2563"}],"wp:attachment":[{"href":"https:\/\/chuparty.vn\/index.php?rest_route=%2Fwp%2Fv2%2Fmedia&parent=2553"}],"wp:term":[{"taxonomy":"product_cat","embeddable":true,"href":"https:\/\/chuparty.vn\/index.php?rest_route=%2Fwp%2Fv2%2Fproduct_cat&post=2553"},{"taxonomy":"product_tag","embeddable":true,"href":"https:\/\/chuparty.vn\/index.php?rest_route=%2Fwp%2Fv2%2Fproduct_tag&post=2553"}],"curies":[{"name":"wp","href":"https:\/\/api.w.org\/{rel}","templated":true}]}}