{"id":2548,"date":"2022-05-09T13:23:44","date_gmt":"2022-05-09T06:23:44","guid":{"rendered":"https:\/\/chuparty.vn\/?post_type=product&#038;p=2548"},"modified":"2022-05-09T13:28:41","modified_gmt":"2022-05-09T06:28:41","slug":"day-den-trai-thom","status":"publish","type":"product","link":"https:\/\/chuparty.vn\/?product=day-den-trai-thom","title":{"rendered":"D\u00c2Y \u0110\u00c8N TR\u00c1I TH\u01a0M"},"content":{"rendered":"<p>&nbsp;<\/p>\n<ul>\n<li>D\u00e2y \u0111\u00e8n l\u00e0 ph\u1ee5 ki\u1ec7n thi\u1ebft thi\u1ebfu khi trang tr\u00ed cho bu\u1ed5i ti\u1ec7c sinh nh\u1eadt.<\/li>\n<li>K\u00edch th\u01b0\u1edbc 3m<\/li>\n<\/ul>\n","protected":false},"excerpt":{"rendered":"<p>&nbsp; D\u00e2y \u0111\u00e8n l\u00e0 ph\u1ee5 ki\u1ec7n thi\u1ebft thi\u1ebfu khi trang tr\u00ed cho bu\u1ed5i ti\u1ec7c sinh nh\u1eadt. K\u00edch th\u01b0\u1edbc 3m<\/p>\n","protected":false},"featured_media":2550,"comment_status":"open","ping_status":"closed","template":"","meta":[],"product_cat":[16],"product_tag":[95],"class_list":{"0":"post-2548","1":"product","2":"type-product","3":"status-publish","4":"has-post-thumbnail","6":"product_cat-phu-kien-trang-tri","7":"product_tag-phu-kien","9":"first","10":"instock","11":"shipping-taxable","12":"purchasable","13":"product-type-simple"},"_links":{"self":[{"href":"https:\/\/chuparty.vn\/index.php?rest_route=\/wp\/v2\/product\/2548","targetHints":{"allow":["GET"]}}],"collection":[{"href":"https:\/\/chuparty.vn\/index.php?rest_route=\/wp\/v2\/product"}],"about":[{"href":"https:\/\/chuparty.vn\/index.php?rest_route=\/wp\/v2\/types\/product"}],"replies":[{"embeddable":true,"href":"https:\/\/chuparty.vn\/index.php?rest_route=%2Fwp%2Fv2%2Fcomments&post=2548"}],"wp:featuredmedia":[{"embeddable":true,"href":"https:\/\/chuparty.vn\/index.php?rest_route=\/wp\/v2\/media\/2550"}],"wp:attachment":[{"href":"https:\/\/chuparty.vn\/index.php?rest_route=%2Fwp%2Fv2%2Fmedia&parent=2548"}],"wp:term":[{"taxonomy":"product_cat","embeddable":true,"href":"https:\/\/chuparty.vn\/index.php?rest_route=%2Fwp%2Fv2%2Fproduct_cat&post=2548"},{"taxonomy":"product_tag","embeddable":true,"href":"https:\/\/chuparty.vn\/index.php?rest_route=%2Fwp%2Fv2%2Fproduct_tag&post=2548"}],"curies":[{"name":"wp","href":"https:\/\/api.w.org\/{rel}","templated":true}]}}