{"id":2515,"date":"2022-05-07T14:11:49","date_gmt":"2022-05-07T07:11:49","guid":{"rendered":"https:\/\/chuparty.vn\/?post_type=product&#038;p=2515"},"modified":"2026-04-21T12:07:12","modified_gmt":"2026-04-21T05:07:12","slug":"co-vai-xam-hoa-cuc","status":"publish","type":"product","link":"https:\/\/chuparty.vn\/?product=co-vai-xam-hoa-cuc","title":{"rendered":"C\u1edc V\u1ea2I X\u00c1M HOA C\u00daC"},"content":{"rendered":"<ul>\n<li>K\u00edch th\u01b0\u1edbc: 90cm*90cm<\/li>\n<li>Ch\u1ea5t li\u1ec7u: v\u1ea3i<\/li>\n<li>M\u00e0u s\u1eafc: n\u1ec1n x\u00e1m in h\u1ecda ti\u1ebft<\/li>\n<li>C\u00e1ch th\u1ee9c \u0111\u00f3ng g\u00f3i : 1 c\u00e1i\/t\u00fai<\/li>\n<\/ul>\n","protected":false},"excerpt":{"rendered":"<p>K\u00edch th\u01b0\u1edbc: 90cm*90cm Ch\u1ea5t li\u1ec7u: v\u1ea3i M\u00e0u s\u1eafc: n\u1ec1n x\u00e1m in h\u1ecda ti\u1ebft C\u00e1ch th\u1ee9c \u0111\u00f3ng g\u00f3i : 1 c\u00e1i\/t\u00fai<\/p>\n","protected":false},"featured_media":3390,"comment_status":"open","ping_status":"closed","template":"","meta":[],"product_cat":[512,103,104,147,391,28],"product_tag":[146,21,106],"class_list":{"0":"post-2515","1":"product","2":"type-product","3":"status-publish","4":"has-post-thumbnail","6":"product_cat-sale-off-30","7":"product_cat-daisy","8":"product_cat-vintage","9":"product_cat-backdrop","10":"product_cat-co-vai","11":"product_cat-sale","12":"product_tag-backdrop","13":"product_tag-daisy","14":"product_tag-vintage","16":"first","17":"instock","18":"sale","19":"shipping-taxable","20":"purchasable","21":"product-type-simple"},"_links":{"self":[{"href":"https:\/\/chuparty.vn\/index.php?rest_route=\/wp\/v2\/product\/2515","targetHints":{"allow":["GET"]}}],"collection":[{"href":"https:\/\/chuparty.vn\/index.php?rest_route=\/wp\/v2\/product"}],"about":[{"href":"https:\/\/chuparty.vn\/index.php?rest_route=\/wp\/v2\/types\/product"}],"replies":[{"embeddable":true,"href":"https:\/\/chuparty.vn\/index.php?rest_route=%2Fwp%2Fv2%2Fcomments&post=2515"}],"wp:featuredmedia":[{"embeddable":true,"href":"https:\/\/chuparty.vn\/index.php?rest_route=\/wp\/v2\/media\/3390"}],"wp:attachment":[{"href":"https:\/\/chuparty.vn\/index.php?rest_route=%2Fwp%2Fv2%2Fmedia&parent=2515"}],"wp:term":[{"taxonomy":"product_cat","embeddable":true,"href":"https:\/\/chuparty.vn\/index.php?rest_route=%2Fwp%2Fv2%2Fproduct_cat&post=2515"},{"taxonomy":"product_tag","embeddable":true,"href":"https:\/\/chuparty.vn\/index.php?rest_route=%2Fwp%2Fv2%2Fproduct_tag&post=2515"}],"curies":[{"name":"wp","href":"https:\/\/api.w.org\/{rel}","templated":true}]}}