{"id":2514,"date":"2022-05-07T14:05:14","date_gmt":"2022-05-07T07:05:14","guid":{"rendered":"https:\/\/chuparty.vn\/?post_type=product&#038;p=2514"},"modified":"2025-06-09T16:25:07","modified_gmt":"2025-06-09T09:25:07","slug":"co-vai-trang-in-happy-birthday","status":"publish","type":"product","link":"https:\/\/chuparty.vn\/?product=co-vai-trang-in-happy-birthday","title":{"rendered":"C\u1edc V\u1ea2I TR\u1eaeNG IN HAPPY BIRTHDAY"},"content":{"rendered":"<ul>\n<li>K\u00edch th\u01b0\u1edbc: 45cm*90cm<\/li>\n<li>Ch\u1ea5t li\u1ec7u: v\u1ea3i<\/li>\n<li>M\u00e0u s\u1eafc: n\u1ec1n tr\u1eafng in happy birthday<\/li>\n<li>C\u00e1ch th\u1ee9c \u0111\u00f3ng g\u00f3i : 1 c\u00e1i\/t\u00fai v\u00e0 4 ghim \u0111\u1ec3 treo c\u1edd<\/li>\n<\/ul>\n","protected":false},"excerpt":{"rendered":"<p>K\u00edch th\u01b0\u1edbc: 45cm*90cm Ch\u1ea5t li\u1ec7u: v\u1ea3i M\u00e0u s\u1eafc: n\u1ec1n tr\u1eafng in happy birthday C\u00e1ch th\u1ee9c \u0111\u00f3ng g\u00f3i : 1 c\u00e1i\/t\u00fai v\u00e0 4 ghim \u0111\u1ec3 treo c\u1edd<\/p>\n","protected":false},"featured_media":2518,"comment_status":"open","ping_status":"closed","template":"","meta":[],"product_cat":[534,104,137,147,391],"product_tag":[134,146,106],"class_list":{"0":"post-2514","1":"product","2":"type-product","3":"status-publish","4":"has-post-thumbnail","6":"product_cat-black-pink","7":"product_cat-vintage","8":"product_cat-1st-birthday","9":"product_cat-backdrop","10":"product_cat-co-vai","11":"product_tag-1st-birthday","12":"product_tag-backdrop","13":"product_tag-vintage","15":"first","16":"instock","17":"shipping-taxable","18":"purchasable","19":"product-type-simple"},"_links":{"self":[{"href":"https:\/\/chuparty.vn\/index.php?rest_route=\/wp\/v2\/product\/2514","targetHints":{"allow":["GET"]}}],"collection":[{"href":"https:\/\/chuparty.vn\/index.php?rest_route=\/wp\/v2\/product"}],"about":[{"href":"https:\/\/chuparty.vn\/index.php?rest_route=\/wp\/v2\/types\/product"}],"replies":[{"embeddable":true,"href":"https:\/\/chuparty.vn\/index.php?rest_route=%2Fwp%2Fv2%2Fcomments&post=2514"}],"wp:featuredmedia":[{"embeddable":true,"href":"https:\/\/chuparty.vn\/index.php?rest_route=\/wp\/v2\/media\/2518"}],"wp:attachment":[{"href":"https:\/\/chuparty.vn\/index.php?rest_route=%2Fwp%2Fv2%2Fmedia&parent=2514"}],"wp:term":[{"taxonomy":"product_cat","embeddable":true,"href":"https:\/\/chuparty.vn\/index.php?rest_route=%2Fwp%2Fv2%2Fproduct_cat&post=2514"},{"taxonomy":"product_tag","embeddable":true,"href":"https:\/\/chuparty.vn\/index.php?rest_route=%2Fwp%2Fv2%2Fproduct_tag&post=2514"}],"curies":[{"name":"wp","href":"https:\/\/api.w.org\/{rel}","templated":true}]}}