{"id":2497,"date":"2022-05-07T13:33:48","date_gmt":"2022-05-07T06:33:48","guid":{"rendered":"https:\/\/chuparty.vn\/?post_type=product&#038;p=2497"},"modified":"2026-04-21T11:38:28","modified_gmt":"2026-04-21T04:38:28","slug":"cam-banh-go-happy-birthday","status":"publish","type":"product","link":"https:\/\/chuparty.vn\/?product=cam-banh-go-happy-birthday","title":{"rendered":"C\u1eaeM B\u00c1NH G\u1ed6 HAPPY BIRTHDAY"},"content":{"rendered":"<p>Quy c\u00e1ch \u0111\u00f3ng g\u00f3i: happy birthday<br \/>\nCh\u1ea5t li\u1ec7u: g\u1ed7<br \/>\nM\u00e0u s\u1eafc: n\u00e2u<br \/>\nK\u00edch th\u01b0\u1edbc:15*14,5cm<\/p>\n<p>&nbsp;<\/p>\n<p><img loading=\"lazy\" decoding=\"async\" class=\"alignnone wp-image-2498\" src=\"https:\/\/chuparty.vn\/wp-content\/uploads\/2022\/05\/O1CN01H5mYvO1OzuWYWI3Zl_2212620741777-0-cib-420x420.jpg\" alt=\"\" width=\"283\" height=\"283\" srcset=\"https:\/\/chuparty.vn\/wp-content\/uploads\/2022\/05\/O1CN01H5mYvO1OzuWYWI3Zl_2212620741777-0-cib-420x420.jpg 420w, https:\/\/chuparty.vn\/wp-content\/uploads\/2022\/05\/O1CN01H5mYvO1OzuWYWI3Zl_2212620741777-0-cib-506x506.jpg 506w, https:\/\/chuparty.vn\/wp-content\/uploads\/2022\/05\/O1CN01H5mYvO1OzuWYWI3Zl_2212620741777-0-cib-768x768.jpg 768w, https:\/\/chuparty.vn\/wp-content\/uploads\/2022\/05\/O1CN01H5mYvO1OzuWYWI3Zl_2212620741777-0-cib-100x100.jpg 100w, https:\/\/chuparty.vn\/wp-content\/uploads\/2022\/05\/O1CN01H5mYvO1OzuWYWI3Zl_2212620741777-0-cib-400x400.jpg 400w, https:\/\/chuparty.vn\/wp-content\/uploads\/2022\/05\/O1CN01H5mYvO1OzuWYWI3Zl_2212620741777-0-cib-700x700.jpg 700w, https:\/\/chuparty.vn\/wp-content\/uploads\/2022\/05\/O1CN01H5mYvO1OzuWYWI3Zl_2212620741777-0-cib-150x150.jpg 150w, https:\/\/chuparty.vn\/wp-content\/uploads\/2022\/05\/O1CN01H5mYvO1OzuWYWI3Zl_2212620741777-0-cib.jpg 800w\" sizes=\"auto, (max-width: 283px) 100vw, 283px\" \/><\/p>\n","protected":false},"excerpt":{"rendered":"<p>Quy c\u00e1ch \u0111\u00f3ng g\u00f3i: happy birthday Ch\u1ea5t li\u1ec7u: g\u1ed7 M\u00e0u s\u1eafc: n\u00e2u K\u00edch th\u01b0\u1edbc:15*14,5cm &nbsp;<\/p>\n","protected":false},"featured_media":2501,"comment_status":"open","ping_status":"closed","template":"","meta":[],"product_cat":[512,104,137,325,28],"product_tag":[134,326,106],"class_list":{"0":"post-2497","1":"product","2":"type-product","3":"status-publish","4":"has-post-thumbnail","6":"product_cat-sale-off-30","7":"product_cat-vintage","8":"product_cat-1st-birthday","9":"product_cat-tag-cam-banh","10":"product_cat-sale","11":"product_tag-1st-birthday","12":"product_tag-cake-topper","13":"product_tag-vintage","15":"first","16":"instock","17":"sale","18":"shipping-taxable","19":"purchasable","20":"product-type-simple"},"_links":{"self":[{"href":"https:\/\/chuparty.vn\/index.php?rest_route=\/wp\/v2\/product\/2497","targetHints":{"allow":["GET"]}}],"collection":[{"href":"https:\/\/chuparty.vn\/index.php?rest_route=\/wp\/v2\/product"}],"about":[{"href":"https:\/\/chuparty.vn\/index.php?rest_route=\/wp\/v2\/types\/product"}],"replies":[{"embeddable":true,"href":"https:\/\/chuparty.vn\/index.php?rest_route=%2Fwp%2Fv2%2Fcomments&post=2497"}],"wp:featuredmedia":[{"embeddable":true,"href":"https:\/\/chuparty.vn\/index.php?rest_route=\/wp\/v2\/media\/2501"}],"wp:attachment":[{"href":"https:\/\/chuparty.vn\/index.php?rest_route=%2Fwp%2Fv2%2Fmedia&parent=2497"}],"wp:term":[{"taxonomy":"product_cat","embeddable":true,"href":"https:\/\/chuparty.vn\/index.php?rest_route=%2Fwp%2Fv2%2Fproduct_cat&post=2497"},{"taxonomy":"product_tag","embeddable":true,"href":"https:\/\/chuparty.vn\/index.php?rest_route=%2Fwp%2Fv2%2Fproduct_tag&post=2497"}],"curies":[{"name":"wp","href":"https:\/\/api.w.org\/{rel}","templated":true}]}}