{"id":2481,"date":"2022-05-07T13:13:47","date_gmt":"2022-05-07T06:13:47","guid":{"rendered":"https:\/\/chuparty.vn\/?post_type=product&#038;p=2481"},"modified":"2026-03-10T16:09:34","modified_gmt":"2026-03-10T09:09:34","slug":"cam-banh-happy-birthday-pom-pom","status":"publish","type":"product","link":"https:\/\/chuparty.vn\/?product=cam-banh-happy-birthday-pom-pom","title":{"rendered":"C\u1eaeM B\u00c1NH HAPPY BIRTHDAY POM POM"},"content":{"rendered":"<p>Quy c\u00e1ch \u0111\u00f3ng g\u00f3i: 1 happy birthday + 1 Pom Pom<br \/>\nCh\u1ea5t li\u1ec7u: g\u1ed7<br \/>\nM\u00e0u s\u1eafc: n\u00e2u<br \/>\nK\u00edch th\u01b0\u1edbc:15*10cm<\/p>\n","protected":false},"excerpt":{"rendered":"<p>Quy c\u00e1ch \u0111\u00f3ng g\u00f3i: 1 happy birthday + 1 Pom Pom Ch\u1ea5t li\u1ec7u: g\u1ed7 M\u00e0u s\u1eafc: n\u00e2u K\u00edch th\u01b0\u1edbc:15*10cm<\/p>\n","protected":false},"featured_media":2490,"comment_status":"open","ping_status":"closed","template":"","meta":[],"product_cat":[512,104,137,325,28],"product_tag":[134,326,106],"class_list":{"0":"post-2481","1":"product","2":"type-product","3":"status-publish","4":"has-post-thumbnail","6":"product_cat-sale-off-30","7":"product_cat-vintage","8":"product_cat-1st-birthday","9":"product_cat-tag-cam-banh","10":"product_cat-sale","11":"product_tag-1st-birthday","12":"product_tag-cake-topper","13":"product_tag-vintage","15":"first","16":"instock","17":"sale","18":"shipping-taxable","19":"purchasable","20":"product-type-simple"},"_links":{"self":[{"href":"https:\/\/chuparty.vn\/index.php?rest_route=\/wp\/v2\/product\/2481","targetHints":{"allow":["GET"]}}],"collection":[{"href":"https:\/\/chuparty.vn\/index.php?rest_route=\/wp\/v2\/product"}],"about":[{"href":"https:\/\/chuparty.vn\/index.php?rest_route=\/wp\/v2\/types\/product"}],"replies":[{"embeddable":true,"href":"https:\/\/chuparty.vn\/index.php?rest_route=%2Fwp%2Fv2%2Fcomments&post=2481"}],"wp:featuredmedia":[{"embeddable":true,"href":"https:\/\/chuparty.vn\/index.php?rest_route=\/wp\/v2\/media\/2490"}],"wp:attachment":[{"href":"https:\/\/chuparty.vn\/index.php?rest_route=%2Fwp%2Fv2%2Fmedia&parent=2481"}],"wp:term":[{"taxonomy":"product_cat","embeddable":true,"href":"https:\/\/chuparty.vn\/index.php?rest_route=%2Fwp%2Fv2%2Fproduct_cat&post=2481"},{"taxonomy":"product_tag","embeddable":true,"href":"https:\/\/chuparty.vn\/index.php?rest_route=%2Fwp%2Fv2%2Fproduct_tag&post=2481"}],"curies":[{"name":"wp","href":"https:\/\/api.w.org\/{rel}","templated":true}]}}