{"id":239,"date":"2022-01-12T00:52:58","date_gmt":"2022-01-11T17:52:58","guid":{"rendered":"https:\/\/chuparty.vn\/?post_type=product&#038;p=239"},"modified":"2025-09-17T17:14:32","modified_gmt":"2025-09-17T10:14:32","slug":"party-kit-e-chu-de-racer-car","status":"publish","type":"product","link":"https:\/\/chuparty.vn\/?product=party-kit-e-chu-de-racer-car","title":{"rendered":"PARTY KIT (E) \u2013 CH\u1ee6 \u0110\u1ec0 RACER \/ CAR"},"content":{"rendered":"<h3>TR\u1eccN B\u1ed8 TRANG TR\u00cd BAO G\u1ed2M:<\/h3>\n<ul>\n<li>1 b\u1ed9 d\u00e2y c\u1edd 13 l\u00e1 HAPPY BIRTHDAY<\/li>\n<li>1 k\u1ec7 b\u00e1nh cupcake 3 t\u1ea7ng<\/li>\n<li>5 n\u00f3n sinh nh\u1eadt<\/li>\n<li>5 ly gi\u1ea5y<\/li>\n<li>5 d\u0129a gi\u1ea5y<\/li>\n<li>5 b\u1ed9 m\u1eb7t n\u1ea1<\/li>\n<li>5 h\u1ed9p \u0111\u1ef1ng b\u1eafp<\/li>\n<li>5 h\u1ed9p \u0111\u1ef1ng qu\u00e0 t\u1eb7ng (cupcake, k\u1eb9o v.v\u2026)<\/li>\n<li>5 tag chai n\u01b0\u1edbc<\/li>\n<li>10 b\u1ecdc b\u00e1nh cupcake<\/li>\n<li>10 tag c\u1eafm b\u00e1nh cupcake<\/li>\n<li>1 b\u1ed9 khung h\u00ecnh 4 c\u00e1i<\/li>\n<li>2 m\u00f4 h\u00ecnh nh\u00e2n v\u1eadt theo ch\u1ee7 \u0111\u1ec1<\/li>\n<\/ul>\n","protected":false},"excerpt":{"rendered":"<p>TR\u1eccN B\u1ed8 TRANG TR\u00cd BAO G\u1ed2M: 1 b\u1ed9 d\u00e2y c\u1edd 13 l\u00e1 HAPPY BIRTHDAY 1 k\u1ec7 b\u00e1nh cupcake 3 t\u1ea7ng 5 n\u00f3n sinh nh\u1eadt 5 ly gi\u1ea5y 5 d\u0129a gi\u1ea5y 5 b\u1ed9 m\u1eb7t n\u1ea1 5 h\u1ed9p \u0111\u1ef1ng b\u1eafp 5 h\u1ed9p \u0111\u1ef1ng qu\u00e0 t\u1eb7ng (cupcake, k\u1eb9o v.v\u2026) 5 tag chai n\u01b0\u1edbc 10 b\u1ecdc b\u00e1nh cupcake 10 [&hellip;]<\/p>\n","protected":false},"featured_media":240,"comment_status":"open","ping_status":"closed","template":"","meta":[],"product_cat":[510,315,28],"product_tag":[33,26,34,136],"class_list":{"0":"post-239","1":"product","2":"type-product","3":"status-publish","4":"has-post-thumbnail","6":"product_cat-sale-off-70","7":"product_cat-race-car","8":"product_cat-sale","9":"product_tag-car","10":"product_tag-party-kit","11":"product_tag-racer","12":"product_tag-sale","14":"first","15":"instock","16":"sale","17":"shipping-taxable","18":"purchasable","19":"product-type-simple"},"_links":{"self":[{"href":"https:\/\/chuparty.vn\/index.php?rest_route=\/wp\/v2\/product\/239","targetHints":{"allow":["GET"]}}],"collection":[{"href":"https:\/\/chuparty.vn\/index.php?rest_route=\/wp\/v2\/product"}],"about":[{"href":"https:\/\/chuparty.vn\/index.php?rest_route=\/wp\/v2\/types\/product"}],"replies":[{"embeddable":true,"href":"https:\/\/chuparty.vn\/index.php?rest_route=%2Fwp%2Fv2%2Fcomments&post=239"}],"wp:featuredmedia":[{"embeddable":true,"href":"https:\/\/chuparty.vn\/index.php?rest_route=\/wp\/v2\/media\/240"}],"wp:attachment":[{"href":"https:\/\/chuparty.vn\/index.php?rest_route=%2Fwp%2Fv2%2Fmedia&parent=239"}],"wp:term":[{"taxonomy":"product_cat","embeddable":true,"href":"https:\/\/chuparty.vn\/index.php?rest_route=%2Fwp%2Fv2%2Fproduct_cat&post=239"},{"taxonomy":"product_tag","embeddable":true,"href":"https:\/\/chuparty.vn\/index.php?rest_route=%2Fwp%2Fv2%2Fproduct_tag&post=239"}],"curies":[{"name":"wp","href":"https:\/\/api.w.org\/{rel}","templated":true}]}}