{"id":2304,"date":"2022-03-25T02:06:13","date_gmt":"2022-03-24T19:06:13","guid":{"rendered":"https:\/\/chuparty.vn\/?post_type=product&#038;p=2304"},"modified":"2025-05-07T14:11:06","modified_gmt":"2025-05-07T07:11:06","slug":"bong-nhom-chu-re","status":"publish","type":"product","link":"https:\/\/chuparty.vn\/?product=bong-nhom-chu-re","title":{"rendered":"B\u00d3NG H\u00ccNH VEST CH\u00da R\u1ec2"},"content":{"rendered":"<p><strong>Th\u00f4ng tin s\u1ea3n ph\u1ea9m:<\/strong><\/p>\n<p>K\u00edch th\u01b0\u1edbc: 70cm * 38cm<br \/>\nC\u00e1ch th\u1ee9c \u0111\u00f3ng g\u00f3i: 01 c\u00e1i<\/p>\n","protected":false},"excerpt":{"rendered":"<p>Th\u00f4ng tin s\u1ea3n ph\u1ea9m: K\u00edch th\u01b0\u1edbc: 70cm * 38cm C\u00e1ch th\u1ee9c \u0111\u00f3ng g\u00f3i: 01 c\u00e1i<\/p>\n","protected":false},"featured_media":2306,"comment_status":"open","ping_status":"closed","template":"","meta":[],"product_cat":[213,488,46,431],"product_tag":[47,212,342],"class_list":{"0":"post-2304","1":"product","2":"type-product","3":"status-publish","4":"has-post-thumbnail","6":"product_cat-love-wedding-anniversary","7":"product_cat-bong-bong-trang-tri-tiec-cau-hon-cuoi-valentine-anni","8":"product_cat-bong-hinh","9":"product_cat-dong-gia-20k-25k","10":"product_tag-bong-hinh","11":"product_tag-valentine","12":"product_tag-wedding","14":"first","15":"instock","16":"shipping-taxable","17":"purchasable","18":"product-type-simple"},"_links":{"self":[{"href":"https:\/\/chuparty.vn\/index.php?rest_route=\/wp\/v2\/product\/2304","targetHints":{"allow":["GET"]}}],"collection":[{"href":"https:\/\/chuparty.vn\/index.php?rest_route=\/wp\/v2\/product"}],"about":[{"href":"https:\/\/chuparty.vn\/index.php?rest_route=\/wp\/v2\/types\/product"}],"replies":[{"embeddable":true,"href":"https:\/\/chuparty.vn\/index.php?rest_route=%2Fwp%2Fv2%2Fcomments&post=2304"}],"wp:featuredmedia":[{"embeddable":true,"href":"https:\/\/chuparty.vn\/index.php?rest_route=\/wp\/v2\/media\/2306"}],"wp:attachment":[{"href":"https:\/\/chuparty.vn\/index.php?rest_route=%2Fwp%2Fv2%2Fmedia&parent=2304"}],"wp:term":[{"taxonomy":"product_cat","embeddable":true,"href":"https:\/\/chuparty.vn\/index.php?rest_route=%2Fwp%2Fv2%2Fproduct_cat&post=2304"},{"taxonomy":"product_tag","embeddable":true,"href":"https:\/\/chuparty.vn\/index.php?rest_route=%2Fwp%2Fv2%2Fproduct_tag&post=2304"}],"curies":[{"name":"wp","href":"https:\/\/api.w.org\/{rel}","templated":true}]}}