{"id":2164,"date":"2022-03-13T17:57:06","date_gmt":"2022-03-13T10:57:06","guid":{"rendered":"https:\/\/chuparty.vn\/?post_type=product&#038;p=2164"},"modified":"2026-02-14T12:43:17","modified_gmt":"2026-02-14T05:43:17","slug":"day-stick-garland-macaron","status":"publish","type":"product","link":"https:\/\/chuparty.vn\/?product=day-stick-garland-macaron","title":{"rendered":"D\u00c2Y STICK GARLAND MACARON"},"content":{"rendered":"<p>Quy c\u00e1ch \u0111\u00f3ng g\u00f3i: 1 d\u00e2y\/t\u00fai<br \/>\nCh\u1ea5t li\u1ec7u: gi\u1ea5y m\u00e0u<br \/>\nM\u00e0u s\u1eafc: macaron<br \/>\nK\u00edch th\u01b0\u1edbc: 2m<\/p>\n<p><img loading=\"lazy\" decoding=\"async\" class=\"alignnone wp-image-2156\" src=\"https:\/\/chuparty.vn\/wp-content\/uploads\/2022\/03\/8531871439_57045619-476x420.jpg\" alt=\"\" width=\"309\" height=\"273\" srcset=\"https:\/\/chuparty.vn\/wp-content\/uploads\/2022\/03\/8531871439_57045619-476x420.jpg 476w, https:\/\/chuparty.vn\/wp-content\/uploads\/2022\/03\/8531871439_57045619-573x506.jpg 573w, https:\/\/chuparty.vn\/wp-content\/uploads\/2022\/03\/8531871439_57045619.jpg 750w\" sizes=\"auto, (max-width: 309px) 100vw, 309px\" \/><\/p>\n","protected":false},"excerpt":{"rendered":"<p>Quy c\u00e1ch \u0111\u00f3ng g\u00f3i: 1 d\u00e2y\/t\u00fai Ch\u1ea5t li\u1ec7u: gi\u1ea5y m\u00e0u M\u00e0u s\u1eafc: macaron K\u00edch th\u01b0\u1edbc: 2m<\/p>\n","protected":false},"featured_media":2165,"comment_status":"open","ping_status":"closed","template":"","meta":[],"product_cat":[491,269,327],"product_tag":[328,181,92,161,212],"class_list":{"0":"post-2164","1":"product","2":"type-product","3":"status-publish","4":"has-post-thumbnail","6":"product_cat-macaron","7":"product_cat-unicorn","8":"product_cat-day-treo-garland","9":"product_tag-garland","10":"product_tag-love","11":"product_tag-macaron","12":"product_tag-unicorn","13":"product_tag-valentine","15":"first","16":"instock","17":"shipping-taxable","18":"purchasable","19":"product-type-simple"},"_links":{"self":[{"href":"https:\/\/chuparty.vn\/index.php?rest_route=\/wp\/v2\/product\/2164","targetHints":{"allow":["GET"]}}],"collection":[{"href":"https:\/\/chuparty.vn\/index.php?rest_route=\/wp\/v2\/product"}],"about":[{"href":"https:\/\/chuparty.vn\/index.php?rest_route=\/wp\/v2\/types\/product"}],"replies":[{"embeddable":true,"href":"https:\/\/chuparty.vn\/index.php?rest_route=%2Fwp%2Fv2%2Fcomments&post=2164"}],"wp:featuredmedia":[{"embeddable":true,"href":"https:\/\/chuparty.vn\/index.php?rest_route=\/wp\/v2\/media\/2165"}],"wp:attachment":[{"href":"https:\/\/chuparty.vn\/index.php?rest_route=%2Fwp%2Fv2%2Fmedia&parent=2164"}],"wp:term":[{"taxonomy":"product_cat","embeddable":true,"href":"https:\/\/chuparty.vn\/index.php?rest_route=%2Fwp%2Fv2%2Fproduct_cat&post=2164"},{"taxonomy":"product_tag","embeddable":true,"href":"https:\/\/chuparty.vn\/index.php?rest_route=%2Fwp%2Fv2%2Fproduct_tag&post=2164"}],"curies":[{"name":"wp","href":"https:\/\/api.w.org\/{rel}","templated":true}]}}