{"id":2157,"date":"2022-03-13T17:50:41","date_gmt":"2022-03-13T10:50:41","guid":{"rendered":"https:\/\/chuparty.vn\/?post_type=product&#038;p=2157"},"modified":"2025-05-26T14:21:06","modified_gmt":"2025-05-26T07:21:06","slug":"day-stick-garland-gold-silver","status":"publish","type":"product","link":"https:\/\/chuparty.vn\/?product=day-stick-garland-gold-silver","title":{"rendered":"D\u00c2Y STICK GARLAND &#8211; GOLD &#038; SILVER"},"content":{"rendered":"<p>Quy c\u00e1ch \u0111\u00f3ng g\u00f3i: 1 d\u00e2y\/t\u00fai<br \/>\nCh\u1ea5t li\u1ec7u: gi\u1ea5y m\u00e0u<br \/>\nM\u00e0u s\u1eafc: gold &amp; silver<br \/>\nK\u00edch th\u01b0\u1edbc: 2m<\/p>\n<p><img loading=\"lazy\" decoding=\"async\" class=\"alignnone size-medium wp-image-2156\" src=\"https:\/\/chuparty.vn\/wp-content\/uploads\/2022\/03\/8531871439_57045619-476x420.jpg\" alt=\"\" width=\"476\" height=\"420\" srcset=\"https:\/\/chuparty.vn\/wp-content\/uploads\/2022\/03\/8531871439_57045619-476x420.jpg 476w, https:\/\/chuparty.vn\/wp-content\/uploads\/2022\/03\/8531871439_57045619-573x506.jpg 573w, https:\/\/chuparty.vn\/wp-content\/uploads\/2022\/03\/8531871439_57045619.jpg 750w\" sizes=\"auto, (max-width: 476px) 100vw, 476px\" \/><\/p>\n","protected":false},"excerpt":{"rendered":"<p>Quy c\u00e1ch \u0111\u00f3ng g\u00f3i: 1 d\u00e2y\/t\u00fai Ch\u1ea5t li\u1ec7u: gi\u1ea5y m\u00e0u M\u00e0u s\u1eafc: gold &amp; silver K\u00edch th\u01b0\u1edbc: 2m<\/p>\n","protected":false},"featured_media":2158,"comment_status":"open","ping_status":"closed","template":"","meta":[],"product_cat":[365,337,322,422,109,468,327],"product_tag":[323,123,328,353,139,30],"class_list":{"0":"post-2157","1":"product","2":"type-product","3":"status-publish","4":"has-post-thumbnail","6":"product_cat-graduation","7":"product_cat-grand-opening","8":"product_cat-christmas","9":"product_cat-banner-xmas","10":"product_cat-new-year","11":"product_cat-banner-garland-new-year","12":"product_cat-day-treo-garland","13":"product_tag-christmas","14":"product_tag-congratulation","15":"product_tag-garland","16":"product_tag-graduation","17":"product_tag-grand-opening","18":"product_tag-new-year","20":"first","21":"instock","22":"shipping-taxable","23":"purchasable","24":"product-type-simple"},"_links":{"self":[{"href":"https:\/\/chuparty.vn\/index.php?rest_route=\/wp\/v2\/product\/2157","targetHints":{"allow":["GET"]}}],"collection":[{"href":"https:\/\/chuparty.vn\/index.php?rest_route=\/wp\/v2\/product"}],"about":[{"href":"https:\/\/chuparty.vn\/index.php?rest_route=\/wp\/v2\/types\/product"}],"replies":[{"embeddable":true,"href":"https:\/\/chuparty.vn\/index.php?rest_route=%2Fwp%2Fv2%2Fcomments&post=2157"}],"wp:featuredmedia":[{"embeddable":true,"href":"https:\/\/chuparty.vn\/index.php?rest_route=\/wp\/v2\/media\/2158"}],"wp:attachment":[{"href":"https:\/\/chuparty.vn\/index.php?rest_route=%2Fwp%2Fv2%2Fmedia&parent=2157"}],"wp:term":[{"taxonomy":"product_cat","embeddable":true,"href":"https:\/\/chuparty.vn\/index.php?rest_route=%2Fwp%2Fv2%2Fproduct_cat&post=2157"},{"taxonomy":"product_tag","embeddable":true,"href":"https:\/\/chuparty.vn\/index.php?rest_route=%2Fwp%2Fv2%2Fproduct_tag&post=2157"}],"curies":[{"name":"wp","href":"https:\/\/api.w.org\/{rel}","templated":true}]}}