{"id":2089,"date":"2022-03-12T16:43:51","date_gmt":"2022-03-12T09:43:51","guid":{"rendered":"https:\/\/chuparty.vn\/?post_type=product&#038;p=2089"},"modified":"2025-07-11T11:42:23","modified_gmt":"2025-07-11T04:42:23","slug":"day-garland-sao-rosegold","status":"publish","type":"product","link":"https:\/\/chuparty.vn\/?product=day-garland-sao-rosegold","title":{"rendered":"D\u00c2Y GARLAND SAO ROSEGOLD"},"content":{"rendered":"<p>Quy c\u00e1ch \u0111\u00f3ng g\u00f3i: 1 d\u00e2y\/t\u00fai<br \/>\nCh\u1ea5t li\u1ec7u: gi\u1ea5y m\u00e0u<br \/>\nM\u00e0u s\u1eafc: rosegold<br \/>\nK\u00edch th\u01b0\u1edbc: 3m<\/p>\n","protected":false},"excerpt":{"rendered":"<p>Quy c\u00e1ch \u0111\u00f3ng g\u00f3i: 1 d\u00e2y\/t\u00fai Ch\u1ea5t li\u1ec7u: gi\u1ea5y m\u00e0u M\u00e0u s\u1eafc: rosegold K\u00edch th\u01b0\u1edbc: 3m<\/p>\n","protected":false},"featured_media":2091,"comment_status":"open","ping_status":"closed","template":"","meta":[],"product_cat":[327],"product_tag":[328],"class_list":{"0":"post-2089","1":"product","2":"type-product","3":"status-publish","4":"has-post-thumbnail","6":"product_cat-day-treo-garland","7":"product_tag-garland","9":"first","10":"instock","11":"shipping-taxable","12":"purchasable","13":"product-type-simple"},"_links":{"self":[{"href":"https:\/\/chuparty.vn\/index.php?rest_route=\/wp\/v2\/product\/2089","targetHints":{"allow":["GET"]}}],"collection":[{"href":"https:\/\/chuparty.vn\/index.php?rest_route=\/wp\/v2\/product"}],"about":[{"href":"https:\/\/chuparty.vn\/index.php?rest_route=\/wp\/v2\/types\/product"}],"replies":[{"embeddable":true,"href":"https:\/\/chuparty.vn\/index.php?rest_route=%2Fwp%2Fv2%2Fcomments&post=2089"}],"wp:featuredmedia":[{"embeddable":true,"href":"https:\/\/chuparty.vn\/index.php?rest_route=\/wp\/v2\/media\/2091"}],"wp:attachment":[{"href":"https:\/\/chuparty.vn\/index.php?rest_route=%2Fwp%2Fv2%2Fmedia&parent=2089"}],"wp:term":[{"taxonomy":"product_cat","embeddable":true,"href":"https:\/\/chuparty.vn\/index.php?rest_route=%2Fwp%2Fv2%2Fproduct_cat&post=2089"},{"taxonomy":"product_tag","embeddable":true,"href":"https:\/\/chuparty.vn\/index.php?rest_route=%2Fwp%2Fv2%2Fproduct_tag&post=2089"}],"curies":[{"name":"wp","href":"https:\/\/api.w.org\/{rel}","templated":true}]}}