{"id":2079,"date":"2022-03-12T15:24:50","date_gmt":"2022-03-12T08:24:50","guid":{"rendered":"https:\/\/chuparty.vn\/?post_type=product&#038;p=2079"},"modified":"2024-03-12T10:33:13","modified_gmt":"2024-03-12T03:33:13","slug":"day-garland-bong-tuyet-gold","status":"publish","type":"product","link":"https:\/\/chuparty.vn\/?product=day-garland-bong-tuyet-gold","title":{"rendered":"D\u00c2Y GARLAND B\u00d4NG TUY\u1ebeT GOLD"},"content":{"rendered":"<p>Quy c\u00e1ch \u0111\u00f3ng g\u00f3i: 6 b\u00f4ng tuy\u1ebft\/t\u00fai<br \/>\nCh\u1ea5t li\u1ec7u: gi\u1ea5y m\u00e0u<br \/>\nM\u00e0u s\u1eafc: b\u1ea1c<br \/>\nK\u00edch th\u01b0\u1edbc:<\/p>\n<p><img loading=\"lazy\" decoding=\"async\" class=\"alignnone wp-image-2074\" src=\"https:\/\/chuparty.vn\/wp-content\/uploads\/2022\/03\/z3125542449801_3e15f94f25bdfbfe482f9f35ba158c1a-405x420.jpg\" alt=\"\" width=\"242\" height=\"251\" srcset=\"https:\/\/chuparty.vn\/wp-content\/uploads\/2022\/03\/z3125542449801_3e15f94f25bdfbfe482f9f35ba158c1a-405x420.jpg 405w, https:\/\/chuparty.vn\/wp-content\/uploads\/2022\/03\/z3125542449801_3e15f94f25bdfbfe482f9f35ba158c1a-488x506.jpg 488w, https:\/\/chuparty.vn\/wp-content\/uploads\/2022\/03\/z3125542449801_3e15f94f25bdfbfe482f9f35ba158c1a-768x796.jpg 768w, https:\/\/chuparty.vn\/wp-content\/uploads\/2022\/03\/z3125542449801_3e15f94f25bdfbfe482f9f35ba158c1a.jpg 1242w\" sizes=\"auto, (max-width: 242px) 100vw, 242px\" \/><\/p>\n","protected":false},"excerpt":{"rendered":"<p>Quy c\u00e1ch \u0111\u00f3ng g\u00f3i: 6 b\u00f4ng tuy\u1ebft\/t\u00fai Ch\u1ea5t li\u1ec7u: gi\u1ea5y m\u00e0u M\u00e0u s\u1eafc: b\u1ea1c K\u00edch th\u01b0\u1edbc:<\/p>\n","protected":false},"featured_media":2080,"comment_status":"open","ping_status":"closed","template":"","meta":[],"product_cat":[322,422,109,468,327],"product_tag":[323,328,30],"class_list":{"0":"post-2079","1":"product","2":"type-product","3":"status-publish","4":"has-post-thumbnail","6":"product_cat-christmas","7":"product_cat-banner-xmas","8":"product_cat-new-year","9":"product_cat-banner-garland-new-year","10":"product_cat-day-treo-garland","11":"product_tag-christmas","12":"product_tag-garland","13":"product_tag-new-year","15":"first","16":"instock","17":"shipping-taxable","18":"purchasable","19":"product-type-simple"},"_links":{"self":[{"href":"https:\/\/chuparty.vn\/index.php?rest_route=\/wp\/v2\/product\/2079","targetHints":{"allow":["GET"]}}],"collection":[{"href":"https:\/\/chuparty.vn\/index.php?rest_route=\/wp\/v2\/product"}],"about":[{"href":"https:\/\/chuparty.vn\/index.php?rest_route=\/wp\/v2\/types\/product"}],"replies":[{"embeddable":true,"href":"https:\/\/chuparty.vn\/index.php?rest_route=%2Fwp%2Fv2%2Fcomments&post=2079"}],"wp:featuredmedia":[{"embeddable":true,"href":"https:\/\/chuparty.vn\/index.php?rest_route=\/wp\/v2\/media\/2080"}],"wp:attachment":[{"href":"https:\/\/chuparty.vn\/index.php?rest_route=%2Fwp%2Fv2%2Fmedia&parent=2079"}],"wp:term":[{"taxonomy":"product_cat","embeddable":true,"href":"https:\/\/chuparty.vn\/index.php?rest_route=%2Fwp%2Fv2%2Fproduct_cat&post=2079"},{"taxonomy":"product_tag","embeddable":true,"href":"https:\/\/chuparty.vn\/index.php?rest_route=%2Fwp%2Fv2%2Fproduct_tag&post=2079"}],"curies":[{"name":"wp","href":"https:\/\/api.w.org\/{rel}","templated":true}]}}